{"id":2260,"date":"2019-11-15T14:50:40","date_gmt":"2019-11-15T14:50:40","guid":{"rendered":"https:\/\/www.agranimo.com\/bauernhof\/"},"modified":"2022-05-30T23:42:55","modified_gmt":"2022-05-30T21:42:55","slug":"bauernhof","status":"publish","type":"page","link":"https:\/\/agranimo.com\/de\/bauernhof\/","title":{"rendered":"Landwirtschaft"},"content":{"rendered":"[vc_row full_width=&#8220;stretch_row_content&#8220; content_placement=&#8220;middle&#8220; parallax=&#8220;content-moving&#8220; wpex_bg_overlay=&#8220;color&#8220; css=&#8220;.vc_custom_1580140422078{background-image: url(https:\/\/www.agranimo.com\/wp-content\/uploads\/2019\/06\/farm-page-soil-sensor-irrigation-management.jpg?id=1239) !important;}&#8220; wpex_bg_overlay_color=&#8220;#174d9e&#8220; wpex_bg_overlay_opacity=&#8220;0.4&#8243; min_height=&#8220;300px&#8220;][vc_column]<h1 class=\"vcex-animated-text vcex-module wpex-m-0 wpex-text-xl wpex-text-1 wpex-font-semibold wpex-leading-none vcex-typed-text-wrap wpex-text-center vc_custom_1620715909782\" style=\"color:#ffffff;font-size:30px;font-family:&#039;Source Sans Pro&#039;,sans-serif;text-align:center;\"><span class=\"screen-reader-text\"><span>Landwirtschaft<\/span><\/span><span class=\"vcex-ph wpex-inline-block wpex-invisible\"><\/span><span class=\"vcex-typed-text\" data-settings=\"{&quot;loop&quot;:false,&quot;showCursor&quot;:false,&quot;typeSpeed&quot;:40,&quot;backDelay&quot;:500,&quot;backSpeed&quot;:0,&quot;startDelay&quot;:0}\" data-strings=\"[&quot;Landwirtschaft&quot;]\"><\/span><\/h1><style>.vcex_69e1f75400f80{font-size:22px!important;}@media (max-width:1024px){.vcex_69e1f75400f80{font-size:20px!important;}}@media (max-width:959px){.vcex_69e1f75400f80{font-size:20px!important;}}@media (max-width:767px){.vcex_69e1f75400f80{font-size:20px!important;}}@media (max-width:479px){.vcex_69e1f75400f80{font-size:18px!important;}}<\/style><h1 class=\"vcex-heading vcex-module wpex-text-2xl wpex-font-normal wpex-m-auto wpex-max-w-100 vcex-heading-plain wpex-block wpex-text-center  wpb_animate_when_almost_visible wpb_fadeIn fadeIn vcex_69e1f75400f80\" style=\"color:#ffffff;font-family:&#039;Lato&#039;,sans-serif;\"><span class=\"vcex-heading-inner wpex-inline-block wpex-clr\">Steigern Sie die Ertr\u00e4ge, senken Sie die Kosten und verbessern Sie die Kontrolle \u00fcber Ihren landwirtschaftlichen Betrieb<\/span><\/h1>[\/vc_column][\/vc_row][vc_row css=&#8220;.vc_custom_1560871976448{padding-top: 60px !important;}&#8220;][vc_column]<style>.vcex_69e1f754012da{font-size:20px!important;}@media (max-width:1024px){.vcex_69e1f754012da{font-size:20px!important;}}@media (max-width:959px){.vcex_69e1f754012da{font-size:20px!important;}}@media (max-width:767px){.vcex_69e1f754012da{font-size:18px!important;}}@media (max-width:479px){.vcex_69e1f754012da{font-size:18px!important;}}<\/style><h2 class=\"vcex-heading vcex-module wpex-text-2xl wpex-font-normal wpex-m-auto wpex-max-w-100 vcex-heading-plain wpex-block wpex-text-center aligncenter vcex_69e1f754012da\" style=\"line-height:2;width:75%;\"><span class=\"vcex-heading-inner wpex-inline-block wpex-clr\">Wir sind Mikroklimaexperten. Zusammen mit Ihrem Team helfen Ihnen unsere Agronomen dabei, das beste Management f\u00fcr jeden Sektor auf Ihrem Feld zu definieren.<\/span><\/h2>[\/vc_column][\/vc_row][vc_row][vc_column]<style>.vcex_69e1f75401401{font-size:20px!important;}@media (max-width:1024px){.vcex_69e1f75401401{font-size:20px!important;}}@media (max-width:959px){.vcex_69e1f75401401{font-size:20px!important;}}@media (max-width:767px){.vcex_69e1f75401401{font-size:18px!important;}}@media (max-width:479px){.vcex_69e1f75401401{font-size:18px!important;}}<\/style><h2 class=\"vcex-heading vcex-module wpex-text-2xl wpex-font-normal wpex-m-auto wpex-max-w-100 vcex-heading-plain wpex-block wpex-text-center aligncenter vcex_69e1f75401401\" style=\"line-height:2;width:75%;\"><span class=\"vcex-heading-inner wpex-inline-block wpex-clr\">Die Agranimo-Plattform automatisiert die Klimaanalyse - sie kombiniert Sensoren, Wettervorhersage, Satelliten- und Drohnenbilder mit Algorithmen f\u00fcr maschinelles Lernen, um alle Ver\u00e4nderungen im Boden und im Mikroklima zu erfassen.<\/span><\/h2>[\/vc_column][\/vc_row][vc_row css=&#8220;.vc_custom_1562595925987{padding-top: 30px !important;}&#8220;][vc_column width=&#8220;1\/3&#8243;]<div class=\"wpex-flex wpex-flex-grow wpb_animate_when_almost_visible wpb_left-to-right left-to-right\"><div class=\"vcex-module vcex-icon-box vcex-icon-box-one wpex-relative wpex-flex-grow wpex-flex wpex-text-left\"><div class=\"vcex-icon-box-symbol wpex-flex-shrink-0 wpex-mr-20\"><div class=\"vcex-icon-box-icon wpex-inline-flex wpex-items-center wpex-justify-center wpex-child-inherit-color wpex-text-center wpex-leading-none wpex-text-1\" style=\"color:#6bb708;\"><span class=\"entypo-icon entypo-icon-water\" aria-hidden=\"true\"><\/span><\/div><\/div><div class=\"vcex-icon-box-text wpex-flex-grow\"><h2 class=\"vcex-icon-box-heading wpex-heading wpex-text-md wpex-mb-10\" style=\"font-weight:400;font-size:18px;\">Pr\u00e4zises Bew\u00e4sserungsmanagement<\/h2><div class=\"vcex-icon-box-content wpex-last-mb-0 wpex-clr\" style=\"font-size:16px;\"><p>Eine korrekte Bew\u00e4sserung auf der Grundlage der genauen Feldbedingungen kann zu einer erheblichen Steigerung und Homogenit\u00e4t der Fruchtqualit\u00e4t f\u00fchren. Nach unserer Erfahrung sparen Sie dabei zudem Wasser und Energie.<\/p>\n<\/div><\/div><\/div><\/div>[\/vc_column][vc_column width=&#8220;1\/3&#8243;]<div class=\"wpex-flex wpex-flex-grow wpb_animate_when_almost_visible wpb_left-to-right left-to-right\"><div class=\"vcex-module vcex-icon-box vcex-icon-box-one wpex-relative wpex-flex-grow wpex-flex wpex-text-left\"><div class=\"vcex-icon-box-symbol wpex-flex-shrink-0 wpex-mr-20\"><div class=\"vcex-icon-box-icon wpex-inline-flex wpex-items-center wpex-justify-center wpex-child-inherit-color wpex-text-center wpex-leading-none wpex-text-1\" style=\"color:#6bb708;\"><span class=\"ticon ticon-line-chart\" aria-hidden=\"true\"><\/span><\/div><\/div><div class=\"vcex-icon-box-text wpex-flex-grow\"><h2 class=\"vcex-icon-box-heading wpex-heading wpex-text-md wpex-mb-10\" style=\"font-weight:400;font-size:18px;\">Ertragsprognose<\/h2><div class=\"vcex-icon-box-content wpex-last-mb-0 wpex-clr\" style=\"font-size:16px;\"><p>Planen Sie Ihre Ernte- und Gesch\u00e4ftsbeziehungen besser. Wir verwenden eine Kombination aus modernster agronomischer und statistischer Forschung, um das Ertragsvolumen und die Fruchtqualit\u00e4t in Ihrem Gebiet, anhand der erfassten Daten von den Sensoren vorherzusagen.<\/p>\n<\/div><\/div><\/div><\/div>[\/vc_column][vc_column width=&#8220;1\/3&#8243;]<div class=\"wpex-flex wpex-flex-grow wpb_animate_when_almost_visible wpb_left-to-right left-to-right\"><div class=\"vcex-module vcex-icon-box vcex-icon-box-one wpex-relative wpex-flex-grow wpex-flex wpex-text-left\"><div class=\"vcex-icon-box-symbol wpex-flex-shrink-0 wpex-mr-20\"><div class=\"vcex-icon-box-icon wpex-inline-flex wpex-items-center wpex-justify-center wpex-child-inherit-color wpex-text-center wpex-leading-none wpex-text-1\" style=\"color:#6bb708;\"><span class=\"ticon ticon-bug\" aria-hidden=\"true\"><\/span><\/div><\/div><div class=\"vcex-icon-box-text wpex-flex-grow\"><h2 class=\"vcex-icon-box-heading wpex-heading wpex-text-md wpex-mb-10\" style=\"font-weight:400;font-size:18px;\">Sch\u00e4dlings- und Krankheits\u00fcberwachung<\/h2><div class=\"vcex-icon-box-content wpex-last-mb-0 wpex-clr\" style=\"font-size:16px;\"><p>We automate monitoring of pest and funghi development to offer immediate response strategies. We use local information to provide tracking tailored to your region and variety.<\/p>\n<\/div><\/div><\/div><\/div>[\/vc_column][\/vc_row][vc_row][vc_column width=&#8220;1\/3&#8243;][vc_single_image image=&#8220;1286&#8243; css_animation=&#8220;fadeIn&#8220; img_hover=&#8220;grow&#8220;][\/vc_column][vc_column width=&#8220;1\/3&#8243;][vc_single_image image=&#8220;1292&#8243; css_animation=&#8220;fadeIn&#8220; img_hover=&#8220;grow&#8220;][\/vc_column][vc_column width=&#8220;1\/3&#8243;][vc_single_image image=&#8220;1276&#8243; css_animation=&#8220;fadeIn&#8220; img_hover=&#8220;grow&#8220;][\/vc_column][\/vc_row][vc_row][vc_column width=&#8220;1\/3&#8243;]<div class=\"wpex-flex wpex-flex-grow wpb_animate_when_almost_visible wpb_right-to-left right-to-left\"><div class=\"vcex-module vcex-icon-box vcex-icon-box-one wpex-relative wpex-flex-grow wpex-flex wpex-text-left\"><div class=\"vcex-icon-box-symbol wpex-flex-shrink-0 wpex-mr-20\"><div class=\"vcex-icon-box-icon wpex-inline-flex wpex-items-center wpex-justify-center wpex-child-inherit-color wpex-text-center wpex-leading-none wpex-text-1\" style=\"color:#6bb708;\"><span class=\"ticon ticon-map-marker\" aria-hidden=\"true\"><\/span><\/div><\/div><div class=\"vcex-icon-box-text wpex-flex-grow\"><h2 class=\"vcex-icon-box-heading wpex-heading wpex-text-md wpex-mb-10\" style=\"font-weight:400;font-size:18px;\">Sensorkalibrierungen f\u00fcr jeden Boden oder jedes Substrat<\/h2><div class=\"vcex-icon-box-content wpex-last-mb-0 wpex-clr\" style=\"font-size:16px;\"><p>Unsere Berechnungen passen sich u.a. an den spezifischen Bodentyp, die Sorte, das ph\u00e4nologische Stadium, den Substrattopf oder -beutel, etc. an.<\/p>\n<\/div><\/div><\/div><\/div>[\/vc_column][vc_column width=&#8220;1\/3&#8243;]<div class=\"wpex-flex wpex-flex-grow wpb_animate_when_almost_visible wpb_right-to-left right-to-left\"><div class=\"vcex-module vcex-icon-box vcex-icon-box-one wpex-relative wpex-flex-grow wpex-flex wpex-text-left\"><div class=\"vcex-icon-box-symbol wpex-flex-shrink-0 wpex-mr-20\"><div class=\"vcex-icon-box-icon wpex-inline-flex wpex-items-center wpex-justify-center wpex-child-inherit-color wpex-text-center wpex-leading-none wpex-text-1\" style=\"color:#6bb708;\"><span class=\"ticon ticon-snowflake-o\" aria-hidden=\"true\"><\/span><\/div><\/div><div class=\"vcex-icon-box-text wpex-flex-grow\"><h2 class=\"vcex-icon-box-heading wpex-heading wpex-text-md wpex-mb-10\" style=\"font-weight:400;font-size:18px;\">Frostvorhersage<\/h2><div class=\"vcex-icon-box-content wpex-last-mb-0 wpex-clr\" style=\"font-size:16px;\"><p>Wir sind in der Lage, Frost- \/ Hitzestress an jedem \u00dcberwachungspunkt vorherzusagen und zw\u00f6lf Stunden vor einem Ereignis einen Alarm auszul\u00f6sen. Diese Warnmeldung hilft Ihnen und Ihrem Team, Pr\u00e4ventionsma\u00dfnahmen genau dann vorzubereiten und umzusetzen wenn dies erforderlich ist. Nach einem solchen Ereignis bieten wir eine genaue Sch\u00e4tzung des Gesamtschadens f\u00fcr Ihren Ertrag an.<\/p>\n<\/div><\/div><\/div><\/div>[\/vc_column][vc_column width=&#8220;1\/3&#8243;]<div class=\"wpex-flex wpex-flex-grow wpb_animate_when_almost_visible wpb_right-to-left right-to-left\"><div class=\"vcex-module vcex-icon-box vcex-icon-box-one wpex-relative wpex-flex-grow wpex-flex wpex-text-left\"><div class=\"vcex-icon-box-symbol wpex-flex-shrink-0 wpex-mr-20\"><div class=\"vcex-icon-box-icon wpex-inline-flex wpex-items-center wpex-justify-center wpex-child-inherit-color wpex-text-center wpex-leading-none wpex-text-1\" style=\"color:#6bb708;\"><span class=\"ticon ticon-pie-chart\" aria-hidden=\"true\"><\/span><\/div><\/div><div class=\"vcex-icon-box-text wpex-flex-grow\"><h2 class=\"vcex-icon-box-heading wpex-heading wpex-text-md wpex-mb-10\" style=\"font-weight:400;font-size:18px;\">Reporting und Benchmarking<\/h2><div class=\"vcex-icon-box-content wpex-last-mb-0 wpex-clr\" style=\"font-size:16px;\"><p>Agranimo Effizienzindexe werden erstellt, um die Effizienz verschiedener Branchen schnell zu vergleichen. Auf dieser Grundlage erstellen wir w\u00f6chentliche Berichte f\u00fcr kaufm\u00e4nnische und Au\u00dfendienstmitarbeiter.<\/p>\n<\/div><\/div><\/div><\/div>[\/vc_column][\/vc_row][vc_row][vc_column]<div class=\"vcex-heading vcex-module wpex-text-2xl wpex-font-normal wpex-m-auto wpex-max-w-100 vcex-heading-plain wpex-block wpex-text-center vc_custom_1610699621291\"><span class=\"vcex-heading-inner wpex-inline-block wpex-clr\">Sensoren<\/span><\/div>[vc_cta h2=&#8220;Lassen Sie uns Ihre vorhandenen Sensoren anschlie\u00dfen oder mieten Sie die Agranimo Ausr\u00fcstung&#8220; txt_align=&#8220;center&#8220; style=&#8220;outline&#8220; el_width=&#8220;lg&#8220; add_icon=&#8220;top&#8220; i_icon_fontawesome=&#8220;fas fa-leaf&#8220; i_color=&#8220;custom&#8220; css_animation=&#8220;none&#8220; i_on_border=&#8220;true&#8220; i_custom_color=&#8220;#6bb708&#8243;][\/vc_cta][\/vc_column][\/vc_row][vc_row full_width=&#8220;stretch_row_content&#8220; css=&#8220;.vc_custom_1560948670497{padding-top: 0px !important;}&#8220;][vc_column][vc_tta_tabs shape=&#8220;round&#8220; color=&#8220;peacoc&#8220; alignment=&#8220;center&#8220; active_section=&#8220;1&#8243; css_animation=&#8220;fadeIn&#8220; no_fill_content_area=&#8220;true&#8220; css=&#8220;.vc_custom_1607101797796{padding-bottom: 0px !important;}&#8220;][vc_tta_section title=&#8220;FDR-Bodenbeschaffenheit&#8220; tab_id=&#8220;1560927277456-0138cd7a-e412&#8243;]<div class=\"vcex-module vcex-feature-box wpex-flex wpex-flex-col wpex-md-flex-row-reverse wpex-justify-between wpex-gap-30 left-content-right-image vcex-phone-collapse v-align-middle wpex-md-items-center\" style=\"padding-top:40px;padding-left:80px;text-align:left;\"><div class=\"vcex-feature-box-media wpex-md-w-50\"><div class=\"vcex-feature-box-image wpex-relative wpex-md-text-right\"><img width=\"1106\" height=\"650\" src=\"https:\/\/agranimo.com\/wp-content\/uploads\/2019\/07\/fdr-soil-moisture-sensor-new-1a.png\" class=\"attachment-full size-full\" alt=\"\" decoding=\"async\" loading=\"lazy\" srcset=\"https:\/\/agranimo.com\/wp-content\/uploads\/2019\/07\/fdr-soil-moisture-sensor-new-1a.png 1106w, https:\/\/agranimo.com\/wp-content\/uploads\/2019\/07\/fdr-soil-moisture-sensor-new-1a-300x176.png 300w, https:\/\/agranimo.com\/wp-content\/uploads\/2019\/07\/fdr-soil-moisture-sensor-new-1a-768x451.png 768w, https:\/\/agranimo.com\/wp-content\/uploads\/2019\/07\/fdr-soil-moisture-sensor-new-1a-1024x602.png 1024w\" sizes=\"(max-width: 1106px) 100vw, 1106px\" \/><\/div><\/div><div class=\"vcex-feature-box-content wpex-md-w-50 wpex-clr\"><style>.vcex_69e1f75402b19{font-size:18px!important;}@media (max-width:1024px){.vcex_69e1f75402b19{font-size:18px!important;}}@media (max-width:959px){.vcex_69e1f75402b19{font-size:16px!important;}}@media (max-width:767px){.vcex_69e1f75402b19{font-size:16px!important;}}@media (max-width:479px){.vcex_69e1f75402b19{font-size:16px!important;}}<\/style><h2 class=\"vcex-feature-box-heading wpex-heading wpex-text-lg wpex-mb-20 vcex_69e1f75402b19\">Extrem preiswerte FDR-Bodenfeuchtesonde<\/h2><style>.vcex_69e1f75402b45{font-size:16px!important;}@media (max-width:1024px){.vcex_69e1f75402b45{font-size:16px!important;}}@media (max-width:959px){.vcex_69e1f75402b45{font-size:14px!important;}}@media (max-width:767px){.vcex_69e1f75402b45{font-size:12px!important;}}@media (max-width:479px){.vcex_69e1f75402b45{font-size:12px!important;}}<\/style><div class=\"vcex-feature-box-text wpex-last-mb-0 wpex-clr vcex_69e1f75402b45\"><ul>\n<li>Ein oder vier Tiefenstufen f\u00fcr die dynamische Feuchtigkeitsanalyse<\/li>\n<li>Informationen werden alle 15 Minuten gesendet<\/li>\n<li>Patentierte Technologie f\u00fcr h\u00f6here Haltbarkeit und Genauigkeit<\/li>\n<\/ul>\n<\/div><\/div><\/div>[\/vc_tta_section][vc_tta_section title=&#8220;Elektrische Leitf\u00e4higkeit&#8220; tab_id=&#8220;1560927277457-7b86ffc5-f735&#8243;][vc_single_image image=&#8220;1510&#8243; img_size=&#8220;medium&#8220; alignment=&#8220;center&#8220;][\/vc_tta_section][vc_tta_section title=&#8220;Temperatur und Luftfeuchtigkeit + Sonnenstrahlung&#8220; tab_id=&#8220;1560927763383-aa90d257-fdbb&#8220;][vc_single_image image=&#8220;1659&#8243; img_size=&#8220;medium&#8220; alignment=&#8220;center&#8220;][\/vc_tta_section][vc_tta_section title=&#8220;Blattn\u00e4sse&#8220; tab_id=&#8220;1560927798319-1124e0ae-b3d0&#8243;][vc_single_image image=&#8220;1514&#8243; img_size=&#8220;medium&#8220; alignment=&#8220;center&#8220;][\/vc_tta_section][vc_tta_section title=&#8220;Pluviometer&#8220; tab_id=&#8220;1560927802403-c387e15f-86fc&#8220;][vc_row_inner][vc_column_inner width=&#8220;1\/2&#8243;][vc_single_image image=&#8220;1747&#8243; img_size=&#8220;medium&#8220; alignment=&#8220;right&#8220;][\/vc_column_inner][vc_column_inner width=&#8220;1\/2&#8243;][vc_single_image image=&#8220;1394&#8243; img_size=&#8220;medium&#8220; alignment=&#8220;left&#8220;][\/vc_column_inner][\/vc_row_inner][\/vc_tta_section][vc_tta_section title=&#8220;Blattn\u00e4sse&#8220; tab_id=&#8220;1560927804837-508addd0-bc10&#8243;][vc_row_inner][vc_column_inner width=&#8220;1\/2&#8243;][vc_single_image image=&#8220;1747&#8243; img_size=&#8220;medium&#8220; alignment=&#8220;right&#8220;][\/vc_column_inner][vc_column_inner width=&#8220;1\/2&#8243;][vc_single_image image=&#8220;1397&#8243;][\/vc_column_inner][\/vc_row_inner][\/vc_tta_section][\/vc_tta_tabs][\/vc_column][\/vc_row][vc_row content_placement=&#8220;middle&#8220; equal_height=&#8220;yes&#8220; local_scroll_id=&#8220;Varieties&#8220;][vc_column]<div class=\"vcex-heading vcex-module wpex-text-2xl wpex-font-normal wpex-m-auto wpex-max-w-100 vcex-heading-plain wpex-block wpex-text-center vc_custom_1610699663571\"><span class=\"vcex-heading-inner wpex-inline-block wpex-clr\">Wir arbeiten mit verschiedenen Anbausorten<\/span><\/div>[vc_tta_tabs color=&#8220;white&#8220; spacing=&#8220;2&#8243; alignment=&#8220;center&#8220; active_section=&#8220;1&#8243; no_fill_content_area=&#8220;true&#8220;][vc_tta_section title=&#8220;Kirschen&#8220; tab_id=&#8220;1584444634570-b7cda339-b40e&#8220;][vc_single_image image=&#8220;3053&#8243; alignment=&#8220;center&#8220;][\/vc_tta_section][vc_tta_section title=&#8220;Oliven&#8220; tab_id=&#8220;1584444634570-bb8c9f9a-4659&#8243;][vc_single_image image=&#8220;3057&#8243; alignment=&#8220;center&#8220;][\/vc_tta_section][vc_tta_section title=&#8220;\u00c4pfel&#8220; tab_id=&#8220;1584450181240-5e3cc838-2a59&#8243;][vc_single_image image=&#8220;3061&#8243; alignment=&#8220;center&#8220; style=&#8220;vc_box_shadow_3d&#8220; onclick=&#8220;img_link_large&#8220;][\/vc_tta_section][vc_tta_section title=&#8220;Heidelbeeren&#8220; tab_id=&#8220;1584450653924-eddd8565-bb00&#8243;][vc_single_image image=&#8220;3065&#8243; alignment=&#8220;center&#8220; style=&#8220;vc_box_shadow_3d&#8220;][\/vc_tta_section][vc_tta_section title=&#8220;Avocado&#8220; tab_id=&#8220;1584520631529-cc00fb29-072f&#8220;][vc_single_image image=&#8220;3132&#8243; alignment=&#8220;center&#8220;][\/vc_tta_section][vc_tta_section title=&#8220;Haseln\u00fcsse&#8220; tab_id=&#8220;1584523523588-49090fd0-d98c&#8220;][vc_single_image image=&#8220;3069&#8243; alignment=&#8220;center&#8220; style=&#8220;vc_box_shadow_3d&#8220;][\/vc_tta_section][vc_tta_section title=&#8220;Waln\u00fcsse&#8220; tab_id=&#8220;1584525460459-9a1ff184-bc03&#8243;][vc_single_image image=&#8220;3073&#8243; alignment=&#8220;center&#8220; style=&#8220;vc_box_shadow_3d&#8220;][\/vc_tta_section][vc_tta_section title=&#8220;Weizen&#8220; tab_id=&#8220;1591265398204-3cfe1913-3377&#8243;][vc_single_image image=&#8220;3101&#8243; alignment=&#8220;center&#8220; style=&#8220;vc_box_shadow_3d&#8220;][\/vc_tta_section][vc_tta_section title=&#8220;Pfefferminz&#8220; tab_id=&#8220;1591265418298-efd0d083-2502&#8243;][vc_single_image image=&#8220;3105&#8243; alignment=&#8220;center&#8220; style=&#8220;vc_box_shadow_3d&#8220;][\/vc_tta_section][vc_tta_section title=&#8220;Kartoffel&#8220; tab_id=&#8220;1591265794354-b7ce337e-dcb5&#8243;][vc_single_image image=&#8220;3113&#8243; alignment=&#8220;center&#8220; style=&#8220;vc_box_shadow_3d&#8220;][\/vc_tta_section][vc_tta_section title=&#8220;Erdbeere&#8220; tab_id=&#8220;1591265788631-eef7ee18-6e08&#8243;][vc_single_image image=&#8220;3109&#8243; alignment=&#8220;center&#8220; style=&#8220;vc_box_shadow_3d&#8220;][\/vc_tta_section][vc_tta_section title=&#8220;Rote Ribisel&#8220; tab_id=&#8220;1591266871826-61d9a8e7-ab03&#8243;][vc_single_image image=&#8220;3117&#8243; alignment=&#8220;center&#8220; style=&#8220;vc_box_shadow_3d&#8220;][\/vc_tta_section][\/vc_tta_tabs][\/vc_column][vc_column][\/vc_column][\/vc_row][vc_row full_width=&#8220;stretch_row&#8220; parallax=&#8220;content-moving&#8220; wpex_bg_overlay=&#8220;color&#8220; css=&#8220;.vc_custom_1561465903731{padding-top: 30px !important;background-image: url(https:\/\/www.agranimo.com\/wp-content\/uploads\/2019\/06\/blueberry-picture-agranimo-sensor.jpg?id=1410) !important;}&#8220; wpex_bg_overlay_color=&#8220;#174d9e&#8220; wpex_bg_overlay_opacity=&#8220;0.4&#8243;][vc_column][vc_column_text color=&#8220;#ffffff&#8220; font_size=&#8220;16&#8243; css=&#8220;.vc_custom_1561465789103{padding-bottom: 20px !important;}&#8220; text_align=&#8220;center&#8220;]Laden Sie den Katalog mit detaillierten Informationen zu Agranimo-Produkten und -Dienstleistungen herunter.[\/vc_column_text]<div class=\"theme-button-wrap textcenter wpex-clr\"><a href=\"#\" class=\"vcex-button theme-button large align-center inline popmake-4382 local-scroll-link\" style=\"background:#6bb708;\" rel=\"nofollow\"><span class=\"theme-button-inner\">Herunterladen<\/span><\/a><\/div> [\/vc_column][\/vc_row][vc_row][vc_column]<div class=\"vcex-module wpex-flex wpex-items-center wpex-flex-wrap wpex-social-btns vcex-social-btns wpex-gap-5 wpex-justify-center  wpb_animate_when_almost_visible wpb_fadeIn fadeIn wpex-last-mr-0\" style=\"font-size:20px;\"><a  href=\"https:\/\/twitter.com\/Agranimo\" class=\"wpex-social-btn wpex-social-btn-no-style hvr hvr-grow-shadow vc_custom_1621611367605 wpex-twitter\" target=\"_blank\" title=\"Twitter\" rel=\"noopener noreferrer\"><span class=\"ticon ticon-twitter\" aria-hidden=\"true\"><\/span><span class=\"screen-reader-text\">Twitter<\/span><\/a><a  href=\"https:\/\/www.facebook.com\/agranimo\/\" class=\"wpex-social-btn wpex-social-btn-no-style hvr hvr-grow-shadow vc_custom_1621611367605 wpex-facebook\" target=\"_blank\" title=\"Facebook\" rel=\"noopener noreferrer\"><span class=\"ticon ticon-facebook\" aria-hidden=\"true\"><\/span><span class=\"screen-reader-text\">Facebook<\/span><\/a><a  href=\"https:\/\/www.instagram.com\/agranimo\/\" class=\"wpex-social-btn wpex-social-btn-no-style hvr hvr-grow-shadow vc_custom_1621611367605 wpex-instagram\" target=\"_blank\" title=\"Instagram\" rel=\"noopener noreferrer\"><span class=\"ticon ticon-instagram\" aria-hidden=\"true\"><\/span><span class=\"screen-reader-text\">Instagram<\/span><\/a><a  href=\"https:\/\/www.linkedin.com\/company\/agranimo\" class=\"wpex-social-btn wpex-social-btn-no-style hvr hvr-grow-shadow vc_custom_1621611367605 wpex-linkedin\" target=\"_blank\" title=\"LinkedIn\" rel=\"noopener noreferrer\"><span class=\"ticon ticon-linkedin\" aria-hidden=\"true\"><\/span><span class=\"screen-reader-text\">LinkedIn<\/span><\/a><\/div>[\/vc_column][\/vc_row][vc_row][vc_column][\/vc_column][\/vc_row][vc_row][vc_column][\/vc_column][\/vc_row]\n","protected":false},"excerpt":{"rendered":"<p>[vc_row full_width=&#8220;stretch_row_content&#8220; content_placement=&#8220;middle&#8220; parallax=&#8220;content-moving&#8220; wpex_bg_overlay=&#8220;color&#8220; css=&#8220;.vc_custom_1580140422078{background-image: url(https:\/\/www.agranimo.com\/wp-content\/uploads\/2019\/06\/farm-page-soil-sensor-irrigation-management.jpg?id=1239) !important;}&#8220; wpex_bg_overlay_color=&#8220;#174d9e&#8220; wpex_bg_overlay_opacity=&#8220;0.4&#8243; min_height=&#8220;300px&#8220;][vc_column][\/vc_column][\/vc_row][vc_row css=&#8220;.vc_custom_1560871976448{padding-top: 60px !important;}&#8220;][vc_column][\/vc_column][\/vc_row][vc_row][vc_column][\/vc_column][\/vc_row][vc_row css=&#8220;.vc_custom_1562595925987{padding-top: 30px !important;}&#8220;][vc_column width=&#8220;1\/3&#8243;][\/vc_column][vc_column width=&#8220;1\/3&#8243;][\/vc_column][vc_column width=&#8220;1\/3&#8243;][\/vc_column][\/vc_row][vc_row][vc_column width=&#8220;1\/3&#8243;][vc_single_image image=&#8220;1286&#8243; css_animation=&#8220;fadeIn&#8220; img_hover=&#8220;grow&#8220;][\/vc_column][vc_column width=&#8220;1\/3&#8243;][vc_single_image image=&#8220;1292&#8243; css_animation=&#8220;fadeIn&#8220; img_hover=&#8220;grow&#8220;][\/vc_column][vc_column width=&#8220;1\/3&#8243;][vc_single_image image=&#8220;1276&#8243; css_animation=&#8220;fadeIn&#8220; img_hover=&#8220;grow&#8220;][\/vc_column][\/vc_row][vc_row][vc_column width=&#8220;1\/3&#8243;][\/vc_column][vc_column width=&#8220;1\/3&#8243;][\/vc_column][vc_column width=&#8220;1\/3&#8243;][\/vc_column][\/vc_row][vc_row][vc_column][vc_cta h2=&#8220;Lassen Sie uns Ihre vorhandenen Sensoren anschlie\u00dfen oder mieten Sie die Agranimo Ausr\u00fcstung&#8220; txt_align=&#8220;center&#8220; style=&#8220;outline&#8220; el_width=&#8220;lg&#8220; add_icon=&#8220;top&#8220; i_icon_fontawesome=&#8220;fas fa-leaf&#8220; i_color=&#8220;custom&#8220;&hellip;<\/p>\n","protected":false},"author":2,"featured_media":0,"parent":0,"menu_order":0,"comment_status":"closed","ping_status":"closed","template":"","meta":{"content-type":""},"_links":{"self":[{"href":"https:\/\/agranimo.com\/de\/wp-json\/wp\/v2\/pages\/2260\/"}],"collection":[{"href":"https:\/\/agranimo.com\/de\/wp-json\/wp\/v2\/pages\/"}],"about":[{"href":"https:\/\/agranimo.com\/de\/wp-json\/wp\/v2\/types\/page\/"}],"author":[{"embeddable":true,"href":"https:\/\/agranimo.com\/de\/wp-json\/wp\/v2\/users\/2\/"}],"replies":[{"embeddable":true,"href":"https:\/\/agranimo.com\/de\/wp-json\/wp\/v2\/comments\/?post=2260"}],"version-history":[{"count":54,"href":"https:\/\/agranimo.com\/de\/wp-json\/wp\/v2\/pages\/2260\/revisions\/"}],"predecessor-version":[{"id":5152,"href":"https:\/\/agranimo.com\/de\/wp-json\/wp\/v2\/pages\/2260\/revisions\/5152\/"}],"wp:attachment":[{"href":"https:\/\/agranimo.com\/de\/wp-json\/wp\/v2\/media\/?parent=2260"}],"curies":[{"name":"wp","href":"https:\/\/api.w.org\/{rel}","templated":true}]}}