{"id":2342,"date":"2019-11-15T16:15:01","date_gmt":"2019-11-15T16:15:01","guid":{"rendered":"https:\/\/www.agranimo.com\/uber-uns\/"},"modified":"2021-06-29T12:44:40","modified_gmt":"2021-06-29T12:44:40","slug":"uber-uns","status":"publish","type":"page","link":"https:\/\/agranimo.com\/de\/uber-uns\/","title":{"rendered":"\u00dcber uns"},"content":{"rendered":"[vc_row full_width=&#8220;stretch_row_content&#8220; content_placement=&#8220;middle&#8220; column_spacing=&#8220;0px&#8220; parallax=&#8220;content-moving&#8220; parallax_speed_bg=&#8220;2.5&#8243; wpex_bg_overlay=&#8220;color&#8220; css=&#8220;.vc_custom_1607004442711{background-image: url(https:\/\/www.agranimo.com\/wp-content\/uploads\/2019\/06\/avocado-about-agranimo-page.jpg?id=1430) !important;}&#8220; min_height=&#8220;300px&#8220; wpex_bg_overlay_opacity=&#8220;0.5&#8243; wpex_bg_overlay_color=&#8220;#006d64&#8243;][vc_column]<h1 class=\"vcex-animated-text vcex-module wpex-m-0 wpex-text-xl wpex-text-1 wpex-font-semibold wpex-leading-none vcex-typed-text-wrap wpex-text-center\" style=\"color:#ffffff;font-size:30px;font-family:&#039;Lato&#039;,sans-serif;text-align:center;\"><span class=\"vcex-typed-text-css wpex-inline-block wpex-max-w-100 vc_custom_1561026229093\"><span class=\"screen-reader-text\"><span>\u00dcber uns<\/span><\/span><span class=\"vcex-ph wpex-inline-block wpex-invisible\"><\/span><span class=\"vcex-typed-text\" data-settings=\"{&quot;loop&quot;:false,&quot;showCursor&quot;:false,&quot;typeSpeed&quot;:40,&quot;backDelay&quot;:500,&quot;backSpeed&quot;:0,&quot;startDelay&quot;:0}\" data-strings=\"[&quot;\\u00dcber uns&quot;]\"><\/span><\/span><\/h1><h1 class=\"vcex-heading vcex-module wpex-text-2xl wpex-font-normal wpex-m-auto wpex-max-w-100 vcex-heading-plain wpex-block wpex-text-center  wpb_animate_when_almost_visible wpb_fadeIn fadeIn\" style=\"color:#ffffff;font-family:&#039;Lato&#039;,sans-serif;\"><span class=\"vcex-heading-inner wpex-inline-block wpex-clr\">Wir bringen Mikroklima-Wissen und Automatisierung in die Lieferkette f\u00fcr frische Produkte.<\/span><\/h1>[\/vc_column][\/vc_row][vc_row full_width=&#8220;stretch_row&#8220; column_spacing=&#8220;60&#8243; css=&#8220;.vc_custom_1561031228293{padding-top: 60px !important;background-color: #ffffff !important;}&#8220;][vc_column][vc_column_text css_animation=&#8220;bottom-to-top&#8220; width=&#8220;80%&#8220; align=&#8220;center&#8220; line_height=&#8220;4&#8243; text_align=&#8220;center&#8220; font_size=&#8220;d:14|tl:12|tp:12|pl:12|pp:12&#8243;]\n<h2>Unser Hauptziel ist es, eine langfristige Nachhaltigkeit des Lebensmittelkonsums zu erreichen. Um dies zu erreichen, m\u00fcssen wir uns auf die Schl\u00fcsselbereiche konzentrieren: Reduzierung der f\u00fcr die Produktion erforderlichen Inputs, Reduzierung der Produktionsunsicherheit, Verbesserung der Logistikeffizienz und Reduzierung der Lebensmittelverschwendung und damit Gew\u00e4hrleistung der langfristigen Rentabilit\u00e4t aller Marktteilnehmer.<\/h2>\n<h2>Mikroklima und Wassermanagement sind die Schl\u00fcsselfaktoren f\u00fcr den landwirtschaftlichen Ertrag. Trotz der offensichtlichen Vorteile sind die aktuellen Tools zu komplex und zu teuer in der Implementierung. Agranimo \u00e4ndert das.<\/h2>\n[\/vc_column_text][\/vc_column][\/vc_row][vc_row remove_bottom_col_margin=&#8220;true&#8220; css=&#8220;.vc_custom_1562147650456{padding-bottom: 0px !important;}&#8220;][vc_column css=&#8220;.vc_custom_1562147428620{padding-bottom: 0px !important;}&#8220;][vc_zigzag el_width=&#8220;20&#8243; css=&#8220;.vc_custom_1562147631857{padding-bottom: 0px !important;}&#8220;][\/vc_column][\/vc_row][vc_row full_width=&#8220;stretch_row&#8220; column_spacing=&#8220;60&#8243; css=&#8220;.vc_custom_1562147287961{background-color: #ffffff !important;}&#8220;][vc_column][vc_column_text css_animation=&#8220;bottom-to-top&#8220; width=&#8220;80%&#8220; align=&#8220;center&#8220; line_height=&#8220;3&#8243; text_align=&#8220;center&#8220; font_size=&#8220;d:14|tl:12|tp:12|pl:12|pp:12&#8243; css=&#8220;.vc_custom_1562754718232{padding-top: 0px !important;}&#8220;]\n<h2>Agranimo ist ein Wissensunternehmen. Durch jahrelange Forschung und Erfahrung in der Betriebsf\u00fchrung k\u00f6nnen wir allen Teilnehmern der Frischwarenlieferkette die beste und wirtschaftlichste \u00dcberwachung und Mikroklimaanalyse bieten.<\/h2>\n<h2>Wir arbeiten sehr eng mit unseren Kunden zusammen und bem\u00fchen uns durch Innovationen in den Bereichen Agrarwissenschaften und Datentechnologien hervorragende Beratung und Dienstleistungen bereitzustellen.<\/h2>\n[\/vc_column_text][\/vc_column][\/vc_row][vc_row full_width=&#8220;stretch_row&#8220; column_spacing=&#8220;0px&#8220; parallax=&#8220;content-moving&#8220; parallax_speed_bg=&#8220;2.5&#8243;][vc_column]<div class=\"vc_custom_1607004698011 wpb_animate_when_almost_visible wpb_fadeInUp fadeInUp wpex-clr\"><div class=\"theme-button-wrap textcenter wpex-clr\"><a href=\"#\" class=\"vcex-button theme-button large align-center inline contactus hvr hvr-glow\" style=\"background:#a7a1c5;font-family:&#039;Lato&#039;,sans-serif;\" data-wpex-hover='{&quot;background&quot;:&quot;#605980&quot;}'><span class=\"theme-button-inner\">Kontaktiere uns<\/span><\/a><\/div><\/div> [\/vc_column][\/vc_row][vc_row css=&#8220;.vc_custom_1568306301544{padding-top: 60px !important;}&#8220;][vc_column]<div class=\"vcex-heading vcex-module wpex-text-2xl wpex-font-normal wpex-m-auto wpex-max-w-100 vcex-heading-plain wpex-block wpex-text-center\"><span class=\"vcex-heading-inner wpex-inline-block wpex-clr\">Neuigkeiten<\/span><\/div>[\/vc_column][\/vc_row][vc_row][vc_column]<div class=\"vcex-module vcex-recent-news-wrap wpex-clr\"><div class=\"vcex-recent-news wpex-clr wpex-row\"><div class=\"vcex-recent-news-entry-wrap vcex-grid-item col span_1_of_3 col-1\"><article class=\"vcex-recent-news-entry wpex-flex post-5829 post type-post status-publish format-standard has-post-thumbnail hentry category-jobs entry has-media\"><div class=\"vcex-recent-news-date wpex-mr-20 wpex-flex-shrink-0 wpex-text-center\" ><span class=\"day wpex-block wpex-p-5 wpex-surface-2 wpex-text-2 wpex-border wpex-border-b-0 wpex-border-solid wpex-border-surface-3 wpex-font-light wpex-leading-relaxed\">01<\/span><span class=\"month wpex-block wpex-p-5 wpex-bg-accent wpex-uppercase wpex-leading-none\" style=\"background-color:#353053;\">Aug. 22<\/span><\/div><div class=\"vcex-news-entry-details wpex-flex-grow entry-details wpex-first-mt-0 wpex-last-mb-0 wpex-clr\"><div class=\"vcex-news-entry-thumbnail entry-media wpex-mb-20\"><a href=\"https:\/\/agranimo.com\/de\/gerente-de-ventas-chile\/\" title=\"Gerente de Ventas &#8211; Chile\"><img width=\"500\" height=\"300\" src=\"https:\/\/agranimo.com\/wp-content\/uploads\/2022\/08\/Gerente-de-Ventas-Chile.png\" class=\"wpex-align-middle\" alt=\"\" decoding=\"async\" loading=\"lazy\" srcset=\"https:\/\/agranimo.com\/wp-content\/uploads\/2022\/08\/Gerente-de-Ventas-Chile.png 500w, https:\/\/agranimo.com\/wp-content\/uploads\/2022\/08\/Gerente-de-Ventas-Chile-300x180.png 300w\" sizes=\"(max-width: 500px) 100vw, 500px\" \/><\/a><\/div><header class=\"vcex-recent-news-entry-title\"><h2 class=\"vcex-recent-news-entry-title-heading entry-title wpex-mb-5\"\"><a href=\"https:\/\/agranimo.com\/de\/gerente-de-ventas-chile\/\">Gerente de Ventas &#8211; Chile<\/a><\/h2><\/header><div class=\"vcex-recent-news-entry-excerpt entry-excerpt wpex-my-15 wpex-last-mb-0 wpex-clr\"><p>Agranimo se enfoca en optimizaci\u00f3n de la industria agr\u00edcola (mayor foco en frutas y verduras) en cuanto el uso de recursos como el agua y&hellip;<\/p><\/div><div class=\"vcex-recent-news-entry-readmore-wrap entry-readmore-wrap clr\"><a href=\"https:\/\/agranimo.com\/de\/gerente-de-ventas-chile\/\" class=\"theme-button\" style=\"background:#006d64;\">Mehr Lesen<\/a><\/div><\/div><\/article><\/div><div class=\"vcex-recent-news-entry-wrap vcex-grid-item col span_1_of_3 col-2\"><article class=\"vcex-recent-news-entry wpex-flex post-5467 post type-post status-publish format-standard has-post-thumbnail hentry category-jobs entry has-media\"><div class=\"vcex-recent-news-date wpex-mr-20 wpex-flex-shrink-0 wpex-text-center\" ><span class=\"day wpex-block wpex-p-5 wpex-surface-2 wpex-text-2 wpex-border wpex-border-b-0 wpex-border-solid wpex-border-surface-3 wpex-font-light wpex-leading-relaxed\">19<\/span><span class=\"month wpex-block wpex-p-5 wpex-bg-accent wpex-uppercase wpex-leading-none\" style=\"background-color:#353053;\">Juli 22<\/span><\/div><div class=\"vcex-news-entry-details wpex-flex-grow entry-details wpex-first-mt-0 wpex-last-mb-0 wpex-clr\"><div class=\"vcex-news-entry-thumbnail entry-media wpex-mb-20\"><a href=\"https:\/\/agranimo.com\/de\/sales-lead\/\" title=\"Global Sales Lead\"><img width=\"500\" height=\"300\" src=\"https:\/\/agranimo.com\/wp-content\/uploads\/2022\/07\/Global-sales-lead.png\" class=\"wpex-align-middle\" alt=\"\" decoding=\"async\" loading=\"lazy\" srcset=\"https:\/\/agranimo.com\/wp-content\/uploads\/2022\/07\/Global-sales-lead.png 500w, https:\/\/agranimo.com\/wp-content\/uploads\/2022\/07\/Global-sales-lead-300x180.png 300w\" sizes=\"(max-width: 500px) 100vw, 500px\" \/><\/a><\/div><header class=\"vcex-recent-news-entry-title\"><h2 class=\"vcex-recent-news-entry-title-heading entry-title wpex-mb-5\"\"><a href=\"https:\/\/agranimo.com\/de\/sales-lead\/\">Global Sales Lead<\/a><\/h2><\/header><div class=\"vcex-recent-news-entry-excerpt entry-excerpt wpex-my-15 wpex-last-mb-0 wpex-clr\"><p>Agranimo is actively helping fresh produce (fruit and vegetable) industry to optimize the use of resources like water and fertilizer in production, achieve better yields,&hellip;<\/p><\/div><div class=\"vcex-recent-news-entry-readmore-wrap entry-readmore-wrap clr\"><a href=\"https:\/\/agranimo.com\/de\/sales-lead\/\" class=\"theme-button\" style=\"background:#006d64;\">Mehr Lesen<\/a><\/div><\/div><\/article><\/div><div class=\"vcex-recent-news-entry-wrap vcex-grid-item col span_1_of_3 col-3\"><article class=\"vcex-recent-news-entry wpex-flex post-4412 post type-post status-publish format-standard has-post-thumbnail hentry category-events entry has-media\"><div class=\"vcex-recent-news-date wpex-mr-20 wpex-flex-shrink-0 wpex-text-center\" ><span class=\"day wpex-block wpex-p-5 wpex-surface-2 wpex-text-2 wpex-border wpex-border-b-0 wpex-border-solid wpex-border-surface-3 wpex-font-light wpex-leading-relaxed\">30<\/span><span class=\"month wpex-block wpex-p-5 wpex-bg-accent wpex-uppercase wpex-leading-none\" style=\"background-color:#353053;\">Juni 21<\/span><\/div><div class=\"vcex-news-entry-details wpex-flex-grow entry-details wpex-first-mt-0 wpex-last-mb-0 wpex-clr\"><div class=\"vcex-news-entry-thumbnail entry-media wpex-mb-20\"><a href=\"https:\/\/agranimo.com\/de\/agranimo-receives-funding-from-nector-holdings-to-accelerate-growth-in-the-fresh-produce-industry-and-improve-its-technology-platform\/\" title=\"Agranimo receives funding from Nector Holdings to accelerate growth in the fresh produce industry and improve its technology platform\"><img width=\"500\" height=\"300\" src=\"https:\/\/agranimo.com\/wp-content\/uploads\/2021\/06\/Investment-Halls.jpg\" class=\"wpex-align-middle\" alt=\"\" decoding=\"async\" loading=\"lazy\" srcset=\"https:\/\/agranimo.com\/wp-content\/uploads\/2021\/06\/Investment-Halls.jpg 500w, https:\/\/agranimo.com\/wp-content\/uploads\/2021\/06\/Investment-Halls-300x180.jpg 300w\" sizes=\"(max-width: 500px) 100vw, 500px\" \/><\/a><\/div><header class=\"vcex-recent-news-entry-title\"><h2 class=\"vcex-recent-news-entry-title-heading entry-title wpex-mb-5\"\"><a href=\"https:\/\/agranimo.com\/de\/agranimo-receives-funding-from-nector-holdings-to-accelerate-growth-in-the-fresh-produce-industry-and-improve-its-technology-platform\/\">Agranimo receives funding from Nector Holdings to accelerate growth in the fresh produce industry and improve its technology platform<\/a><\/h2><\/header><div class=\"vcex-recent-news-entry-excerpt entry-excerpt wpex-my-15 wpex-last-mb-0 wpex-clr\"><p>&nbsp; Today we officially announce the investment of \u20ac2 million from Nector Holdings, the Agtech arm of HL Hall &amp; Sons that will allow further&hellip;<\/p><\/div><div class=\"vcex-recent-news-entry-readmore-wrap entry-readmore-wrap clr\"><a href=\"https:\/\/agranimo.com\/de\/agranimo-receives-funding-from-nector-holdings-to-accelerate-growth-in-the-fresh-produce-industry-and-improve-its-technology-platform\/\" class=\"theme-button\" style=\"background:#006d64;\">Mehr Lesen<\/a><\/div><\/div><\/article><\/div><div class=\"vcex-recent-news-entry-wrap vcex-grid-item col span_1_of_3 col-1\"><article class=\"vcex-recent-news-entry wpex-flex post-4023 post type-post status-publish format-standard has-post-thumbnail hentry category-jobs entry has-media\"><div class=\"vcex-recent-news-date wpex-mr-20 wpex-flex-shrink-0 wpex-text-center\" ><span class=\"day wpex-block wpex-p-5 wpex-surface-2 wpex-text-2 wpex-border wpex-border-b-0 wpex-border-solid wpex-border-surface-3 wpex-font-light wpex-leading-relaxed\">16<\/span><span class=\"month wpex-block wpex-p-5 wpex-bg-accent wpex-uppercase wpex-leading-none\" style=\"background-color:#353053;\">Feb. 21<\/span><\/div><div class=\"vcex-news-entry-details wpex-flex-grow entry-details wpex-first-mt-0 wpex-last-mb-0 wpex-clr\"><div class=\"vcex-news-entry-thumbnail entry-media wpex-mb-20\"><a href=\"https:\/\/agranimo.com\/de\/agrarwissenschaftler-digital-farm-manager-deutschland\/\" title=\"Agronomie: Vertrieb und Kundenbetreuung (Deutschland)\"><img width=\"500\" height=\"300\" src=\"https:\/\/agranimo.com\/wp-content\/uploads\/2021\/02\/Agrocomy-sales-and-cust-support-Ger-ger.png\" class=\"wpex-align-middle\" alt=\"\" decoding=\"async\" loading=\"lazy\" srcset=\"https:\/\/agranimo.com\/wp-content\/uploads\/2021\/02\/Agrocomy-sales-and-cust-support-Ger-ger.png 500w, https:\/\/agranimo.com\/wp-content\/uploads\/2021\/02\/Agrocomy-sales-and-cust-support-Ger-ger-300x180.png 300w\" sizes=\"(max-width: 500px) 100vw, 500px\" \/><\/a><\/div><header class=\"vcex-recent-news-entry-title\"><h2 class=\"vcex-recent-news-entry-title-heading entry-title wpex-mb-5\"\"><a href=\"https:\/\/agranimo.com\/de\/agrarwissenschaftler-digital-farm-manager-deutschland\/\">Agronomie: Vertrieb und Kundenbetreuung (Deutschland)<\/a><\/h2><\/header><div class=\"vcex-recent-news-entry-excerpt entry-excerpt wpex-my-15 wpex-last-mb-0 wpex-clr\"><p>\u00dcber uns Agranimo nutzt Klima-, Bodenanalyse sowie Agrar- und Pflanzenwissenschaften, um die Obst- und Gem\u00fcseindustrie bei der Klimaanpassung und intelligenten Landnutzung zu unterst\u00fctzen. Mit Daten&hellip;<\/p><\/div><div class=\"vcex-recent-news-entry-readmore-wrap entry-readmore-wrap clr\"><a href=\"https:\/\/agranimo.com\/de\/agrarwissenschaftler-digital-farm-manager-deutschland\/\" class=\"theme-button\" style=\"background:#006d64;\">Mehr Lesen<\/a><\/div><\/div><\/article><\/div><div class=\"vcex-recent-news-entry-wrap vcex-grid-item col span_1_of_3 col-2\"><article class=\"vcex-recent-news-entry wpex-flex post-3593 post type-post status-publish format-standard has-post-thumbnail hentry category-events entry has-media\"><div class=\"vcex-recent-news-date wpex-mr-20 wpex-flex-shrink-0 wpex-text-center\" ><span class=\"day wpex-block wpex-p-5 wpex-surface-2 wpex-text-2 wpex-border wpex-border-b-0 wpex-border-solid wpex-border-surface-3 wpex-font-light wpex-leading-relaxed\">13<\/span><span class=\"month wpex-block wpex-p-5 wpex-bg-accent wpex-uppercase wpex-leading-none\" style=\"background-color:#353053;\">Jan. 21<\/span><\/div><div class=\"vcex-news-entry-details wpex-flex-grow entry-details wpex-first-mt-0 wpex-last-mb-0 wpex-clr\"><div class=\"vcex-news-entry-thumbnail entry-media wpex-mb-20\"><a href=\"https:\/\/agranimo.com\/de\/agtech-start-ups-fur-den-obstbau-4-0-in-deutschland\/\" title=\"AgTech Start-ups f\u00fcr den Obstbau 4.0 in Deutschland\"><img width=\"2160\" height=\"1080\" src=\"https:\/\/agranimo.com\/wp-content\/uploads\/2021\/01\/Webinars-All.png\" class=\"wpex-align-middle\" alt=\"\" decoding=\"async\" loading=\"lazy\" srcset=\"https:\/\/agranimo.com\/wp-content\/uploads\/2021\/01\/Webinars-All.png 2160w, https:\/\/agranimo.com\/wp-content\/uploads\/2021\/01\/Webinars-All-300x150.png 300w, https:\/\/agranimo.com\/wp-content\/uploads\/2021\/01\/Webinars-All-1024x512.png 1024w, https:\/\/agranimo.com\/wp-content\/uploads\/2021\/01\/Webinars-All-768x384.png 768w, https:\/\/agranimo.com\/wp-content\/uploads\/2021\/01\/Webinars-All-1536x768.png 1536w, https:\/\/agranimo.com\/wp-content\/uploads\/2021\/01\/Webinars-All-2048x1024.png 2048w\" sizes=\"(max-width: 2160px) 100vw, 2160px\" \/><\/a><\/div><header class=\"vcex-recent-news-entry-title\"><h2 class=\"vcex-recent-news-entry-title-heading entry-title wpex-mb-5\"\"><a href=\"https:\/\/agranimo.com\/de\/agtech-start-ups-fur-den-obstbau-4-0-in-deutschland\/\">AgTech Start-ups f\u00fcr den Obstbau 4.0 in Deutschland<\/a><\/h2><\/header><div class=\"vcex-recent-news-entry-excerpt entry-excerpt wpex-my-15 wpex-last-mb-0 wpex-clr\"><p>Als junge Unternehmen, die Technologien f\u00fcr und mit Obstbauern entwickeln, haben wir uns zusammengeschlossen und freuen uns, Sie im ersten Quartal 2021 zu unserer kostenlosen&hellip;<\/p><\/div><div class=\"vcex-recent-news-entry-readmore-wrap entry-readmore-wrap clr\"><a href=\"https:\/\/agranimo.com\/de\/agtech-start-ups-fur-den-obstbau-4-0-in-deutschland\/\" class=\"theme-button\" style=\"background:#006d64;\">Mehr Lesen<\/a><\/div><\/div><\/article><\/div><div class=\"vcex-recent-news-entry-wrap vcex-grid-item col span_1_of_3 col-3\"><article class=\"vcex-recent-news-entry wpex-flex post-3325 post type-post status-publish format-standard has-post-thumbnail hentry category-programmes entry has-media\"><div class=\"vcex-recent-news-date wpex-mr-20 wpex-flex-shrink-0 wpex-text-center\" ><span class=\"day wpex-block wpex-p-5 wpex-surface-2 wpex-text-2 wpex-border wpex-border-b-0 wpex-border-solid wpex-border-surface-3 wpex-font-light wpex-leading-relaxed\">30<\/span><span class=\"month wpex-block wpex-p-5 wpex-bg-accent wpex-uppercase wpex-leading-none\" style=\"background-color:#353053;\">Nov. 20<\/span><\/div><div class=\"vcex-news-entry-details wpex-flex-grow entry-details wpex-first-mt-0 wpex-last-mb-0 wpex-clr\"><div class=\"vcex-news-entry-thumbnail entry-media wpex-mb-20\"><a href=\"https:\/\/agranimo.com\/de\/agranimo-at-bosch-startup-harbour\/\" title=\"Agranimo at Bosch Startup Harbour\"><img width=\"500\" height=\"300\" src=\"https:\/\/agranimo.com\/wp-content\/uploads\/2020\/11\/33.jpg\" class=\"wpex-align-middle\" alt=\"\" decoding=\"async\" loading=\"lazy\" srcset=\"https:\/\/agranimo.com\/wp-content\/uploads\/2020\/11\/33.jpg 500w, https:\/\/agranimo.com\/wp-content\/uploads\/2020\/11\/33-300x180.jpg 300w\" sizes=\"(max-width: 500px) 100vw, 500px\" \/><\/a><\/div><header class=\"vcex-recent-news-entry-title\"><h2 class=\"vcex-recent-news-entry-title-heading entry-title wpex-mb-5\"\"><a href=\"https:\/\/agranimo.com\/de\/agranimo-at-bosch-startup-harbour\/\">Agranimo at Bosch Startup Harbour<\/a><\/h2><\/header><div class=\"vcex-recent-news-entry-excerpt entry-excerpt wpex-my-15 wpex-last-mb-0 wpex-clr\"><p>[vc_row][vc_column][vc_column_text font_family=\"Source Sans Pro\"] &nbsp; Agranimo has been selected from 78 teams to take part in the Startup Harbour program by Bosch!We are very excited&hellip;<\/p><\/div><div class=\"vcex-recent-news-entry-readmore-wrap entry-readmore-wrap clr\"><a href=\"https:\/\/agranimo.com\/de\/agranimo-at-bosch-startup-harbour\/\" class=\"theme-button\" style=\"background:#006d64;\">Mehr Lesen<\/a><\/div><\/div><\/article><\/div><\/div><div class=\"wpex-pagination wpex-clear wpex-mt-30 wpex-clr\"><ul class='page-numbers'>\n\t<li><span aria-current=\"page\" class=\"page-numbers current\"><span class=\"screen-reader-text\">Seite <\/span>1<\/span><\/li>\n\t<li><a class=\"page-numbers\" href=\"https:\/\/agranimo.com\/de\/wp-json\/wp\/v2\/pages\/2342\/page\/2\/\"><span class=\"screen-reader-text\">Seite <\/span>2<\/a><\/li>\n\t<li><a class=\"page-numbers\" href=\"https:\/\/agranimo.com\/de\/wp-json\/wp\/v2\/pages\/2342\/page\/3\/\"><span class=\"screen-reader-text\">Seite <\/span>3<\/a><\/li>\n\t<li><a class=\"next page-numbers\" href=\"https:\/\/agranimo.com\/de\/wp-json\/wp\/v2\/pages\/2342\/page\/2\/\"><span class=\"ticon ticon-angle-right\" aria-hidden=\"true\"><\/span><span class=\"screen-reader-text\">Vorw\u00e4rts<\/span><\/a><\/li>\n<\/ul>\n<\/div><\/div>[\/vc_column][\/vc_row][vc_row css=&#8220;.vc_custom_1562146819782{padding-top: 30px !important;}&#8220;][vc_column]<div class=\"vcex-module wpex-flex wpex-items-center wpex-flex-wrap wpex-social-btns vcex-social-btns wpex-gap-5 wpex-justify-center  wpb_animate_when_almost_visible wpb_fadeIn fadeIn wpex-last-mr-0\" style=\"font-size:20px;\"><a  href=\"https:\/\/twitter.com\/Agranimo\" class=\"wpex-social-btn wpex-social-btn-no-style hvr hvr-grow-shadow vc_custom_1607448402254 wpex-twitter\" title=\"Twitter\"><span class=\"ticon ticon-twitter\" aria-hidden=\"true\"><\/span><span class=\"screen-reader-text\">Twitter<\/span><\/a><a  href=\"https:\/\/www.facebook.com\/agranimo\/\" class=\"wpex-social-btn wpex-social-btn-no-style hvr hvr-grow-shadow vc_custom_1607448402254 wpex-facebook\" title=\"Facebook\"><span class=\"ticon ticon-facebook\" aria-hidden=\"true\"><\/span><span class=\"screen-reader-text\">Facebook<\/span><\/a><a  href=\"https:\/\/www.instagram.com\/agranimo\/\" class=\"wpex-social-btn wpex-social-btn-no-style hvr hvr-grow-shadow vc_custom_1607448402254 wpex-instagram\" title=\"Instagram\"><span class=\"ticon ticon-instagram\" aria-hidden=\"true\"><\/span><span class=\"screen-reader-text\">Instagram<\/span><\/a><a  href=\"https:\/\/www.linkedin.com\/company\/agranimo\" class=\"wpex-social-btn wpex-social-btn-no-style hvr hvr-grow-shadow vc_custom_1607448402254 wpex-linkedin\" title=\"LinkedIn\"><span class=\"ticon ticon-linkedin\" aria-hidden=\"true\"><\/span><span class=\"screen-reader-text\">LinkedIn<\/span><\/a><\/div><figure class=\"vcex-image vcex-module wpex-clr textcenter\"><div class=\"vcex-image-inner wpex-relative wpex-inline-block\"><img width=\"100\" height=\"43\" src=\"https:\/\/agranimo.com\/wp-content\/uploads\/2018\/10\/logoo.png\" class=\"wpex-align-middle\" alt=\"\" decoding=\"async\" loading=\"lazy\" \/><\/div><\/figure>[\/vc_column][\/vc_row][vc_row][vc_column][vc_raw_html]PHNjcmlwdCB0eXBlPSJ0ZXh0L2phdmFzY3JpcHQiIHNyYz0iLy9kb3dubG9hZHMubWFpbGNoaW1wLmNvbS9qcy9zaWdudXAtZm9ybXMvcG9wdXAvdW5pcXVlLW1ldGhvZHMvZW1iZWQuanMiIGRhdGEtZG9qby1jb25maWc9InVzZVBsYWluSnNvbjogdHJ1ZSwgaXNEZWJ1ZzogZmFsc2UiPjwvc2NyaXB0PjxzY3JpcHQgdHlwZT0idGV4dC9qYXZhc2NyaXB0Ij53aW5kb3cuZG9qb1JlcXVpcmUoWyJtb2pvL3NpZ251cC1mb3Jtcy9Mb2FkZXIiXSwgZnVuY3Rpb24oTCkgeyBMLnN0YXJ0KHsiYmFzZVVybCI6Im1jLnVzMTkubGlzdC1tYW5hZ2UuY29tIiwidXVpZCI6IjdlZGY5ZDRlYjA1NDNlNWEyYmZiZDg3ZmQiLCJsaWQiOiJkMmI1NjQ0M2Y1IiwidW5pcXVlTWV0aG9kcyI6dHJ1ZX0pIH0pPC9zY3JpcHQ+[\/vc_raw_html][\/vc_column][\/vc_row]\n","protected":false},"excerpt":{"rendered":"<p>[vc_row full_width=&#8220;stretch_row_content&#8220; content_placement=&#8220;middle&#8220; column_spacing=&#8220;0px&#8220; parallax=&#8220;content-moving&#8220; parallax_speed_bg=&#8220;2.5&#8243; wpex_bg_overlay=&#8220;color&#8220; css=&#8220;.vc_custom_1607004442711{background-image: url(https:\/\/www.agranimo.com\/wp-content\/uploads\/2019\/06\/avocado-about-agranimo-page.jpg?id=1430) !important;}&#8220; min_height=&#8220;300px&#8220; wpex_bg_overlay_opacity=&#8220;0.5&#8243; wpex_bg_overlay_color=&#8220;#006d64&#8243;][vc_column][\/vc_column][\/vc_row][vc_row full_width=&#8220;stretch_row&#8220; column_spacing=&#8220;60&#8243; css=&#8220;.vc_custom_1561031228293{padding-top: 60px !important;background-color: #ffffff !important;}&#8220;][vc_column][vc_column_text css_animation=&#8220;bottom-to-top&#8220; width=&#8220;80%&#8220; align=&#8220;center&#8220; line_height=&#8220;4&#8243; text_align=&#8220;center&#8220; font_size=&#8220;d:14|tl:12|tp:12|pl:12|pp:12&#8243;] Unser Hauptziel ist es, eine langfristige Nachhaltigkeit des Lebensmittelkonsums zu erreichen. Um dies zu erreichen, m\u00fcssen wir uns auf die Schl\u00fcsselbereiche konzentrieren: Reduzierung der f\u00fcr die Produktion erforderlichen Inputs,&hellip;<\/p>\n","protected":false},"author":1,"featured_media":0,"parent":0,"menu_order":0,"comment_status":"closed","ping_status":"closed","template":"","meta":{"content-type":""},"_links":{"self":[{"href":"https:\/\/agranimo.com\/de\/wp-json\/wp\/v2\/pages\/2342\/"}],"collection":[{"href":"https:\/\/agranimo.com\/de\/wp-json\/wp\/v2\/pages\/"}],"about":[{"href":"https:\/\/agranimo.com\/de\/wp-json\/wp\/v2\/types\/page\/"}],"author":[{"embeddable":true,"href":"https:\/\/agranimo.com\/de\/wp-json\/wp\/v2\/users\/1\/"}],"replies":[{"embeddable":true,"href":"https:\/\/agranimo.com\/de\/wp-json\/wp\/v2\/comments\/?post=2342"}],"version-history":[{"count":7,"href":"https:\/\/agranimo.com\/de\/wp-json\/wp\/v2\/pages\/2342\/revisions\/"}],"predecessor-version":[{"id":4441,"href":"https:\/\/agranimo.com\/de\/wp-json\/wp\/v2\/pages\/2342\/revisions\/4441\/"}],"wp:attachment":[{"href":"https:\/\/agranimo.com\/de\/wp-json\/wp\/v2\/media\/?parent=2342"}],"curies":[{"name":"wp","href":"https:\/\/api.w.org\/{rel}","templated":true}]}}