{"id":5640,"date":"2022-08-03T10:21:51","date_gmt":"2022-08-03T08:21:51","guid":{"rendered":"https:\/\/agranimo.com\/?page_id=5640"},"modified":"2022-08-29T23:11:45","modified_gmt":"2022-08-29T21:11:45","slug":"firma","status":"publish","type":"page","link":"https:\/\/agranimo.com\/de\/firma\/","title":{"rendered":"Firma"},"content":{"rendered":"[vc_row full_width=&#8220;stretch_row&#8220;][vc_column width=&#8220;1\/2&#8243;]<div class=\"vcex-spacing wpex-w-100 wpex-clear\" style=\"height:15px;\"><\/div><h1 class=\"vcex-heading vcex-module wpex-text-2xl wpex-font-normal wpex-m-auto wpex-max-w-100 vcex-heading-plain wpex-block wpex-text-left\" style=\"color:#201c3b;font-family:&#039;Source Sans Pro&#039;,sans-serif;font-size:43px;letter-spacing:var(--wpex-tracking-normal);font-weight:400;\"><span class=\"vcex-heading-inner wpex-inline-block wpex-clr\">Firma<\/span><\/h1>[vc_column_text color=&#8220;#201c3b&#8220; font_size=&#8220;16px&#8220; font_family=&#8220;Source Sans Pro&#8220; width=&#8220;90%&#8220; font_weight=&#8220;300&#8243; text_align=&#8220;left&#8220; align=&#8220;left&#8220;]Agranimo bietet gro\u00dfen Agrarunternehmen und Unternehmen, die Obst exportieren und vermarkten, technologische Instrumente und Beratung in den folgenden Bereichen:<\/p>\n<ul>\n<li>Daten- und Software-Integrationen \/ Erstellung von Management-Dashboards<\/li>\n<li>Ertragsprognosen und ph\u00e4nologische \u00dcberwachung der Kulturen<\/li>\n<li>Technologische Unterst\u00fctzung f\u00fcr die Teams der technischen Dienste<\/li>\n<li>Verwaltung von Sensoren<\/li>\n<li>Nachhaltigkeitsberichterstattung<\/li>\n<\/ul>\n[\/vc_column_text]<div class=\"vcex-spacing wpex-w-100 wpex-clear\" style=\"height:15px;\"><\/div><a href=\"https:\/\/agranimo.com\/de\/kontakt\/\" class=\"vcex-button theme-button inline\" style=\"border-radius:8px;\"><span class=\"theme-button-inner\">Kontakt<\/span><\/a> [\/vc_column][vc_column width=&#8220;1\/2&#8243;][vc_single_image image=&#8220;5664&#8243; alignment=&#8220;left&#8220; css=&#8220;.vc_custom_1660125791252{margin-right: -70px !important;margin-left: -20px !important;}&#8220;][\/vc_column][\/vc_row][vc_row css=&#8220;.vc_custom_1655244000341{padding-top: 15px !important;}&#8220;][vc_column][vc_row_inner el_class=&#8220;row_reverse&#8220;][vc_column_inner width=&#8220;1\/2&#8243;][vc_single_image image=&#8220;5606&#8243;][\/vc_column_inner][vc_column_inner width=&#8220;1\/2&#8243;]<div class=\"vcex-spacing wpex-w-100 wpex-clear\" style=\"height:15px;\"><\/div><style>.vcex_69ee40db66a7e{font-size:43px!important;}@media (max-width:1024px){.vcex_69ee40db66a7e{font-size:43px!important;}}@media (max-width:959px){.vcex_69ee40db66a7e{font-size:43px!important;}}@media (max-width:767px){.vcex_69ee40db66a7e{font-size:20px!important;}}@media (max-width:479px){.vcex_69ee40db66a7e{font-size:20px!important;}}<\/style><h1 class=\"vcex-heading vcex-module wpex-text-2xl wpex-font-normal wpex-m-auto wpex-max-w-100 vcex-heading-plain wpex-block wpex-text-left vcex_69ee40db66a7e\" style=\"color:#201c3b;font-family:&#039;Source Sans Pro&#039;,sans-serif;letter-spacing:var(--wpex-tracking-normal);font-weight:400;\"><span class=\"vcex-heading-inner wpex-inline-block wpex-clr\">SAP-Integration<\/span><\/h1>[vc_column_text text_align=&#8220;left&#8220; color=&#8220;#201c3b&#8220; font_size=&#8220;16px&#8220; font_weight=&#8220;300&#8243;]Agranimo verf\u00fcgt \u00fcber eine etablierte Integration mit SAP Analytics Cloud und SAP Industry Cloud &#8211; Intelligent Agriculture, um Kunden, die diese Tools nutzen, zus\u00e4tzliche Klima- und Bodeninformationen zu liefern. Die Integration von Agranimo und SAP bietet die folgenden Kernfunktionen:<\/p>\n<ul>\n<li>Kalibrierungen von Sensordaten zur Erh\u00f6hung der Datenqualit\u00e4t<\/li>\n<li>Indikatoren f\u00fcr die Effektivit\u00e4t des Bew\u00e4sserungsmanagements<\/li>\n<li>Berechnung des Nachhaltigkeits-Fu\u00dfabdrucks<\/li>\n<li>Vorhersage von Ertr\u00e4gen<\/li>\n<li>Vorgefertigte Modelle zur Entscheidungsunterst\u00fctzung und ma\u00dfgeschneiderte Data-Science-Funktionen zur Unterst\u00fctzung interner Datenprojekte<\/li>\n<\/ul>\n[\/vc_column_text]<div class=\"vcex-spacing wpex-w-100 wpex-clear\" style=\"height:15px;\"><\/div><a href=\"https:\/\/store.sap.com\/dcp\/en\/product\/display-0000060001_live_v1\/Agranimo%20climate%20intelligence\" class=\"vcex-button theme-button inline\" style=\"border-radius:8px;\"><span class=\"theme-button-inner\">Agranimo im SAP Store<\/span><\/a> [\/vc_column_inner][\/vc_row_inner][\/vc_column][\/vc_row][vc_row full_width=&#8220;stretch_row&#8220; column_spacing=&#8220;0px&#8220; gap=&#8220;4&#8243; css=&#8220;.vc_custom_1658939653681{background-color: #201c3b !important;}&#8220;][vc_column width=&#8220;1\/2&#8243;]<style>.vcex_69ee40db66de9{height:5px;}@media (max-width:767px){.vcex_69ee40db66de9{height:15px;}}@media (max-width:479px){.vcex_69ee40db66de9{height:15px;}}<\/style><div class=\"vcex-spacing wpex-w-100 wpex-clear vcex_69ee40db66de9\"><\/div><div class=\"vcex-spacing wpex-w-100 wpex-clear\" style=\"height:10px;\"><\/div><style>.vcex_69ee40db66eda{font-size:43px!important;}@media (max-width:1024px){.vcex_69ee40db66eda{font-size:43px!important;}}@media (max-width:959px){.vcex_69ee40db66eda{font-size:43px!important;}}@media (max-width:767px){.vcex_69ee40db66eda{font-size:20px!important;}}@media (max-width:479px){.vcex_69ee40db66eda{font-size:20px!important;}}<\/style><div class=\"vcex-heading vcex-module wpex-text-2xl wpex-font-normal wpex-m-auto wpex-max-w-100 vcex-heading-plain wpex-block wpex-text-left vcex_69ee40db66eda\" style=\"color:#ffffff;font-family:&#039;Source Sans Pro&#039;,sans-serif;font-weight:400;\"><span class=\"vcex-heading-inner wpex-inline-block wpex-clr\">Datenintegration<\/span><\/div>[vc_column_text text_align=&#8220;left&#8220; color=&#8220;#ffffff&#8220; font_size=&#8220;16px&#8220; font_weight=&#8220;300&#8243; width=&#8220;90%&#8220; align=&#8220;left&#8220;]Die L\u00f6sungen von Agranimo sind flexibel und k\u00f6nnen zus\u00e4tzliche Datenquellen integrieren oder mit anderen ERP-Systemen und spezialisierten Dienstleistungen verbunden werden. Wir f\u00fcgen st\u00e4ndig neue Integrationen hinzu, die auf den Bed\u00fcrfnissen unserer Kunden basieren. Zu den aktuellen Integrationen geh\u00f6ren:<\/p>\n<ul>\n<li>SAP<\/li>\n<li>eLeaf<\/li>\n<li>Agrospace<\/li>\n<li>Fitonova<\/li>\n<li>Zentra Cloud<\/li>\n<li>Wiseconn (DropControl)<\/li>\n<\/ul>\n<p>Wir unterst\u00fctzen Sie gerne bei der Planung, Gestaltung und Implementierung von Datenintegrationen zur Erstellung von Management-Dashboards und internen Datenanalyse-Pipelines f\u00fcr Ihr Unternehmen.[\/vc_column_text]<style>@media (max-width:767px){.vcex_69ee40db67103{height:15px;}}@media (max-width:479px){.vcex_69ee40db67103{height:15px;}}<\/style><div class=\"vcex-spacing wpex-w-100 wpex-clear vcex_69ee40db67103\"><\/div>[\/vc_column][vc_column width=&#8220;1\/2&#8243;][vc_single_image image=&#8220;5651&#8243; css=&#8220;.vc_custom_1661807313156{margin-top: -2px !important;margin-right: -70px !important;margin-left: -25px !important;}&#8220;][\/vc_column][\/vc_row][vc_row full_width=&#8220;stretch_row&#8220; css=&#8220;.vc_custom_1655322331079{background-color: #f0f8e6 !important;}&#8220;][vc_column width=&#8220;1\/3&#8243;][vc_single_image image=&#8220;5298&#8243; img_size=&#8220;medium&#8220; alignment=&#8220;center&#8220; css=&#8220;.vc_custom_1655322403151{padding-top: 60px !important;}&#8220; visibility=&#8220;hidden-phone&#8220;][\/vc_column][vc_column width=&#8220;2\/3&#8243;]<style>.vcex_69ee40db6715c{height:30px;}@media (max-width:1024px){.vcex_69ee40db6715c{height:30px;}}@media (max-width:959px){.vcex_69ee40db6715c{height:30px;}}@media (max-width:767px){.vcex_69ee40db6715c{height:15px;}}@media (max-width:479px){.vcex_69ee40db6715c{height:15px;}}<\/style><div class=\"vcex-spacing wpex-w-100 wpex-clear vcex_69ee40db6715c\"><\/div><div class=\"vcex-heading vcex-module wpex-text-2xl wpex-font-normal wpex-m-auto wpex-max-w-100 vcex-heading-plain wpex-block wpex-text-center vc_custom_1658939233071\" style=\"font-size:23px;font-weight:600;\"><span class=\"vcex-heading-inner wpex-inline-block wpex-clr\">Abonnieren Sie unseren Newsletter!<\/span><\/div><div class=\"vcex-module vcex-form-shortcode wpex-form wpex-m-auto wpex-max-w-100\" style=\"width:500px;\"><div class=\"forminator-ui forminator-custom-form forminator-custom-form-4945 forminator-design--default forminator-enclosed forminator_ajax\" data-forminator-render=\"0\" data-form=\"forminator-module-4945\" data-uid=\"69ee40db67411\"><br\/><\/div><form\n\t\t\t\tid=\"forminator-module-4945\"\n\t\t\t\tclass=\"forminator-ui forminator-custom-form forminator-custom-form-4945 forminator-design--default forminator-enclosed forminator_ajax\"\n\t\t\t\tmethod=\"post\"\n\t\t\t\tdata-forminator-render=\"0\"\n\t\t\t\tdata-form-id=\"4945\"\n\t\t\t\t\n\t\t\t\tdata-design=\"default\"\n\t\t\t\t\n\t\t\t\t\n\t\t\t\t\n\t\t\t\tdata-grid=\"enclosed\"\n\t\t\t\t\n\t\t\t\t\n\t\t\t\tstyle=\"display: none;\"\n\t\t\t\t\n\t\t\t\tdata-uid=\"69ee40db67411\"\n\t\t\t><div class=\"forminator-response-message forminator-error\" aria-hidden=\"true\"><\/div><div class=\"forminator-row\"><div id=\"name-1\" class=\"forminator-col forminator-col-6 \"><div class=\"forminator-field\"><label for=\"forminator-field-name-1_69ee40db67411\" class=\"forminator-label\">First Name <span class=\"forminator-required\">*<\/span><\/label><input type=\"text\" name=\"name-1\" value=\"\" placeholder=\"E.g. John\" id=\"forminator-field-name-1_69ee40db67411\" class=\"forminator-input forminator-name--field\" aria-required=\"true\" \/><\/div><\/div><div id=\"name-3\" class=\"forminator-col forminator-col-6 \"><div class=\"forminator-row\" data-multiple=\"true\"><div class=\"forminator-col forminator-col-12\"><div class=\"forminator-field\"><label for=\"forminator-field-last-name-3_69ee40db67411\" class=\"forminator-label\">Last Name<\/label><input type=\"text\" name=\"name-3-last-name\" placeholder=\"E.g. Doe\" id=\"forminator-field-last-name-3_69ee40db67411\" class=\"forminator-input\" aria-required=\"false\" data-multi=\"1\" value=\"\" \/><\/div><\/div><\/div><\/div><\/div><div class=\"forminator-row\"><div id=\"email-1\" class=\"forminator-col forminator-col-12 \"><div class=\"forminator-field\"><label for=\"forminator-field-email-1_69ee40db67411\" class=\"forminator-label\">Email Address <span class=\"forminator-required\">*<\/span><\/label><input type=\"email\" name=\"email-1\" value=\"\" placeholder=\"E.g. john@doe.com\" id=\"forminator-field-email-1_69ee40db67411\" class=\"forminator-input forminator-email--field\" data-required=\"true\" aria-required=\"true\" \/><\/div><\/div><\/div><div class=\"forminator-row\"><div id=\"consent-1\" class=\"forminator-col forminator-col-12 \"><div class=\"forminator-field\"><label for=\"forminator-field-consent-1_69ee40db67411\" class=\"forminator-label\">Consent <span class=\"forminator-required\">*<\/span><\/label><div class=\"forminator-checkbox__wrapper\"><label for=\"forminator-field-consent-1_69ee40db67411\" class=\"forminator-checkbox\" style=\"margin: 0;\" aria-labelledby=\"forminator-field-consent-1_69ee40db67411__label\"><input type=\"checkbox\" name=\"consent-1\" value=\"checked\" id=\"forminator-field-consent-1_69ee40db67411\" data-required=\"true\" aria-required=\"true\" \/><span class=\"forminator-checkbox-box\" aria-hidden=\"true\"><\/span><\/label><div id=\"forminator-field-consent-1_69ee40db67411__label\" class=\"forminator-checkbox__label\"><p>Yes, I agree with the <a href=\"https:\/\/agranimo.com\/privacy-policy\/\" target=\"_blank\" rel=\"noopener\">privacy policy<\/a> and <a href=\"#\" target=\"_blank\" rel=\"noopener\">terms and conditions.<\/a><\/p><\/div><\/div><\/div><\/div><\/div><input type=\"hidden\" name=\"referer_url\" value=\"\" \/><div class=\"forminator-row forminator-row-last\"><div class=\"forminator-col\"><div class=\"forminator-field\"><button class=\"forminator-button forminator-button-submit\">Subscribe<\/button><\/div><\/div><\/div><input type=\"hidden\" id=\"forminator_nonce\" name=\"forminator_nonce\" value=\"0ec29d363f\" \/><input type=\"hidden\" name=\"_wp_http_referer\" value=\"\/de\/wp-json\/wp\/v2\/pages\/5640\/\" \/><input type=\"hidden\" name=\"form_id\" value=\"4945\"><input type=\"hidden\" name=\"page_id\" value=\"5640\"><input type=\"hidden\" name=\"form_type\" value=\"default\"><input type=\"hidden\" name=\"current_url\" value=\"https:\/\/agranimo.com\/de\/firma\/\"><input type=\"hidden\" name=\"render_id\" value=\"0\"><input type=\"hidden\" name=\"action\" value=\"forminator_submit_form_custom-forms\"><\/form><\/div>[\/vc_column][\/vc_row]\n","protected":false},"excerpt":{"rendered":"<p>[vc_row full_width=&#8220;stretch_row&#8220;][vc_column width=&#8220;1\/2&#8243;][vc_column_text color=&#8220;#201c3b&#8220; font_size=&#8220;16px&#8220; font_family=&#8220;Source Sans Pro&#8220; width=&#8220;90%&#8220; font_weight=&#8220;300&#8243; text_align=&#8220;left&#8220; align=&#8220;left&#8220;]Agranimo bietet gro\u00dfen Agrarunternehmen und Unternehmen, die Obst exportieren und vermarkten, technologische Instrumente und Beratung in den folgenden Bereichen: Daten- und Software-Integrationen \/ Erstellung von Management-Dashboards Ertragsprognosen und ph\u00e4nologische \u00dcberwachung der Kulturen Technologische Unterst\u00fctzung f\u00fcr die Teams der technischen Dienste Verwaltung von Sensoren Nachhaltigkeitsberichterstattung&hellip;<\/p>\n","protected":false},"author":2,"featured_media":0,"parent":0,"menu_order":0,"comment_status":"closed","ping_status":"closed","template":"","meta":{"content-type":""},"_links":{"self":[{"href":"https:\/\/agranimo.com\/de\/wp-json\/wp\/v2\/pages\/5640\/"}],"collection":[{"href":"https:\/\/agranimo.com\/de\/wp-json\/wp\/v2\/pages\/"}],"about":[{"href":"https:\/\/agranimo.com\/de\/wp-json\/wp\/v2\/types\/page\/"}],"author":[{"embeddable":true,"href":"https:\/\/agranimo.com\/de\/wp-json\/wp\/v2\/users\/2\/"}],"replies":[{"embeddable":true,"href":"https:\/\/agranimo.com\/de\/wp-json\/wp\/v2\/comments\/?post=5640"}],"version-history":[{"count":7,"href":"https:\/\/agranimo.com\/de\/wp-json\/wp\/v2\/pages\/5640\/revisions\/"}],"predecessor-version":[{"id":6290,"href":"https:\/\/agranimo.com\/de\/wp-json\/wp\/v2\/pages\/5640\/revisions\/6290\/"}],"wp:attachment":[{"href":"https:\/\/agranimo.com\/de\/wp-json\/wp\/v2\/media\/?parent=5640"}],"curies":[{"name":"wp","href":"https:\/\/api.w.org\/{rel}","templated":true}]}}