{"id":5645,"date":"2022-08-01T19:09:25","date_gmt":"2022-08-01T17:09:25","guid":{"rendered":"https:\/\/agranimo.com\/?page_id=5645"},"modified":"2022-08-23T20:36:55","modified_gmt":"2022-08-23T18:36:55","slug":"dienstleistungen","status":"publish","type":"page","link":"https:\/\/agranimo.com\/de\/dienstleistungen\/","title":{"rendered":"Dienstleistungen"},"content":{"rendered":"[vc_row full_width=&#8220;stretch_row&#8220; css=&#8220;.vc_custom_1660056616353{margin-right: -65px !important;}&#8220;][vc_column width=&#8220;1\/3&#8243; css=&#8220;.vc_custom_1660057066840{border-right-width: -100px !important;}&#8220;]<div class=\"vcex-spacing wpex-w-100 wpex-clear\" style=\"height:50px;\"><\/div><h1 class=\"vcex-heading vcex-module wpex-text-2xl wpex-font-normal wpex-m-auto wpex-max-w-100 vcex-heading-plain wpex-block wpex-text-left\" style=\"color:#201c3b;font-family:&#039;Source Sans Pro&#039;,sans-serif;font-size:43px;letter-spacing:var(--wpex-tracking-normal);\"><span class=\"vcex-heading-inner wpex-inline-block wpex-clr\">Dienstleistungen<\/span><\/h1>[vc_column_text color=&#8220;#201c3b&#8220; font_size=&#8220;16px&#8220; font_family=&#8220;Source Sans Pro&#8220; font_weight=&#8220;300&#8243; text_align=&#8220;left&#8220; width=&#8220;100%&#8220; align=&#8220;left&#8220; css=&#8220;.vc_custom_1660057121407{padding-right: -100px !important;}&#8220;]Die Hauptschwerpunkte von Agranimo sind:<\/p>\n<ul>\n<li>Bew\u00e4sserungsmanagement<\/li>\n<li>Pflanzenschutz (Frost, integrierte Sch\u00e4dlingsbek\u00e4mpfung)<\/li>\n<li>\u00a0Vorhersage von Ertr\u00e4gen<\/li>\n<\/ul>\n<p>Wir arbeiten mit Sensoren, um Informationen aus dem Feld zu sammeln und Empfehlungen und Analysen \u00fcber unsere App oder unser Webportal in Echtzeit zu liefern.[\/vc_column_text]<div class=\"vcex-spacing wpex-w-100 wpex-clear\" style=\"height:15px;\"><\/div><a href=\"https:\/\/agranimo.com\/de\/kontakt\/\" class=\"vcex-button theme-button align-left inline\" style=\"border-radius:8px;\"><span class=\"theme-button-inner\">Kontakt<\/span><\/a> [\/vc_column][vc_column width=&#8220;2\/3&#8243;][vc_raw_html]PHZpZGVvIHNyYz0iaHR0cHM6Ly9hZ3Jhbmltby5jb20vd3AtY29udGVudC91cGxvYWRzLzIwMjIvMDYvUGhvbmUtYW5kLWljb25zLWFuaW1hdGlvbi1hZGp1c3RlZC0yLm1wNCIgYXV0b3BsYXk9ImF1dG9wbGF5IiBsb29wPSJsb29wIiBtdXRlZD0iIiB3aWR0aD0iMTAwMCIgaGVpZ2h0PSI1MDAiPjwvdmlkZW8+[\/vc_raw_html][\/vc_column][\/vc_row][vc_row full_width=&#8220;stretch_row&#8220; content_placement=&#8220;middle&#8220; css=&#8220;.vc_custom_1654620518999{margin-bottom: 0px !important;background-color: #201c3b !important;}&#8220;][vc_column]<style>.vcex_69ee40db5cc7f{height:30px;}@media (max-width:1024px){.vcex_69ee40db5cc7f{height:30px;}}@media (max-width:959px){.vcex_69ee40db5cc7f{height:30px;}}@media (max-width:767px){.vcex_69ee40db5cc7f{height:15px;}}@media (max-width:479px){.vcex_69ee40db5cc7f{height:15px;}}<\/style><div class=\"vcex-spacing wpex-w-100 wpex-clear vcex_69ee40db5cc7f\"><\/div>[vc_row_inner columns_right=&#8220;yes&#8220; css=&#8220;.vc_custom_1654614001151{margin-top: 30px !important;}&#8220;][vc_column_inner width=&#8220;1\/2&#8243;]<style>.vcex_69ee40db5cdcb{font-size:43px!important;}@media (max-width:1024px){.vcex_69ee40db5cdcb{font-size:43px!important;}}@media (max-width:959px){.vcex_69ee40db5cdcb{font-size:43px!important;}}@media (max-width:767px){.vcex_69ee40db5cdcb{font-size:20px!important;}}@media (max-width:479px){.vcex_69ee40db5cdcb{font-size:20px!important;}}<\/style><h2 class=\"vcex-heading vcex-module wpex-text-2xl wpex-font-normal wpex-m-auto wpex-max-w-100 vcex-heading-plain wpex-block wpex-text-left vcex_69ee40db5cdcb\" style=\"color:#ffffff;font-weight:400;line-height:40px;\"><span class=\"vcex-heading-inner wpex-inline-block wpex-clr\">Sensoren zur Unterst\u00fctzung unserer Dienste<\/span><\/h2><div class=\"vcex-spacing wpex-w-100 wpex-clear\" style=\"height:15px;\"><\/div>[vc_column_text text_align=&#8220;left&#8220; color=&#8220;#ffffff&#8220; font_size=&#8220;16px&#8220; font_weight=&#8220;300&#8243;]\n<ul>\n<li>Agranimo FDR Bodenfeuchtesensoren<\/li>\n<li>Wetterstationen (Temp., RH, Wind, Regen, Blattn\u00e4sse, Boden EC, Ventildruck, Durchflussmengenmesser)<\/li>\n<li>Integration \/ Telemetrie f\u00fcr bestehende Sensoren<\/li>\n<\/ul>\n[\/vc_column_text]<div class=\"vcex-spacing wpex-w-100 wpex-clear\" style=\"height:15px;\"><\/div><div class=\"vc_custom_1660118546748 wpex-clr\"><a href=\"https:\/\/agranimo.com\/de\/katalog-bestellen\/\" class=\"vcex-button theme-button align-left inline wpex-flex-shrink-0\" style=\"border-radius:8px;width:200px;\"><span class=\"theme-button-inner\">Katalog downloaden<\/span><\/a><\/div> [\/vc_column_inner][vc_column_inner width=&#8220;1\/2&#8243;]<div class=\"vcex-image-grid-wrap wpex-clr\"><div class=\"vcex-module vcex-image-grid grid-style-default wpex-row wpex-clr wpex-lightbox-group\"><div class=\"id-5545 vcex-image-grid-entry vcex-grid-item textcenter span_1_of_2 span_1_of_2_pl span_1_of_2_pp col col-1\"><figure class=\"vcex-image-grid-entry-figure wpex-last-mb-0 wpex-clr\"><div class=\"vcex-image-grid-entry-img entry-media wpex-mb-20\"><a href=\"https:\/\/agranimo.com\/wp-content\/uploads\/2022\/07\/soil-sensor-agranimo-irrigation-planner.png\" class=\"vcex-image-grid-entry-link wpex-lightbox-group-item\" ><img width=\"401\" height=\"467\" src=\"https:\/\/agranimo.com\/wp-content\/uploads\/2022\/07\/soil-sensor-agranimo-irrigation-planner.png\" class=\"wpex-align-middle\" alt=\"\" decoding=\"async\" loading=\"lazy\" srcset=\"https:\/\/agranimo.com\/wp-content\/uploads\/2022\/07\/soil-sensor-agranimo-irrigation-planner.png 401w, https:\/\/agranimo.com\/wp-content\/uploads\/2022\/07\/soil-sensor-agranimo-irrigation-planner-258x300.png 258w\" sizes=\"(max-width: 401px) 100vw, 401px\" \/><\/a><\/div><\/figure><\/div><div class=\"id-5550 vcex-image-grid-entry vcex-grid-item textcenter span_1_of_2 span_1_of_2_pl span_1_of_2_pp col col-2\"><figure class=\"vcex-image-grid-entry-figure wpex-last-mb-0 wpex-clr\"><div class=\"vcex-image-grid-entry-img entry-media wpex-mb-20\"><a href=\"https:\/\/agranimo.com\/wp-content\/uploads\/2022\/07\/weather-station-agranimo.png\" class=\"vcex-image-grid-entry-link wpex-lightbox-group-item\" ><img width=\"401\" height=\"468\" src=\"https:\/\/agranimo.com\/wp-content\/uploads\/2022\/07\/weather-station-agranimo.png\" class=\"wpex-align-middle\" alt=\"\" decoding=\"async\" loading=\"lazy\" srcset=\"https:\/\/agranimo.com\/wp-content\/uploads\/2022\/07\/weather-station-agranimo.png 401w, https:\/\/agranimo.com\/wp-content\/uploads\/2022\/07\/weather-station-agranimo-257x300.png 257w\" sizes=\"(max-width: 401px) 100vw, 401px\" \/><\/a><\/div><\/figure><\/div><\/div><\/div>[\/vc_column_inner][\/vc_row_inner][\/vc_column][\/vc_row][vc_row full_width=&#8220;stretch_row&#8220;][vc_column][vc_row_inner columns_right=&#8220;yes&#8220; el_class=&#8220;row_reverse&#8220;][vc_column_inner width=&#8220;1\/2&#8243;][vc_single_image image=&#8220;6185&#8243;][\/vc_column_inner][vc_column_inner width=&#8220;1\/2&#8243;]<style>.vcex_69ee40db5e40a{height:30px;}@media (max-width:1024px){.vcex_69ee40db5e40a{height:30px;}}@media (max-width:959px){.vcex_69ee40db5e40a{height:30px;}}@media (max-width:767px){.vcex_69ee40db5e40a{height:15px;}}@media (max-width:479px){.vcex_69ee40db5e40a{height:15px;}}<\/style><div class=\"vcex-spacing wpex-w-100 wpex-clear vcex_69ee40db5e40a\"><\/div><style>.vcex_69ee40db5e552{font-size:43px!important;}@media (max-width:1024px){.vcex_69ee40db5e552{font-size:43px!important;}}@media (max-width:959px){.vcex_69ee40db5e552{font-size:43px!important;}}@media (max-width:767px){.vcex_69ee40db5e552{font-size:20px!important;}}@media (max-width:479px){.vcex_69ee40db5e552{font-size:20px!important;}}<\/style><h2 class=\"vcex-heading vcex-module wpex-text-2xl wpex-font-normal wpex-m-auto wpex-max-w-100 vcex-heading-plain wpex-block wpex-text-left vc_custom_1660118351161 vcex_69ee40db5e552\" style=\"color:#201c3b;font-weight:400;\"><span class=\"vcex-heading-inner wpex-inline-block wpex-clr\">Bew\u00e4sserungsmanagement<\/span><\/h2>[vc_column_text text_align=&#8220;left&#8220; color=&#8220;#201c3b&#8220; font_size=&#8220;16px&#8220; css=&#8220;.vc_custom_1660118363991{padding-top: 15px !important;}&#8220; font_weight=&#8220;300&#8243;]Unsere umfassende Plattform f\u00fcr das Bew\u00e4sserungsmanagement und unser Kundendienst helfen bei der Planung der w\u00f6chentlichen Bew\u00e4sserung. Der Service umfasst:[\/vc_column_text]<h2 class=\"vcex-heading vcex-module wpex-text-2xl wpex-font-normal wpex-m-auto wpex-max-w-100 vcex-heading-plain wpex-block wpex-text-left vc_custom_1660118378167\" style=\"color:#201c3b;font-size:16px;font-weight:600;\"><span class=\"vcex-heading-inner wpex-inline-block wpex-clr\">Kalibrierung des Bodensensors<\/span><\/h2><div style=\"color:#201c3b;font-size:16px;font-weight:300;\" class=\"vcex-module vcex-bullets vcex-bullets-ni wpex-text-left vc_custom_1661273683232\">\n<ul>\n<li>Wasserh\u00f6he<\/li>\n<li>Verf\u00fcgbares Wasserdefizit der Pflanze<\/li>\n<\/ul>\n<\/div><h2 class=\"vcex-heading vcex-module wpex-text-2xl wpex-font-normal wpex-m-auto wpex-max-w-100 vcex-heading-plain wpex-block wpex-text-left vc_custom_1660118407366\" style=\"color:#201c3b;font-size:16px;font-weight:600;\"><span class=\"vcex-heading-inner wpex-inline-block wpex-clr\">W\u00f6chentlicher Bew\u00e4sserungsbericht<\/span><\/h2><h2 class=\"vcex-heading vcex-module wpex-text-2xl wpex-font-normal wpex-m-auto wpex-max-w-100 vcex-heading-plain wpex-block wpex-text-left vc_custom_1660118425096\" style=\"color:#201c3b;font-size:16px;font-weight:600;\"><span class=\"vcex-heading-inner wpex-inline-block wpex-clr\">Kalibrierung des Bodensensors<\/span><\/h2><h2 class=\"vcex-heading vcex-module wpex-text-2xl wpex-font-normal wpex-m-auto wpex-max-w-100 vcex-heading-plain wpex-block wpex-text-left vc_custom_1660118438697\" style=\"color:#201c3b;font-size:16px;font-weight:600;\"><span class=\"vcex-heading-inner wpex-inline-block wpex-clr\">Indikatoren f\u00fcr die Bew\u00e4sserungseffizienz<\/span><\/h2>[\/vc_column_inner][\/vc_row_inner][vc_row_inner css=&#8220;.vc_custom_1660118572669{margin-top: 15px !important;margin-right: 15px !important;border-top-width: 1px !important;border-right-width: 1px !important;border-bottom-width: 1px !important;border-left-width: 1px !important;border-left-color: #201c3b !important;border-left-style: solid !important;border-right-color: #201c3b !important;border-right-style: solid !important;border-top-color: #201c3b !important;border-top-style: solid !important;border-bottom-color: #201c3b !important;border-bottom-style: solid !important;border-radius: 10px !important;}&#8220; el_class=&#8220;row_reverse&#8220;][vc_column_inner width=&#8220;1\/2&#8243;][vc_single_image image=&#8220;5538&#8243;][\/vc_column_inner][vc_column_inner width=&#8220;1\/2&#8243;]<style>.vcex_69ee40db5ee6a{height:30px;}@media (max-width:1024px){.vcex_69ee40db5ee6a{height:30px;}}@media (max-width:767px){.vcex_69ee40db5ee6a{height:0px;}}@media (max-width:479px){.vcex_69ee40db5ee6a{height:0px;}}<\/style><div class=\"vcex-spacing wpex-w-100 wpex-clear vcex_69ee40db5ee6a\"><\/div><style>.vcex_69ee40db5ef70{font-size:43px!important;}@media (max-width:1024px){.vcex_69ee40db5ef70{font-size:43px!important;}}@media (max-width:959px){.vcex_69ee40db5ef70{font-size:43px!important;}}@media (max-width:767px){.vcex_69ee40db5ef70{font-size:20px!important;}}@media (max-width:479px){.vcex_69ee40db5ef70{font-size:20px!important;}}<\/style><div class=\"vcex-heading vcex-module wpex-text-2xl wpex-font-normal wpex-m-auto wpex-max-w-100 vcex-heading-plain wpex-block wpex-text-left vc_custom_1659356448417 vcex_69ee40db5ef70\" style=\"color:#6bb708;\"><span class=\"vcex-heading-inner wpex-inline-block wpex-clr\">ET-Satelliten-viewer<\/span><\/div>[vc_column_text text_align=&#8220;left&#8220; color=&#8220;#201c3b&#8220; font_size=&#8220;16px&#8220; css=&#8220;.vc_custom_1660118457842{padding-top: 15px !important;border-radius: 2px !important;}&#8220; font_weight=&#8220;300&#8243;]Mit Hilfe des \u201cSurface Energy Balance Algorithm for Land\u201c (SEBAL) k\u00f6nnen wir anhand von Satellitenbildern die tats\u00e4chliche Evapotranspiration (ET) berechnen. Das Tool liefert w\u00f6chentlich Informationen f\u00fcr jeden Sektor:[\/vc_column_text][vc_column_text text_align=&#8220;left&#8220; color=&#8220;#201c3b&#8220; font_size=&#8220;16px&#8220; css=&#8220;.vc_custom_1660118485124{padding-top: 15px !important;border-radius: 2px !important;}&#8220; font_weight=&#8220;300&#8243;]\n<ul>\n<li>NDVI<\/li>\n<li>ET-real<\/li>\n<li>ET-Defizit<\/li>\n<\/ul>\n[\/vc_column_text]<div class=\"vc_custom_1660118506827 wpex-clr\"><a href=\"https:\/\/agranimo.com\/free-trial-registration\/\" class=\"vcex-button theme-button align-left inline\" style=\"border-radius:8px;\"><span class=\"theme-button-inner\">Testen Sie es Kostenlos!<\/span><\/a><\/div> [\/vc_column_inner][\/vc_row_inner][\/vc_column][\/vc_row][vc_row full_width=&#8220;stretch_row&#8220; css=&#8220;.vc_custom_1660118793594{background-color: #201c3b !important;}&#8220;][vc_column]<style>.vcex_69ee40db5f17f{height:30px;}@media (max-width:1024px){.vcex_69ee40db5f17f{height:30px;}}@media (max-width:959px){.vcex_69ee40db5f17f{height:30px;}}@media (max-width:767px){.vcex_69ee40db5f17f{height:15px;}}@media (max-width:479px){.vcex_69ee40db5f17f{height:15px;}}<\/style><div class=\"vcex-spacing wpex-w-100 wpex-clear vcex_69ee40db5f17f\"><\/div>[vc_row_inner remove_bottom_col_margin=&#8220;true&#8220;][vc_column_inner width=&#8220;1\/2&#8243;]<style>.vcex_69ee40db5f28e{font-size:43px!important;}@media (max-width:1024px){.vcex_69ee40db5f28e{font-size:43px!important;}}@media (max-width:959px){.vcex_69ee40db5f28e{font-size:43px!important;}}@media (max-width:767px){.vcex_69ee40db5f28e{font-size:20px!important;}}@media (max-width:479px){.vcex_69ee40db5f28e{font-size:20px!important;}}<\/style><div class=\"vcex-heading vcex-module wpex-text-2xl wpex-font-normal wpex-m-auto wpex-max-w-100 vcex-heading-plain wpex-block wpex-text-left vc_custom_1660119234070 vcex_69ee40db5f28e\" style=\"color:#ffffff;\"><span class=\"vcex-heading-inner wpex-inline-block wpex-clr\">Frostprognose<\/span><\/div>[vc_column_text color=&#8220;#ffffff&#8220; font_weight=&#8220;300&#8243; css=&#8220;.vc_custom_1660119251264{margin-bottom: 30px !important;}&#8220; font_size=&#8220;16px&#8220;]W\u00e4hrend der Frostsaison bietet Agranimo f\u00fcr jedes Frostereignis die folgenden Dienstleistungen an:<\/p>\n<ul>\n<li>10-Stunden-Vorhersage (Agranimo FrostRisk, ein maschinelles Lernmodell, das auf Millionen von Datenpunkten von verschiedenen Standorten, an denen wir t\u00e4tig sind, trainiert wurde),<\/li>\n<li>Alarmierung w\u00e4hrend des Ereignisses (automatischer Anruf, SMS und WhatsApp)<\/li>\n<li>Frostbericht nach jedem Ereignis<\/li>\n<\/ul>\n<p>F\u00fcr diesen Dienst ist nur eine einfache Wetterstation erforderlich, und er ist bei vielen Landwirten weltweit sehr beliebt.[\/vc_column_text][\/vc_column_inner][vc_column_inner width=&#8220;1\/2&#8243;]<style>.vcex_69ee40db5f349{height:30px;}@media (max-width:1024px){.vcex_69ee40db5f349{height:30px;}}@media (max-width:959px){.vcex_69ee40db5f349{height:30px;}}@media (max-width:767px){.vcex_69ee40db5f349{height:0px;}}@media (max-width:479px){.vcex_69ee40db5f349{height:0px;}}<\/style><div class=\"vcex-spacing wpex-w-100 wpex-clear vcex_69ee40db5f349\"><\/div>[vc_single_image image=&#8220;5745&#8243;][\/vc_column_inner][\/vc_row_inner][vc_row_inner remove_bottom_col_margin=&#8220;true&#8220;][vc_column_inner width=&#8220;1\/2&#8243;][vc_single_image image=&#8220;5760&#8243; alignment=&#8220;center&#8220;][\/vc_column_inner][vc_column_inner width=&#8220;1\/2&#8243;]<style>.vcex_69ee40db5f3ab{height:30px;}@media (max-width:1024px){.vcex_69ee40db5f3ab{height:30px;}}@media (max-width:959px){.vcex_69ee40db5f3ab{height:30px;}}@media (max-width:767px){.vcex_69ee40db5f3ab{height:0px;}}@media (max-width:479px){.vcex_69ee40db5f3ab{height:0px;}}<\/style><div class=\"vcex-spacing wpex-w-100 wpex-clear vcex_69ee40db5f3ab\"><\/div><style>.vcex_69ee40db5f4c7{font-size:43px!important;}@media (max-width:1024px){.vcex_69ee40db5f4c7{font-size:43px!important;}}@media (max-width:959px){.vcex_69ee40db5f4c7{font-size:43px!important;}}@media (max-width:767px){.vcex_69ee40db5f4c7{font-size:20px!important;}}@media (max-width:479px){.vcex_69ee40db5f4c7{font-size:20px!important;}}<\/style><div class=\"vcex-heading vcex-module wpex-text-2xl wpex-font-normal wpex-m-auto wpex-max-w-100 vcex-heading-plain wpex-block wpex-text-left vcex_69ee40db5f4c7\" style=\"color:#ffffff;\"><span class=\"vcex-heading-inner wpex-inline-block wpex-clr\">Krankheitsmodelle<\/span><\/div>[vc_column_text color=&#8220;#ffffff&#8220; font_weight=&#8220;300&#8243; css=&#8220;.vc_custom_1660119376363{margin-bottom: 30px !important;}&#8220; font_size=&#8220;16px&#8220;]Die Ph\u00e4nologie ist ein wichtiger Bestandteil der \u00dcberwachung der Entwicklung von Sch\u00e4dlingen und Pilzen. Durch die \u00dcberwachung von Temperatur, Luftfeuchtigkeit und Blattn\u00e4sse k\u00f6nnen wir helfen, Sch\u00e4dlingszyklen zu \u00fcberwachen und den besten Zeitpunkt f\u00fcr Schutzma\u00dfnahmen zu bestimmen, um Sch\u00e4den zu verhindern.<\/p>\n<p>Zu den derzeit implementierten Modellen geh\u00f6ren <strong>Apfelschorf<\/strong> und <strong>Erdbeermehltau.<\/strong>[\/vc_column_text][\/vc_column_inner][\/vc_row_inner][\/vc_column][\/vc_row][vc_row full_width=&#8220;stretch_row&#8220;][vc_column]<style>.vcex_69ee40db5f583{height:90px;}@media (max-width:1024px){.vcex_69ee40db5f583{height:90px;}}@media (max-width:959px){.vcex_69ee40db5f583{height:90px;}}@media (max-width:767px){.vcex_69ee40db5f583{height:15px;}}@media (max-width:479px){.vcex_69ee40db5f583{height:15px;}}<\/style><div class=\"vcex-spacing wpex-w-100 wpex-clear vcex_69ee40db5f583\"><\/div><div class=\"vcex-heading vcex-module wpex-text-2xl wpex-font-normal wpex-m-auto wpex-max-w-100 vcex-heading-plain wpex-block wpex-text-center vc_custom_1660119319061\" style=\"color:#201c3b;font-size:43px;\"><span class=\"vcex-heading-inner wpex-inline-block wpex-clr\">Ertragsprognose<\/span><\/div><div class=\"vcex-spacing wpex-w-100 wpex-clear\" style=\"height:15px;\"><\/div>[vc_column_text color=&#8220;#201c3b&#8220; font_weight=&#8220;300&#8243; css=&#8220;.vc_custom_1660119304025{margin-bottom: 30px !important;}&#8220; font_size=&#8220;16px&#8220; text_align=&#8220;center&#8220; width=&#8220;90%&#8220; line_height=&#8220;10px&#8220;]Wir haben Pionierarbeit geleistet, um den Ertrag von Obstg\u00e4rten anhand von Blattproben zu sch\u00e4tzen. Der Dienst befindet sich derzeit in der kommerziellen Testphase.<\/p>\n<p>Setzen Sie sich mit uns in Verbindung, um kostenlos teilzunehmen und in Zukunft Preisnachl\u00e4sse f\u00fcr den Service zu erhalten.[\/vc_column_text]<div class=\"vcex-spacing wpex-w-100 wpex-clear\" style=\"height:15px;\"><\/div><div class=\"theme-button-wrap textcenter wpex-clr\"><a href=\"https:\/\/agranimo.com\/de\/kontakt\/\" class=\"vcex-button theme-button align-center inline wpex-flex-shrink-0\" style=\"border-radius:8px;width:200px;\"><span class=\"theme-button-inner\">Registrieren f\u00fcr eine Testversion<\/span><\/a><\/div> <style>.vcex_69ee40db5f8e5{height:90px;}@media (max-width:1024px){.vcex_69ee40db5f8e5{height:90px;}}@media (max-width:959px){.vcex_69ee40db5f8e5{height:90px;}}@media (max-width:767px){.vcex_69ee40db5f8e5{height:15px;}}@media (max-width:479px){.vcex_69ee40db5f8e5{height:15px;}}<\/style><div class=\"vcex-spacing wpex-w-100 wpex-clear vcex_69ee40db5f8e5\"><\/div>[\/vc_column][\/vc_row][vc_row full_width=&#8220;stretch_row_content&#8220; css=&#8220;.vc_custom_1652373553619{background-color: #f0f8e6 !important;}&#8220;][vc_column width=&#8220;1\/3&#8243; offset=&#8220;vc_hidden-xs&#8220;][vc_single_image image=&#8220;5298&#8243; img_size=&#8220;medium&#8220; alignment=&#8220;center&#8220; css=&#8220;.vc_custom_1658924170119{padding-top: 60px !important;}&#8220;][\/vc_column][vc_column width=&#8220;2\/3&#8243;]<style>.vcex_69ee40db5f944{height:60px;}@media (max-width:1024px){.vcex_69ee40db5f944{height:60px;}}@media (max-width:959px){.vcex_69ee40db5f944{height:60px;}}@media (max-width:767px){.vcex_69ee40db5f944{height:15px;}}@media (max-width:479px){.vcex_69ee40db5f944{height:15px;}}<\/style><div class=\"vcex-spacing wpex-w-100 wpex-clear vcex_69ee40db5f944\"><\/div><div class=\"vcex-heading vcex-module wpex-text-2xl wpex-font-normal wpex-m-auto wpex-max-w-100 vcex-heading-plain wpex-block wpex-text-center vc_custom_1658924204504\" style=\"font-size:23px;font-weight:600;\"><span class=\"vcex-heading-inner wpex-inline-block wpex-clr\">Newsletter abonnieren<\/span><\/div><div class=\"vcex-module vcex-form-shortcode wpex-form wpex-m-auto wpex-max-w-100\" style=\"width:500px;\"><div class=\"forminator-ui forminator-custom-form forminator-custom-form-4945 forminator-design--default forminator-enclosed forminator_ajax\" data-forminator-render=\"0\" data-form=\"forminator-module-4945\" data-uid=\"69ee40db5fc74\"><br\/><\/div><form\n\t\t\t\tid=\"forminator-module-4945\"\n\t\t\t\tclass=\"forminator-ui forminator-custom-form forminator-custom-form-4945 forminator-design--default forminator-enclosed forminator_ajax\"\n\t\t\t\tmethod=\"post\"\n\t\t\t\tdata-forminator-render=\"0\"\n\t\t\t\tdata-form-id=\"4945\"\n\t\t\t\t\n\t\t\t\tdata-design=\"default\"\n\t\t\t\t\n\t\t\t\t\n\t\t\t\t\n\t\t\t\tdata-grid=\"enclosed\"\n\t\t\t\t\n\t\t\t\t\n\t\t\t\tstyle=\"display: none;\"\n\t\t\t\t\n\t\t\t\tdata-uid=\"69ee40db5fc74\"\n\t\t\t><div class=\"forminator-response-message forminator-error\" aria-hidden=\"true\"><\/div><div class=\"forminator-row\"><div id=\"name-1\" class=\"forminator-col forminator-col-6 \"><div class=\"forminator-field\"><label for=\"forminator-field-name-1_69ee40db5fc74\" class=\"forminator-label\">First Name <span class=\"forminator-required\">*<\/span><\/label><input type=\"text\" name=\"name-1\" value=\"\" placeholder=\"E.g. John\" id=\"forminator-field-name-1_69ee40db5fc74\" class=\"forminator-input forminator-name--field\" aria-required=\"true\" \/><\/div><\/div><div id=\"name-3\" class=\"forminator-col forminator-col-6 \"><div class=\"forminator-row\" data-multiple=\"true\"><div class=\"forminator-col forminator-col-12\"><div class=\"forminator-field\"><label for=\"forminator-field-last-name-3_69ee40db5fc74\" class=\"forminator-label\">Last Name<\/label><input type=\"text\" name=\"name-3-last-name\" placeholder=\"E.g. Doe\" id=\"forminator-field-last-name-3_69ee40db5fc74\" class=\"forminator-input\" aria-required=\"false\" data-multi=\"1\" value=\"\" \/><\/div><\/div><\/div><\/div><\/div><div class=\"forminator-row\"><div id=\"email-1\" class=\"forminator-col forminator-col-12 \"><div class=\"forminator-field\"><label for=\"forminator-field-email-1_69ee40db5fc74\" class=\"forminator-label\">Email Address <span class=\"forminator-required\">*<\/span><\/label><input type=\"email\" name=\"email-1\" value=\"\" placeholder=\"E.g. john@doe.com\" id=\"forminator-field-email-1_69ee40db5fc74\" class=\"forminator-input forminator-email--field\" data-required=\"true\" aria-required=\"true\" \/><\/div><\/div><\/div><div class=\"forminator-row\"><div id=\"consent-1\" class=\"forminator-col forminator-col-12 \"><div class=\"forminator-field\"><label for=\"forminator-field-consent-1_69ee40db5fc74\" class=\"forminator-label\">Consent <span class=\"forminator-required\">*<\/span><\/label><div class=\"forminator-checkbox__wrapper\"><label for=\"forminator-field-consent-1_69ee40db5fc74\" class=\"forminator-checkbox\" style=\"margin: 0;\" aria-labelledby=\"forminator-field-consent-1_69ee40db5fc74__label\"><input type=\"checkbox\" name=\"consent-1\" value=\"checked\" id=\"forminator-field-consent-1_69ee40db5fc74\" data-required=\"true\" aria-required=\"true\" \/><span class=\"forminator-checkbox-box\" aria-hidden=\"true\"><\/span><\/label><div id=\"forminator-field-consent-1_69ee40db5fc74__label\" class=\"forminator-checkbox__label\"><p>Yes, I agree with the <a href=\"https:\/\/agranimo.com\/privacy-policy\/\" target=\"_blank\" rel=\"noopener\">privacy policy<\/a> and <a href=\"#\" target=\"_blank\" rel=\"noopener\">terms and conditions.<\/a><\/p><\/div><\/div><\/div><\/div><\/div><input type=\"hidden\" name=\"referer_url\" value=\"\" \/><div class=\"forminator-row forminator-row-last\"><div class=\"forminator-col\"><div class=\"forminator-field\"><button class=\"forminator-button forminator-button-submit\">Subscribe<\/button><\/div><\/div><\/div><input type=\"hidden\" id=\"forminator_nonce\" name=\"forminator_nonce\" value=\"0ec29d363f\" \/><input type=\"hidden\" name=\"_wp_http_referer\" value=\"\/de\/wp-json\/wp\/v2\/pages\/5645\/\" \/><input type=\"hidden\" name=\"form_id\" value=\"4945\"><input type=\"hidden\" name=\"page_id\" value=\"5550\"><input type=\"hidden\" name=\"form_type\" value=\"default\"><input type=\"hidden\" name=\"current_url\" value=\"https:\/\/agranimo.com\/de\/weather-station-agranimo-2\/\"><input type=\"hidden\" name=\"render_id\" value=\"0\"><input type=\"hidden\" name=\"action\" value=\"forminator_submit_form_custom-forms\"><\/form><\/div>[\/vc_column][\/vc_row]\n","protected":false},"excerpt":{"rendered":"<p>[vc_row full_width=&#8220;stretch_row&#8220; css=&#8220;.vc_custom_1660056616353{margin-right: -65px !important;}&#8220;][vc_column width=&#8220;1\/3&#8243; css=&#8220;.vc_custom_1660057066840{border-right-width: -100px !important;}&#8220;][vc_column_text color=&#8220;#201c3b&#8220; font_size=&#8220;16px&#8220; font_family=&#8220;Source Sans Pro&#8220; font_weight=&#8220;300&#8243; text_align=&#8220;left&#8220; width=&#8220;100%&#8220; align=&#8220;left&#8220; css=&#8220;.vc_custom_1660057121407{padding-right: -100px !important;}&#8220;]Die Hauptschwerpunkte von Agranimo sind: Bew\u00e4sserungsmanagement Pflanzenschutz (Frost, integrierte Sch\u00e4dlingsbek\u00e4mpfung) \u00a0Vorhersage von Ertr\u00e4gen Wir arbeiten mit Sensoren, um Informationen aus dem Feld zu sammeln und Empfehlungen und Analysen \u00fcber unsere App oder unser Webportal in&hellip;<\/p>\n","protected":false},"author":2,"featured_media":0,"parent":0,"menu_order":0,"comment_status":"closed","ping_status":"closed","template":"","meta":{"content-type":""},"_links":{"self":[{"href":"https:\/\/agranimo.com\/de\/wp-json\/wp\/v2\/pages\/5645\/"}],"collection":[{"href":"https:\/\/agranimo.com\/de\/wp-json\/wp\/v2\/pages\/"}],"about":[{"href":"https:\/\/agranimo.com\/de\/wp-json\/wp\/v2\/types\/page\/"}],"author":[{"embeddable":true,"href":"https:\/\/agranimo.com\/de\/wp-json\/wp\/v2\/users\/2\/"}],"replies":[{"embeddable":true,"href":"https:\/\/agranimo.com\/de\/wp-json\/wp\/v2\/comments\/?post=5645"}],"version-history":[{"count":8,"href":"https:\/\/agranimo.com\/de\/wp-json\/wp\/v2\/pages\/5645\/revisions\/"}],"predecessor-version":[{"id":6251,"href":"https:\/\/agranimo.com\/de\/wp-json\/wp\/v2\/pages\/5645\/revisions\/6251\/"}],"wp:attachment":[{"href":"https:\/\/agranimo.com\/de\/wp-json\/wp\/v2\/media\/?parent=5645"}],"curies":[{"name":"wp","href":"https:\/\/api.w.org\/{rel}","templated":true}]}}