{"id":5871,"date":"2022-08-01T20:31:28","date_gmt":"2022-08-01T18:31:28","guid":{"rendered":"https:\/\/agranimo.com\/uber-agranimo\/"},"modified":"2022-08-11T10:52:51","modified_gmt":"2022-08-11T08:52:51","slug":"uber-agranimo","status":"publish","type":"page","link":"https:\/\/agranimo.com\/de\/uber-agranimo\/","title":{"rendered":"\u00dcber Agranimo"},"content":{"rendered":"[vc_row full_width=&#8220;stretch_row&#8220;][vc_column width=&#8220;1\/2&#8243;]<div class=\"vcex-spacing wpex-w-100 wpex-clear\" style=\"height:15px;\"><\/div><style>.vcex_69ee569c3c2ed{height:120px;}@media (max-width:1024px){.vcex_69ee569c3c2ed{height:120px;}}@media (max-width:959px){.vcex_69ee569c3c2ed{height:120px;}}@media (max-width:767px){.vcex_69ee569c3c2ed{height:15px;}}@media (max-width:479px){.vcex_69ee569c3c2ed{height:15px;}}<\/style><div class=\"vcex-spacing wpex-w-100 wpex-clear vcex_69ee569c3c2ed\"><\/div><h1 class=\"vcex-heading vcex-module wpex-text-2xl wpex-font-normal wpex-m-auto wpex-max-w-100 vcex-heading-plain wpex-block wpex-text-left\" style=\"color:#201c3b;font-family:&#039;Source Sans Pro&#039;,sans-serif;font-size:43px;letter-spacing:var(--wpex-tracking-normal);font-weight:400;\"><span class=\"vcex-heading-inner wpex-inline-block wpex-clr\">\u00dcber Agranimo<\/span><\/h1>[vc_column_text color=&#8220;#201c3b&#8220; font_size=&#8220;16px&#8220; font_family=&#8220;Source Sans Pro&#8220; width=&#8220;90%&#8220; font_weight=&#8220;300&#8243; text_align=&#8220;left&#8220; align=&#8220;left&#8220;]Unser Hauptziel ist es, eine langfristige Nachhaltigkeit des Lebensmittelkonsums zu erreichen. Um dies zu erreichen, m\u00fcssen wir uns auf die Schl\u00fcsselbereiche konzentrieren: Reduzierung der f\u00fcr die Produktion erforderlichen Inputs, Reduzierung der Produktionsunsicherheit, Verbesserung der Logistikeffizienz und Reduzierung der Lebensmittelverschwendung und damit Gew\u00e4hrleistung der langfristigen Rentabilit\u00e4t aller Marktteilnehmer.[\/vc_column_text][\/vc_column][vc_column width=&#8220;1\/2&#8243;][vc_single_image image=&#8220;5862&#8243; alignment=&#8220;left&#8220; css=&#8220;.vc_custom_1660126749951{margin-right: -70px !important;margin-bottom: -50px !important;margin-left: -25px !important;}&#8220;][\/vc_column][\/vc_row][vc_row full_width=&#8220;stretch_row&#8220; el_class=&#8220;row_reverse&#8220;][vc_column width=&#8220;1\/2&#8243;]<div class=\"vcex-spacing wpex-w-100 wpex-clear\" style=\"height:15px;\"><\/div>[vc_single_image image=&#8220;5879&#8243; alignment=&#8220;center&#8220; css=&#8220;.vc_custom_1660126927271{margin-top: -5px !important;margin-right: -5px !important;margin-bottom: -40px !important;margin-left: -70px !important;}&#8220;][\/vc_column][vc_column width=&#8220;1\/2&#8243;]<style>.vcex_69ee569c3c97d{height:120px;}@media (max-width:1024px){.vcex_69ee569c3c97d{height:120px;}}@media (max-width:959px){.vcex_69ee569c3c97d{height:120px;}}@media (max-width:767px){.vcex_69ee569c3c97d{height:15px;}}@media (max-width:479px){.vcex_69ee569c3c97d{height:15px;}}<\/style><div class=\"vcex-spacing wpex-w-100 wpex-clear vcex_69ee569c3c97d\"><\/div>[vc_column_text text_align=&#8220;left&#8220; color=&#8220;#201c3b&#8220; font_size=&#8220;16px&#8220; font_weight=&#8220;300&#8243;]Mikroklima und Wassermanagement sind die Schl\u00fcsselfaktoren f\u00fcr den landwirtschaftlichen Ertrag. Trotz der offensichtlichen Vorteile sind die aktuellen Tools zu komplex und zu teuer in der Implementierung. Agranimo \u00e4ndert das.<\/p>\n<p>Agranimo ist ein Wissensunternehmen. Durch jahrelange Forschung und Erfahrung in der Betriebsf\u00fchrung k\u00f6nnen wir allen Teilnehmern der Frischwarenlieferkette die beste und wirtschaftlichste \u00dcberwachung und Mikroklimaanalyse bieten.<\/p>\n<p>Wir arbeiten sehr eng mit unseren Kunden zusammen und bem\u00fchen uns durch Innovationen in den Bereichen Agrarwissenschaften und Datentechnologien hervorragende Beratung und Dienstleistungen bereitzustellen.[\/vc_column_text][\/vc_column][\/vc_row][vc_row full_width=&#8220;stretch_row&#8220; css=&#8220;.vc_custom_1660126838666{background-color: #201c3b !important;}&#8220;][vc_column]<style>.vcex_69ee569c3c9c2{height:50px;}@media (max-width:1024px){.vcex_69ee569c3c9c2{height:50px;}}@media (max-width:959px){.vcex_69ee569c3c9c2{height:50px;}}@media (max-width:767px){.vcex_69ee569c3c9c2{height:0px;}}@media (max-width:479px){.vcex_69ee569c3c9c2{height:0px;}}<\/style><div class=\"vcex-spacing wpex-w-100 wpex-clear vcex_69ee569c3c9c2\"><\/div><h1 class=\"vcex-heading vcex-module wpex-text-2xl wpex-font-normal wpex-m-auto wpex-max-w-100 vcex-heading-plain wpex-block wpex-text-center\" style=\"color:#ffffff;font-family:&#039;Source Sans Pro&#039;,sans-serif;font-size:43px;letter-spacing:var(--wpex-tracking-normal);font-weight:400;\"><span class=\"vcex-heading-inner wpex-inline-block wpex-clr\">Aktuelles<\/span><\/h1><style>.vcex_69ee569c3cc5c{height:50px;}@media (max-width:1024px){.vcex_69ee569c3cc5c{height:50px;}}@media (max-width:959px){.vcex_69ee569c3cc5c{height:50px;}}@media (max-width:767px){.vcex_69ee569c3cc5c{height:0px;}}@media (max-width:479px){.vcex_69ee569c3cc5c{height:0px;}}<\/style><div class=\"vcex-spacing wpex-w-100 wpex-clear vcex_69ee569c3cc5c\"><\/div><div class=\"vcex-module vcex-recent-news-wrap wpex-clr\"><div class=\"vcex-recent-news wpex-clr wpex-row\"><div class=\"vcex-recent-news-entry-wrap vcex-grid-item col span_1_of_3 span_1_of_1_pp col-1\"><article class=\"vcex-recent-news-entry wpex-flex post-4412 post type-post status-publish format-standard has-post-thumbnail hentry category-events entry has-media\"><div class=\"vcex-recent-news-date wpex-mr-20 wpex-flex-shrink-0 wpex-text-center\" ><span class=\"day wpex-block wpex-p-5 wpex-surface-2 wpex-text-2 wpex-border wpex-border-b-0 wpex-border-solid wpex-border-surface-3 wpex-font-light wpex-leading-relaxed\">30<\/span><span class=\"month wpex-block wpex-p-5 wpex-bg-accent wpex-uppercase wpex-leading-none\" style=\"background-color:#6bb708;color:#201c3b;\">Juni 21<\/span><\/div><div class=\"vcex-news-entry-details wpex-flex-grow entry-details wpex-first-mt-0 wpex-last-mb-0 wpex-clr\"><div class=\"vcex-news-entry-thumbnail entry-media wpex-mb-20\"><a href=\"https:\/\/agranimo.com\/de\/agranimo-receives-funding-from-nector-holdings-to-accelerate-growth-in-the-fresh-produce-industry-and-improve-its-technology-platform\/\" title=\"Agranimo receives funding from Nector Holdings to accelerate growth in the fresh produce industry and improve its technology platform\"><img width=\"500\" height=\"300\" src=\"https:\/\/agranimo.com\/wp-content\/uploads\/2021\/06\/Investment-Halls.jpg\" class=\"wpex-align-middle\" alt=\"\" decoding=\"async\" loading=\"lazy\" srcset=\"https:\/\/agranimo.com\/wp-content\/uploads\/2021\/06\/Investment-Halls.jpg 500w, https:\/\/agranimo.com\/wp-content\/uploads\/2021\/06\/Investment-Halls-300x180.jpg 300w\" sizes=\"(max-width: 500px) 100vw, 500px\" \/><\/a><\/div><header class=\"vcex-recent-news-entry-title\"><h2 class=\"vcex-recent-news-entry-title-heading entry-title wpex-mb-5\" style=\"color:#ffffff;\"\" style=\"color:#ffffff;\"><a href=\"https:\/\/agranimo.com\/de\/agranimo-receives-funding-from-nector-holdings-to-accelerate-growth-in-the-fresh-produce-industry-and-improve-its-technology-platform\/\">Agranimo receives funding from Nector Holdings to accelerate growth in the fresh produce industry and improve its technology platform<\/a><\/h2><\/header><div class=\"vcex-recent-news-entry-excerpt entry-excerpt wpex-my-15 wpex-last-mb-0 wpex-clr\" style=\"color:#ffffff;\"><p>&nbsp; Today we officially announce the investment of \u20ac2 million from Nector Holdings, the Agtech arm of HL Hall &amp; Sons that will allow further development of the analytics to&hellip;<\/p><\/div><div class=\"vcex-recent-news-entry-readmore-wrap entry-readmore-wrap clr\"><a href=\"https:\/\/agranimo.com\/de\/agranimo-receives-funding-from-nector-holdings-to-accelerate-growth-in-the-fresh-produce-industry-and-improve-its-technology-platform\/\" class=\"theme-button\" style=\"border-radius:8px;\">Mehr Lesen<\/a><\/div><\/div><\/article><\/div><div class=\"vcex-recent-news-entry-wrap vcex-grid-item col span_1_of_3 span_1_of_1_pp col-2\"><article class=\"vcex-recent-news-entry wpex-flex post-3593 post type-post status-publish format-standard has-post-thumbnail hentry category-events entry has-media\"><div class=\"vcex-recent-news-date wpex-mr-20 wpex-flex-shrink-0 wpex-text-center\" ><span class=\"day wpex-block wpex-p-5 wpex-surface-2 wpex-text-2 wpex-border wpex-border-b-0 wpex-border-solid wpex-border-surface-3 wpex-font-light wpex-leading-relaxed\">13<\/span><span class=\"month wpex-block wpex-p-5 wpex-bg-accent wpex-uppercase wpex-leading-none\" style=\"background-color:#6bb708;color:#201c3b;\">Jan. 21<\/span><\/div><div class=\"vcex-news-entry-details wpex-flex-grow entry-details wpex-first-mt-0 wpex-last-mb-0 wpex-clr\"><div class=\"vcex-news-entry-thumbnail entry-media wpex-mb-20\"><a href=\"https:\/\/agranimo.com\/de\/agtech-start-ups-fur-den-obstbau-4-0-in-deutschland\/\" title=\"AgTech Start-ups f\u00fcr den Obstbau 4.0 in Deutschland\"><img width=\"2160\" height=\"1080\" src=\"https:\/\/agranimo.com\/wp-content\/uploads\/2021\/01\/Webinars-All.png\" class=\"wpex-align-middle\" alt=\"\" decoding=\"async\" loading=\"lazy\" srcset=\"https:\/\/agranimo.com\/wp-content\/uploads\/2021\/01\/Webinars-All.png 2160w, https:\/\/agranimo.com\/wp-content\/uploads\/2021\/01\/Webinars-All-300x150.png 300w, https:\/\/agranimo.com\/wp-content\/uploads\/2021\/01\/Webinars-All-1024x512.png 1024w, https:\/\/agranimo.com\/wp-content\/uploads\/2021\/01\/Webinars-All-768x384.png 768w, https:\/\/agranimo.com\/wp-content\/uploads\/2021\/01\/Webinars-All-1536x768.png 1536w, https:\/\/agranimo.com\/wp-content\/uploads\/2021\/01\/Webinars-All-2048x1024.png 2048w\" sizes=\"(max-width: 2160px) 100vw, 2160px\" \/><\/a><\/div><header class=\"vcex-recent-news-entry-title\"><h2 class=\"vcex-recent-news-entry-title-heading entry-title wpex-mb-5\" style=\"color:#ffffff;\"\" style=\"color:#ffffff;\"><a href=\"https:\/\/agranimo.com\/de\/agtech-start-ups-fur-den-obstbau-4-0-in-deutschland\/\">AgTech Start-ups f\u00fcr den Obstbau 4.0 in Deutschland<\/a><\/h2><\/header><div class=\"vcex-recent-news-entry-excerpt entry-excerpt wpex-my-15 wpex-last-mb-0 wpex-clr\" style=\"color:#ffffff;\"><p>Als junge Unternehmen, die Technologien f\u00fcr und mit Obstbauern entwickeln, haben wir uns zusammengeschlossen und freuen uns, Sie im ersten Quartal 2021 zu unserer kostenlosen Webinarreihe f\u00fcr Obstbauern in Nord-,&hellip;<\/p><\/div><div class=\"vcex-recent-news-entry-readmore-wrap entry-readmore-wrap clr\"><a href=\"https:\/\/agranimo.com\/de\/agtech-start-ups-fur-den-obstbau-4-0-in-deutschland\/\" class=\"theme-button\" style=\"border-radius:8px;\">Mehr Lesen<\/a><\/div><\/div><\/article><\/div><div class=\"vcex-recent-news-entry-wrap vcex-grid-item col span_1_of_3 span_1_of_1_pp col-3\"><article class=\"vcex-recent-news-entry wpex-flex post-3325 post type-post status-publish format-standard has-post-thumbnail hentry category-programmes entry has-media\"><div class=\"vcex-recent-news-date wpex-mr-20 wpex-flex-shrink-0 wpex-text-center\" ><span class=\"day wpex-block wpex-p-5 wpex-surface-2 wpex-text-2 wpex-border wpex-border-b-0 wpex-border-solid wpex-border-surface-3 wpex-font-light wpex-leading-relaxed\">30<\/span><span class=\"month wpex-block wpex-p-5 wpex-bg-accent wpex-uppercase wpex-leading-none\" style=\"background-color:#6bb708;color:#201c3b;\">Nov. 20<\/span><\/div><div class=\"vcex-news-entry-details wpex-flex-grow entry-details wpex-first-mt-0 wpex-last-mb-0 wpex-clr\"><div class=\"vcex-news-entry-thumbnail entry-media wpex-mb-20\"><a href=\"https:\/\/agranimo.com\/de\/agranimo-at-bosch-startup-harbour\/\" title=\"Agranimo at Bosch Startup Harbour\"><img width=\"500\" height=\"300\" src=\"https:\/\/agranimo.com\/wp-content\/uploads\/2020\/11\/33.jpg\" class=\"wpex-align-middle\" alt=\"\" decoding=\"async\" loading=\"lazy\" srcset=\"https:\/\/agranimo.com\/wp-content\/uploads\/2020\/11\/33.jpg 500w, https:\/\/agranimo.com\/wp-content\/uploads\/2020\/11\/33-300x180.jpg 300w\" sizes=\"(max-width: 500px) 100vw, 500px\" \/><\/a><\/div><header class=\"vcex-recent-news-entry-title\"><h2 class=\"vcex-recent-news-entry-title-heading entry-title wpex-mb-5\" style=\"color:#ffffff;\"\" style=\"color:#ffffff;\"><a href=\"https:\/\/agranimo.com\/de\/agranimo-at-bosch-startup-harbour\/\">Agranimo at Bosch Startup Harbour<\/a><\/h2><\/header><div class=\"vcex-recent-news-entry-excerpt entry-excerpt wpex-my-15 wpex-last-mb-0 wpex-clr\" style=\"color:#ffffff;\"><p>[vc_row][vc_column][vc_column_text font_family=\"Source Sans Pro\"] &nbsp; Agranimo has been selected from 78 teams to take part in the Startup Harbour program by Bosch!We are very excited to work with various Bosch&hellip;<\/p><\/div><div class=\"vcex-recent-news-entry-readmore-wrap entry-readmore-wrap clr\"><a href=\"https:\/\/agranimo.com\/de\/agranimo-at-bosch-startup-harbour\/\" class=\"theme-button\" style=\"border-radius:8px;\">Mehr Lesen<\/a><\/div><\/div><\/article><\/div><\/div><div class=\"wpex-pagination wpex-clear wpex-mt-30 wpex-clr\"><ul class='page-numbers'>\n\t<li><span aria-current=\"page\" class=\"page-numbers current\"><span class=\"screen-reader-text\">Seite <\/span>1<\/span><\/li>\n\t<li><a class=\"page-numbers\" href=\"https:\/\/agranimo.com\/de\/wp-json\/wp\/v2\/pages\/5871\/page\/2\/\"><span class=\"screen-reader-text\">Seite <\/span>2<\/a><\/li>\n\t<li><a class=\"page-numbers\" href=\"https:\/\/agranimo.com\/de\/wp-json\/wp\/v2\/pages\/5871\/page\/3\/\"><span class=\"screen-reader-text\">Seite <\/span>3<\/a><\/li>\n\t<li><a class=\"next page-numbers\" href=\"https:\/\/agranimo.com\/de\/wp-json\/wp\/v2\/pages\/5871\/page\/2\/\"><span class=\"ticon ticon-angle-right\" aria-hidden=\"true\"><\/span><span class=\"screen-reader-text\">Vorw\u00e4rts<\/span><\/a><\/li>\n<\/ul>\n<\/div><\/div>[\/vc_column][\/vc_row][vc_row full_width=&#8220;stretch_row_content&#8220; css=&#8220;.vc_custom_1652373553619{background-color: #f0f8e6 !important;}&#8220;][vc_column width=&#8220;1\/3&#8243; offset=&#8220;vc_hidden-xs&#8220;][vc_single_image image=&#8220;5298&#8243; img_size=&#8220;medium&#8220; alignment=&#8220;center&#8220;][\/vc_column][vc_column width=&#8220;2\/3&#8243;]<style>.vcex_69ee569c3fc20{height:15px;}@media (max-width:767px){.vcex_69ee569c3fc20{height:15px;}}@media (max-width:479px){.vcex_69ee569c3fc20{height:15px;}}<\/style><div class=\"vcex-spacing wpex-w-100 wpex-clear vcex_69ee569c3fc20\"><\/div><div class=\"vcex-heading vcex-module wpex-text-2xl wpex-font-normal wpex-m-auto wpex-max-w-100 vcex-heading-plain wpex-block wpex-text-center vc_custom_1660126094578\" style=\"font-size:23px;font-weight:600;\"><span class=\"vcex-heading-inner wpex-inline-block wpex-clr\">Newsletter abonnieren<\/span><\/div><div class=\"vcex-module vcex-form-shortcode wpex-form wpex-m-auto wpex-max-w-100\" style=\"width:500px;\"><div class=\"forminator-ui forminator-custom-form forminator-custom-form-4945 forminator-design--default forminator-enclosed forminator_ajax\" data-forminator-render=\"0\" data-form=\"forminator-module-4945\" data-uid=\"69ee569c3fe78\"><br\/><\/div><form\n\t\t\t\tid=\"forminator-module-4945\"\n\t\t\t\tclass=\"forminator-ui forminator-custom-form forminator-custom-form-4945 forminator-design--default forminator-enclosed forminator_ajax\"\n\t\t\t\tmethod=\"post\"\n\t\t\t\tdata-forminator-render=\"0\"\n\t\t\t\tdata-form-id=\"4945\"\n\t\t\t\t\n\t\t\t\tdata-design=\"default\"\n\t\t\t\t\n\t\t\t\t\n\t\t\t\t\n\t\t\t\tdata-grid=\"enclosed\"\n\t\t\t\t\n\t\t\t\t\n\t\t\t\tstyle=\"display: none;\"\n\t\t\t\t\n\t\t\t\tdata-uid=\"69ee569c3fe78\"\n\t\t\t><div class=\"forminator-response-message forminator-error\" aria-hidden=\"true\"><\/div><div class=\"forminator-row\"><div id=\"name-1\" class=\"forminator-col forminator-col-6 \"><div class=\"forminator-field\"><label for=\"forminator-field-name-1_69ee569c3fe78\" class=\"forminator-label\">First Name <span class=\"forminator-required\">*<\/span><\/label><input type=\"text\" name=\"name-1\" value=\"\" placeholder=\"E.g. John\" id=\"forminator-field-name-1_69ee569c3fe78\" class=\"forminator-input forminator-name--field\" aria-required=\"true\" \/><\/div><\/div><div id=\"name-3\" class=\"forminator-col forminator-col-6 \"><div class=\"forminator-row\" data-multiple=\"true\"><div class=\"forminator-col forminator-col-12\"><div class=\"forminator-field\"><label for=\"forminator-field-last-name-3_69ee569c3fe78\" class=\"forminator-label\">Last Name<\/label><input type=\"text\" name=\"name-3-last-name\" placeholder=\"E.g. Doe\" id=\"forminator-field-last-name-3_69ee569c3fe78\" class=\"forminator-input\" aria-required=\"false\" data-multi=\"1\" value=\"\" \/><\/div><\/div><\/div><\/div><\/div><div class=\"forminator-row\"><div id=\"email-1\" class=\"forminator-col forminator-col-12 \"><div class=\"forminator-field\"><label for=\"forminator-field-email-1_69ee569c3fe78\" class=\"forminator-label\">Email Address <span class=\"forminator-required\">*<\/span><\/label><input type=\"email\" name=\"email-1\" value=\"\" placeholder=\"E.g. john@doe.com\" id=\"forminator-field-email-1_69ee569c3fe78\" class=\"forminator-input forminator-email--field\" data-required=\"true\" aria-required=\"true\" \/><\/div><\/div><\/div><div class=\"forminator-row\"><div id=\"consent-1\" class=\"forminator-col forminator-col-12 \"><div class=\"forminator-field\"><label for=\"forminator-field-consent-1_69ee569c3fe78\" class=\"forminator-label\">Consent <span class=\"forminator-required\">*<\/span><\/label><div class=\"forminator-checkbox__wrapper\"><label for=\"forminator-field-consent-1_69ee569c3fe78\" class=\"forminator-checkbox\" style=\"margin: 0;\" aria-labelledby=\"forminator-field-consent-1_69ee569c3fe78__label\"><input type=\"checkbox\" name=\"consent-1\" value=\"checked\" id=\"forminator-field-consent-1_69ee569c3fe78\" data-required=\"true\" aria-required=\"true\" \/><span class=\"forminator-checkbox-box\" aria-hidden=\"true\"><\/span><\/label><div id=\"forminator-field-consent-1_69ee569c3fe78__label\" class=\"forminator-checkbox__label\"><p>Yes, I agree with the <a href=\"https:\/\/agranimo.com\/privacy-policy\/\" target=\"_blank\" rel=\"noopener\">privacy policy<\/a> and <a href=\"#\" target=\"_blank\" rel=\"noopener\">terms and conditions.<\/a><\/p><\/div><\/div><\/div><\/div><\/div><input type=\"hidden\" name=\"referer_url\" value=\"\" \/><div class=\"forminator-row forminator-row-last\"><div class=\"forminator-col\"><div class=\"forminator-field\"><button class=\"forminator-button forminator-button-submit\">Subscribe<\/button><\/div><\/div><\/div><input type=\"hidden\" id=\"forminator_nonce\" name=\"forminator_nonce\" value=\"0ec29d363f\" \/><input type=\"hidden\" name=\"_wp_http_referer\" value=\"\/de\/wp-json\/wp\/v2\/pages\/5871\/\" \/><input type=\"hidden\" name=\"form_id\" value=\"4945\"><input type=\"hidden\" name=\"page_id\" value=\"3325\"><input type=\"hidden\" name=\"form_type\" value=\"default\"><input type=\"hidden\" name=\"current_url\" value=\"https:\/\/agranimo.com\/de\/agranimo-at-bosch-startup-harbour\/\"><input type=\"hidden\" name=\"render_id\" value=\"0\"><input type=\"hidden\" name=\"action\" value=\"forminator_submit_form_custom-forms\"><\/form><\/div>[\/vc_column][\/vc_row]\n","protected":false},"excerpt":{"rendered":"<p>[vc_row full_width=&#8220;stretch_row&#8220;][vc_column width=&#8220;1\/2&#8243;][vc_column_text color=&#8220;#201c3b&#8220; font_size=&#8220;16px&#8220; font_family=&#8220;Source Sans Pro&#8220; width=&#8220;90%&#8220; font_weight=&#8220;300&#8243; text_align=&#8220;left&#8220; align=&#8220;left&#8220;]Unser Hauptziel ist es, eine langfristige Nachhaltigkeit des Lebensmittelkonsums zu erreichen. Um dies zu erreichen, m\u00fcssen wir uns auf die Schl\u00fcsselbereiche konzentrieren: Reduzierung der f\u00fcr die Produktion erforderlichen Inputs, Reduzierung der Produktionsunsicherheit, Verbesserung der Logistikeffizienz und Reduzierung der Lebensmittelverschwendung und damit Gew\u00e4hrleistung der langfristigen&hellip;<\/p>\n","protected":false},"author":2,"featured_media":0,"parent":0,"menu_order":0,"comment_status":"closed","ping_status":"closed","template":"","meta":{"content-type":""},"_links":{"self":[{"href":"https:\/\/agranimo.com\/de\/wp-json\/wp\/v2\/pages\/5871\/"}],"collection":[{"href":"https:\/\/agranimo.com\/de\/wp-json\/wp\/v2\/pages\/"}],"about":[{"href":"https:\/\/agranimo.com\/de\/wp-json\/wp\/v2\/types\/page\/"}],"author":[{"embeddable":true,"href":"https:\/\/agranimo.com\/de\/wp-json\/wp\/v2\/users\/2\/"}],"replies":[{"embeddable":true,"href":"https:\/\/agranimo.com\/de\/wp-json\/wp\/v2\/comments\/?post=5871"}],"version-history":[{"count":9,"href":"https:\/\/agranimo.com\/de\/wp-json\/wp\/v2\/pages\/5871\/revisions\/"}],"predecessor-version":[{"id":6202,"href":"https:\/\/agranimo.com\/de\/wp-json\/wp\/v2\/pages\/5871\/revisions\/6202\/"}],"wp:attachment":[{"href":"https:\/\/agranimo.com\/de\/wp-json\/wp\/v2\/media\/?parent=5871"}],"curies":[{"name":"wp","href":"https:\/\/api.w.org\/{rel}","templated":true}]}}