{"id":6029,"date":"2022-08-04T12:43:00","date_gmt":"2022-08-04T10:43:00","guid":{"rendered":"https:\/\/agranimo.com\/et-satellite-viewer-kostenloser-test\/"},"modified":"2022-08-04T12:55:24","modified_gmt":"2022-08-04T10:55:24","slug":"kostenloser-test-registrierung","status":"publish","type":"page","link":"https:\/\/agranimo.com\/de\/kostenloser-test-registrierung\/","title":{"rendered":"Kostenloser Test &#8211; Registrierung"},"content":{"rendered":"[vc_row full_width=&#8220;stretch_row_content&#8220; remove_bottom_col_margin=&#8220;true&#8220; css=&#8220;.vc_custom_1659606121625{margin-top: 0px !important;padding-top: 0px !important;background-color: #201c3b !important;}&#8220; wpex_bg_position=&#8220;center&#8220;][vc_column width=&#8220;1\/3&#8243; css=&#8220;.vc_custom_1652374343499{margin-bottom: 0px !important;padding-left: 0px !important;}&#8220; offset=&#8220;vc_hidden-sm vc_hidden-xs&#8220;][vc_single_image image=&#8220;5853&#8243;][\/vc_column][vc_column width=&#8220;2\/3&#8243;]<style>.vcex_69e1fc9f81e9e{font-size:43px!important;}@media (max-width:767px){.vcex_69e1fc9f81e9e{font-size:20px!important;}}@media (max-width:479px){.vcex_69e1fc9f81e9e{font-size:20px!important;}}<\/style><div class=\"vcex-heading vcex-module wpex-text-2xl wpex-font-normal wpex-m-auto wpex-max-w-100 vcex-heading-plain wpex-block wpex-text-center vc_custom_1659609581287 vcex_69e1fc9f81e9e\" style=\"color:#ffffff;\"><span class=\"vcex-heading-inner wpex-inline-block wpex-clr\">Kostenloser Test - Registrierung<\/span><\/div><div class=\"vcex-module vcex-form-shortcode wpex-form wpex-m-auto wpex-max-w-100 wpex-form-modern\" style=\"color:#ffffff;width:500px;\"><div class=\"forminator-ui forminator-custom-form forminator-custom-form-6017 forminator-design--default forminator-enclosed forminator_ajax\" data-forminator-render=\"0\" data-form=\"forminator-module-6017\" data-uid=\"69e1fc9f8212c\"><br\/><\/div><form\n\t\t\t\tid=\"forminator-module-6017\"\n\t\t\t\tclass=\"forminator-ui forminator-custom-form forminator-custom-form-6017 forminator-design--default forminator-enclosed forminator_ajax\"\n\t\t\t\tmethod=\"post\"\n\t\t\t\tdata-forminator-render=\"0\"\n\t\t\t\tdata-form-id=\"6017\"\n\t\t\t\t\n\t\t\t\tdata-design=\"default\"\n\t\t\t\t\n\t\t\t\t\n\t\t\t\t\n\t\t\t\tdata-grid=\"enclosed\"\n\t\t\t\t\n\t\t\t\t\n\t\t\t\tstyle=\"display: none;\"\n\t\t\t\t\n\t\t\t\tdata-uid=\"69e1fc9f8212c\"\n\t\t\t><div class=\"forminator-response-message forminator-error\" aria-hidden=\"true\"><\/div><div class=\"forminator-row\"><div id=\"name-1\" class=\"forminator-col forminator-col-12 \"><div class=\"forminator-field\"><label for=\"forminator-field-name-1_69e1fc9f8212c\" class=\"forminator-label\">Name <span class=\"forminator-required\">*<\/span><\/label><input type=\"text\" name=\"name-1\" value=\"\" placeholder=\"E.g. John\" id=\"forminator-field-name-1_69e1fc9f8212c\" class=\"forminator-input forminator-name--field\" aria-required=\"true\" \/><\/div><\/div><\/div><div class=\"forminator-row\"><div id=\"email-1\" class=\"forminator-col forminator-col-6 \"><div class=\"forminator-field\"><label for=\"forminator-field-email-1_69e1fc9f8212c\" class=\"forminator-label\">Email Address <span class=\"forminator-required\">*<\/span><\/label><input type=\"email\" name=\"email-1\" value=\"\" placeholder=\"E.g. john@doe.com\" id=\"forminator-field-email-1_69e1fc9f8212c\" class=\"forminator-input forminator-email--field\" data-required=\"true\" aria-required=\"true\" \/><\/div><\/div><div id=\"text-2\" class=\"forminator-col forminator-col-6 \"><div class=\"forminator-field\"><label for=\"forminator-field-text-2_69e1fc9f8212c\" class=\"forminator-label\">Company name<\/label><input type=\"text\" name=\"text-2\" value=\"\" placeholder=\"Organisation\" id=\"forminator-field-text-2_69e1fc9f8212c\" class=\"forminator-input forminator-name--field\" data-required=\"\" \/><\/div><\/div><\/div><input type=\"hidden\" name=\"referer_url\" value=\"\" \/><div class=\"forminator-row forminator-row-last\"><div class=\"forminator-col\"><div class=\"forminator-field\"><button class=\"forminator-button forminator-button-submit\">Send message<\/button><\/div><\/div><\/div><input type=\"hidden\" id=\"forminator_nonce\" name=\"forminator_nonce\" value=\"93a6740fdd\" \/><input type=\"hidden\" name=\"_wp_http_referer\" value=\"\/de\/wp-json\/wp\/v2\/pages\/6029\/\" \/><input type=\"hidden\" name=\"form_id\" value=\"6017\"><input type=\"hidden\" name=\"page_id\" value=\"6029\"><input type=\"hidden\" name=\"form_type\" value=\"default\"><input type=\"hidden\" name=\"current_url\" value=\"https:\/\/agranimo.com\/de\/kostenloser-test-registrierung\/\"><input type=\"hidden\" name=\"render_id\" value=\"0\"><input type=\"hidden\" name=\"action\" value=\"forminator_submit_form_custom-forms\"><label for=\"input_4\" class=\"forminator-hidden\" aria-hidden=\"true\">Please do not fill in this field. <input id=\"input_4\" type=\"text\" name=\"input_4\" value=\"\" autocomplete=\"off\"><\/label><\/form><\/div>[vc_column_text text_align=&#8220;left&#8220; color=&#8220;#ffffff&#8220; font_size=&#8220;10&#8243; font_weight=&#8220;300&#8243; align=&#8220;center&#8220; width=&#8220;500&#8243;]Agranimo ben\u00f6tigt die von Ihnen zur Verf\u00fcgung gestellten Kontaktinformationen, um Sie \u00fcber unsere Produkte und Dienstleistungen zu informieren. Sie k\u00f6nnen sich jederzeit von diesen Mitteilungen abmelden. Informationen dar\u00fcber, wie Sie sich abmelden k\u00f6nnen, sowie \u00fcber unsere Datenschutzpraktiken und unsere Verpflichtung zum Schutz Ihrer Daten finden Sie in unserer <a href=\"https:\/\/agranimo.com\/privacy-policy\/\">Datenschutzrichtlinie<\/a>.[\/vc_column_text]<div class=\"vcex-spacing wpex-w-100 wpex-clear\" style=\"height:30px;\"><\/div><div class=\"vcex-module wpex-flex wpex-items-center wpex-flex-wrap wpex-social-btns vcex-social-btns wpex-gap-5 wpex-mb-15 wpex-justify-center wpex-last-mr-0\" style=\"font-size:10px;\"><a  href=\"https:\/\/twitter.com\/Agranimo\" class=\"wpex-social-btn wpex-social-btn-bordered wpex-social-border wpex-semi-rounded wpex-social-color wpex-has-custom-color wpex-twitter\" target=\"_blank\" title=\"Twitter\" style=\"background:#ffffff;color:#201c3b;border-color:#ffffff;\" rel=\"noopener noreferrer\"><span class=\"ticon ticon-twitter\" aria-hidden=\"true\"><\/span><span class=\"screen-reader-text\">Twitter<\/span><\/a><a  href=\"https:\/\/www.facebook.com\/agranimo\/\" class=\"wpex-social-btn wpex-social-btn-bordered wpex-social-border wpex-semi-rounded wpex-social-color wpex-has-custom-color wpex-facebook\" target=\"_blank\" title=\"Facebook\" style=\"background:#ffffff;color:#201c3b;border-color:#ffffff;\" rel=\"noopener noreferrer\"><span class=\"ticon ticon-facebook\" aria-hidden=\"true\"><\/span><span class=\"screen-reader-text\">Facebook<\/span><\/a><a  href=\"https:\/\/www.linkedin.com\/company\/10318013\/\" class=\"wpex-social-btn wpex-social-btn-bordered wpex-social-border wpex-semi-rounded wpex-social-color wpex-has-custom-color wpex-linkedin\" target=\"_blank\" title=\"LinkedIn\" style=\"background:#ffffff;color:#201c3b;border-color:#ffffff;\" rel=\"noopener noreferrer\"><span class=\"ticon ticon-linkedin\" aria-hidden=\"true\"><\/span><span class=\"screen-reader-text\">LinkedIn<\/span><\/a><a  href=\"https:\/\/www.linkedin.com\/company\/agranimo\" class=\"wpex-social-btn wpex-social-btn-bordered wpex-social-border wpex-semi-rounded wpex-social-color wpex-has-custom-color wpex-instagram\" target=\"_blank\" title=\"Instagram\" style=\"background:#ffffff;color:#201c3b;border-color:#ffffff;\" rel=\"noopener noreferrer\"><span class=\"ticon ticon-instagram\" aria-hidden=\"true\"><\/span><span class=\"screen-reader-text\">Instagram<\/span><\/a><\/div>[\/vc_column][\/vc_row]\n","protected":false},"excerpt":{"rendered":"<p>[vc_row full_width=&#8220;stretch_row_content&#8220; remove_bottom_col_margin=&#8220;true&#8220; css=&#8220;.vc_custom_1659606121625{margin-top: 0px !important;padding-top: 0px !important;background-color: #201c3b !important;}&#8220; wpex_bg_position=&#8220;center&#8220;][vc_column width=&#8220;1\/3&#8243; css=&#8220;.vc_custom_1652374343499{margin-bottom: 0px !important;padding-left: 0px !important;}&#8220; offset=&#8220;vc_hidden-sm vc_hidden-xs&#8220;][vc_single_image image=&#8220;5853&#8243;][\/vc_column][vc_column width=&#8220;2\/3&#8243;][vc_column_text text_align=&#8220;left&#8220; color=&#8220;#ffffff&#8220; font_size=&#8220;10&#8243; font_weight=&#8220;300&#8243; align=&#8220;center&#8220; width=&#8220;500&#8243;]Agranimo ben\u00f6tigt die von Ihnen zur Verf\u00fcgung gestellten Kontaktinformationen, um Sie \u00fcber unsere Produkte und Dienstleistungen zu informieren. Sie k\u00f6nnen sich jederzeit von diesen Mitteilungen abmelden. Informationen dar\u00fcber, wie&hellip;<\/p>\n","protected":false},"author":2,"featured_media":0,"parent":0,"menu_order":0,"comment_status":"closed","ping_status":"closed","template":"","meta":{"content-type":""},"_links":{"self":[{"href":"https:\/\/agranimo.com\/de\/wp-json\/wp\/v2\/pages\/6029\/"}],"collection":[{"href":"https:\/\/agranimo.com\/de\/wp-json\/wp\/v2\/pages\/"}],"about":[{"href":"https:\/\/agranimo.com\/de\/wp-json\/wp\/v2\/types\/page\/"}],"author":[{"embeddable":true,"href":"https:\/\/agranimo.com\/de\/wp-json\/wp\/v2\/users\/2\/"}],"replies":[{"embeddable":true,"href":"https:\/\/agranimo.com\/de\/wp-json\/wp\/v2\/comments\/?post=6029"}],"version-history":[{"count":4,"href":"https:\/\/agranimo.com\/de\/wp-json\/wp\/v2\/pages\/6029\/revisions\/"}],"predecessor-version":[{"id":6034,"href":"https:\/\/agranimo.com\/de\/wp-json\/wp\/v2\/pages\/6029\/revisions\/6034\/"}],"wp:attachment":[{"href":"https:\/\/agranimo.com\/de\/wp-json\/wp\/v2\/media\/?parent=6029"}],"curies":[{"name":"wp","href":"https:\/\/api.w.org\/{rel}","templated":true}]}}