{"id":155,"date":"2018-10-25T15:32:10","date_gmt":"2018-10-25T15:32:10","guid":{"rendered":"https:\/\/web.agranimo.com\/contactos\/"},"modified":"2022-08-04T21:51:21","modified_gmt":"2022-08-04T19:51:21","slug":"contactos","status":"publish","type":"page","link":"https:\/\/agranimo.com\/es\/contactos\/","title":{"rendered":"Contactos"},"content":{"rendered":"[vc_row full_width=\u00bbstretch_row_content\u00bb remove_bottom_col_margin=\u00bbtrue\u00bb css=\u00bb.vc_custom_1651789744598{margin-top: 0px !important;padding-top: 0px !important;background-color: #201c3b !important;}\u00bb wpex_bg_position=\u00bbcenter\u00bb][vc_column width=\u00bb1\/3&#8243; css=\u00bb.vc_custom_1652374343499{margin-bottom: 0px !important;padding-left: 0px !important;}\u00bb offset=\u00bbvc_hidden-sm vc_hidden-xs\u00bb][vc_single_image image=\u00bb6123&#8243;][\/vc_column][vc_column width=\u00bb2\/3&#8243;]<div class=\"vcex-heading vcex-module wpex-text-2xl wpex-font-normal wpex-m-auto wpex-max-w-100 vcex-heading-plain wpex-block wpex-text-center vc_custom_1659427988694\" style=\"color:#ffffff;font-size:43px;width:500px;\"><span class=\"vcex-heading-inner wpex-inline-block wpex-clr\">Contactenos:<\/span><\/div><div class=\"vcex-module vcex-form-shortcode wpex-form wpex-m-auto wpex-max-w-100 wpex-form-modern\" style=\"color:#ffffff;width:500px;\"><div class=\"forminator-ui forminator-custom-form forminator-custom-form-4801 forminator-design--default forminator-enclosed forminator_ajax\" data-forminator-render=\"0\" data-form=\"forminator-module-4801\" data-uid=\"69dee7194db28\"><br\/><\/div><form\n\t\t\t\tid=\"forminator-module-4801\"\n\t\t\t\tclass=\"forminator-ui forminator-custom-form forminator-custom-form-4801 forminator-design--default forminator-enclosed forminator_ajax\"\n\t\t\t\tmethod=\"post\"\n\t\t\t\tdata-forminator-render=\"0\"\n\t\t\t\tdata-form-id=\"4801\"\n\t\t\t\t\n\t\t\t\tdata-design=\"default\"\n\t\t\t\t\n\t\t\t\t\n\t\t\t\t\n\t\t\t\tdata-grid=\"enclosed\"\n\t\t\t\t\n\t\t\t\t\n\t\t\t\tstyle=\"display: none;\"\n\t\t\t\t\n\t\t\t\tdata-uid=\"69dee7194db28\"\n\t\t\t><div class=\"forminator-response-message forminator-error\" aria-hidden=\"true\"><\/div><div class=\"forminator-row\"><div id=\"name-1\" class=\"forminator-col forminator-col-12 \"><div class=\"forminator-field\"><label for=\"forminator-field-name-1_69dee7194db28\" class=\"forminator-label\">First Name <span class=\"forminator-required\">*<\/span><\/label><input type=\"text\" name=\"name-1\" value=\"\" placeholder=\"E.g. John\" id=\"forminator-field-name-1_69dee7194db28\" class=\"forminator-input forminator-name--field\" aria-required=\"true\" \/><\/div><\/div><\/div><div class=\"forminator-row\"><div id=\"email-1\" class=\"forminator-col forminator-col-6 \"><div class=\"forminator-field\"><label for=\"forminator-field-email-1_69dee7194db28\" class=\"forminator-label\">Email Address <span class=\"forminator-required\">*<\/span><\/label><input type=\"email\" name=\"email-1\" value=\"\" placeholder=\"E.g. john@doe.com\" id=\"forminator-field-email-1_69dee7194db28\" class=\"forminator-input forminator-email--field\" data-required=\"true\" aria-required=\"true\" \/><\/div><\/div><div id=\"phone-1\" class=\"forminator-col forminator-col-6 \"><div class=\"forminator-field\"><label for=\"forminator-field-phone-1_69dee7194db28\" class=\"forminator-label\">Phone Number<\/label><input type=\"text\" name=\"phone-1\" value=\"\" placeholder=\"E.g. +1 3004005000\" id=\"forminator-field-phone-1_69dee7194db28\" class=\"forminator-input forminator-field--phone\" data-required=\"\" aria-required=\"false\" autocomplete=\"off\" \/><\/div><\/div><\/div><div class=\"forminator-row\"><div id=\"text-1\" class=\"forminator-col forminator-col-12 \"><div class=\"forminator-field\"><label for=\"forminator-field-text-1_69dee7194db28\" class=\"forminator-label\">Type of production<\/label><input type=\"text\" name=\"text-1\" value=\"\" placeholder=\"E.g. text placeholder\" id=\"forminator-field-text-1_69dee7194db28\" class=\"forminator-input forminator-name--field\" data-required=\"\" \/><\/div><\/div><\/div><div class=\"forminator-row\"><div id=\"text-2\" class=\"forminator-col forminator-col-12 \"><div class=\"forminator-field\"><label for=\"forminator-field-text-2_69dee7194db28\" class=\"forminator-label\">Company name<\/label><input type=\"text\" name=\"text-2\" value=\"\" placeholder=\"Organisation\" id=\"forminator-field-text-2_69dee7194db28\" class=\"forminator-input forminator-name--field\" data-required=\"\" \/><\/div><\/div><\/div><div class=\"forminator-row\"><div id=\"textarea-1\" class=\"forminator-col forminator-col-12 \"><div class=\"forminator-field\"><label for=\"forminator-field-textarea-1_69dee7194db28\" class=\"forminator-label\">Message<\/label><textarea name=\"textarea-1\" placeholder=\"Enter your message...\" id=\"forminator-field-textarea-1_69dee7194db28\" class=\"forminator-textarea\" rows=\"6\" style=\"min-height:50px;\" ><\/textarea><\/div><\/div><\/div><div class=\"forminator-row\"><div id=\"consent-1\" class=\"forminator-col forminator-col-12 \"><div class=\"forminator-field\"><label for=\"forminator-field-consent-1_69dee7194db28\" class=\"forminator-label\">Consent <span class=\"forminator-required\">*<\/span><\/label><div class=\"forminator-checkbox__wrapper\"><label for=\"forminator-field-consent-1_69dee7194db28\" class=\"forminator-checkbox\" style=\"margin: 0;\" aria-labelledby=\"forminator-field-consent-1_69dee7194db28__label\"><input type=\"checkbox\" name=\"consent-1\" value=\"marcada\" id=\"forminator-field-consent-1_69dee7194db28\" data-required=\"true\" aria-required=\"true\" \/><span class=\"forminator-checkbox-box\" aria-hidden=\"true\"><\/span><\/label><div id=\"forminator-field-consent-1_69dee7194db28__label\" class=\"forminator-checkbox__label\">Yes, I agree with the <a href=\"https:\/\/agranimo.com\/privacy-policy\/\" target=\"_blank\">privacy policy<\/a> and <a href=\"#\" target=\"_blank\">terms and conditions<\/a>.<\/div><\/div><\/div><\/div><\/div><div class=\"forminator-row\"><div id=\"captcha-1\" class=\"forminator-col forminator-col-12 \"><div class=\"forminator-g-recaptcha\" data-theme=\"light\"  data-sitekey=\"6LeolpMUAAAAAB0lwUgdjnGI72zfZ9j6nVqfTY8x\" data-size=\"normal\"><\/div> <\/div><\/div><div class=\"forminator-row forminator-hidden\"><input type=\"hidden\" id=\"hidden-1_69dee7194db28\" name=\"hidden-1\" value=\"216.73.216.99\" \/><\/div><input type=\"hidden\" name=\"referer_url\" value=\"\" \/><div class=\"forminator-row forminator-row-last\"><div class=\"forminator-col\"><div class=\"forminator-field\"><button class=\"forminator-button forminator-button-submit\">Send Message<\/button><\/div><\/div><\/div><input type=\"hidden\" id=\"forminator_nonce\" name=\"forminator_nonce\" value=\"8453aabd52\" \/><input type=\"hidden\" name=\"_wp_http_referer\" value=\"\/es\/wp-json\/wp\/v2\/pages\/155\/\" \/><input type=\"hidden\" name=\"form_id\" value=\"4801\"><input type=\"hidden\" name=\"page_id\" value=\"155\"><input type=\"hidden\" name=\"form_type\" value=\"default\"><input type=\"hidden\" name=\"current_url\" value=\"https:\/\/agranimo.com\/es\/contactos\/\"><input type=\"hidden\" name=\"render_id\" value=\"0\"><input type=\"hidden\" name=\"action\" value=\"forminator_submit_form_custom-forms\"><label for=\"input_9\" class=\"forminator-hidden\" aria-hidden=\"true\">Por favor, no rellenes este campo. <input id=\"input_9\" type=\"text\" name=\"input_9\" value=\"\" autocomplete=\"off\"><\/label><\/form><\/div>[vc_column_text align=\u00bbcenter\u00bb width=\u00bb500px\u00bb text_align=\u00bbleft\u00bb color=\u00bb#ffffff\u00bb font_size=\u00bb10&#8243;]Agranimo necesita la informaci\u00f3n de contacto que usted nos proporciona para ponerse en contacto con usted sobre nuestros productos y servicios. Usted puede darse de baja de estas comunicaciones en cualquier momento. Para obtener informaci\u00f3n sobre c\u00f3mo darse de baja, as\u00ed como sobre nuestras pr\u00e1cticas de privacidad y nuestro compromiso de proteger su privacidad, consulte nuestra <a href=\"https:\/\/agranimo.com\/es\/politica-de-privacidad\/\">Pol\u00edtica de Privacidad.<\/a>[\/vc_column_text]<div class=\"vcex-spacing wpex-w-100 wpex-clear\" style=\"height:15px;\"><\/div><div class=\"vcex-module wpex-flex wpex-items-center wpex-flex-wrap wpex-social-btns vcex-social-btns wpex-gap-5 wpex-mb-15 wpex-justify-center wpex-last-mr-0\" style=\"font-size:10px;\"><a  href=\"https:\/\/twitter.com\/Agranimo\" class=\"wpex-social-btn wpex-social-btn-bordered wpex-social-border wpex-semi-rounded wpex-social-color wpex-has-custom-color wpex-twitter\" target=\"_blank\" title=\"Twitter\" style=\"background:#ffffff;color:#201c3b;border-color:#ffffff;\" rel=\"noopener noreferrer\"><span class=\"ticon ticon-twitter\" aria-hidden=\"true\"><\/span><span class=\"screen-reader-text\">Twitter<\/span><\/a><a  href=\"https:\/\/www.facebook.com\/agranimo\/\" class=\"wpex-social-btn wpex-social-btn-bordered wpex-social-border wpex-semi-rounded wpex-social-color wpex-has-custom-color wpex-facebook\" target=\"_blank\" title=\"Facebook\" style=\"background:#ffffff;color:#201c3b;border-color:#ffffff;\" rel=\"noopener noreferrer\"><span class=\"ticon ticon-facebook\" aria-hidden=\"true\"><\/span><span class=\"screen-reader-text\">Facebook<\/span><\/a><a  href=\"https:\/\/www.linkedin.com\/company\/10318013\/\" class=\"wpex-social-btn wpex-social-btn-bordered wpex-social-border wpex-semi-rounded wpex-social-color wpex-has-custom-color wpex-linkedin\" target=\"_blank\" title=\"LinkedIn\" style=\"background:#ffffff;color:#201c3b;border-color:#ffffff;\" rel=\"noopener noreferrer\"><span class=\"ticon ticon-linkedin\" aria-hidden=\"true\"><\/span><span class=\"screen-reader-text\">LinkedIn<\/span><\/a><a  href=\"https:\/\/www.linkedin.com\/company\/agranimo\" class=\"wpex-social-btn wpex-social-btn-bordered wpex-social-border wpex-semi-rounded wpex-social-color wpex-has-custom-color wpex-instagram\" target=\"_blank\" title=\"Instagram\" style=\"background:#ffffff;color:#201c3b;border-color:#ffffff;\" rel=\"noopener noreferrer\"><span class=\"ticon ticon-instagram\" aria-hidden=\"true\"><\/span><span class=\"screen-reader-text\">Instagram<\/span><\/a><\/div>[\/vc_column][\/vc_row]\n","protected":false},"excerpt":{"rendered":"<p>[vc_row full_width=\u00bbstretch_row_content\u00bb remove_bottom_col_margin=\u00bbtrue\u00bb css=\u00bb.vc_custom_1651789744598{margin-top: 0px !important;padding-top: 0px !important;background-color: #201c3b !important;}\u00bb wpex_bg_position=\u00bbcenter\u00bb][vc_column width=\u00bb1\/3&#8243; css=\u00bb.vc_custom_1652374343499{margin-bottom: 0px !important;padding-left: 0px !important;}\u00bb offset=\u00bbvc_hidden-sm vc_hidden-xs\u00bb][vc_single_image image=\u00bb6123&#8243;][\/vc_column][vc_column width=\u00bb2\/3&#8243;][vc_column_text align=\u00bbcenter\u00bb width=\u00bb500px\u00bb text_align=\u00bbleft\u00bb color=\u00bb#ffffff\u00bb font_size=\u00bb10&#8243;]Agranimo necesita la informaci\u00f3n de contacto que usted nos proporciona para ponerse en contacto con usted sobre nuestros productos y servicios. Usted puede darse de baja de estas comunicaciones en&hellip;<\/p>\n","protected":false},"author":1,"featured_media":0,"parent":0,"menu_order":0,"comment_status":"closed","ping_status":"closed","template":"","meta":{"content-type":""},"_links":{"self":[{"href":"https:\/\/agranimo.com\/es\/wp-json\/wp\/v2\/pages\/155\/"}],"collection":[{"href":"https:\/\/agranimo.com\/es\/wp-json\/wp\/v2\/pages\/"}],"about":[{"href":"https:\/\/agranimo.com\/es\/wp-json\/wp\/v2\/types\/page\/"}],"author":[{"embeddable":true,"href":"https:\/\/agranimo.com\/es\/wp-json\/wp\/v2\/users\/1\/"}],"replies":[{"embeddable":true,"href":"https:\/\/agranimo.com\/es\/wp-json\/wp\/v2\/comments\/?post=155"}],"version-history":[{"count":16,"href":"https:\/\/agranimo.com\/es\/wp-json\/wp\/v2\/pages\/155\/revisions\/"}],"predecessor-version":[{"id":6128,"href":"https:\/\/agranimo.com\/es\/wp-json\/wp\/v2\/pages\/155\/revisions\/6128\/"}],"wp:attachment":[{"href":"https:\/\/agranimo.com\/es\/wp-json\/wp\/v2\/media\/?parent=155"}],"curies":[{"name":"wp","href":"https:\/\/api.w.org\/{rel}","templated":true}]}}