{"id":158,"date":"2018-10-25T15:35:36","date_gmt":"2018-10-25T15:35:36","guid":{"rendered":"https:\/\/web.agranimo.com\/about\/"},"modified":"2021-06-29T12:43:32","modified_gmt":"2021-06-29T12:43:32","slug":"sobre-nosotros","status":"publish","type":"page","link":"https:\/\/agranimo.com\/es\/sobre-nosotros\/","title":{"rendered":"Sobre nosotros"},"content":{"rendered":"[vc_row full_width=\u00bbstretch_row_content\u00bb content_placement=\u00bbmiddle\u00bb column_spacing=\u00bb0px\u00bb parallax=\u00bbcontent-moving\u00bb parallax_speed_bg=\u00bb2.5&#8243; wpex_bg_overlay=\u00bbcolor\u00bb css=\u00bb.vc_custom_1607004442711{background-image: url(https:\/\/www.agranimo.com\/wp-content\/uploads\/2019\/06\/avocado-about-agranimo-page.jpg?id=1430) !important;}\u00bb min_height=\u00bb300px\u00bb wpex_bg_overlay_opacity=\u00bb0.5&#8243; wpex_bg_overlay_color=\u00bb#006d64&#8243;][vc_column]<h1 class=\"vcex-animated-text vcex-module wpex-m-0 wpex-text-xl wpex-text-1 wpex-font-semibold wpex-leading-none vcex-typed-text-wrap wpex-text-center\" style=\"color:#ffffff;font-size:30px;font-family:&#039;Lato&#039;,sans-serif;text-align:center;\"><span class=\"vcex-typed-text-css wpex-inline-block wpex-max-w-100 vc_custom_1561026229093\"><span class=\"screen-reader-text\"><span>Sobre Nosotros<\/span><\/span><span class=\"vcex-ph wpex-inline-block wpex-invisible\"><\/span><span class=\"vcex-typed-text\" data-settings=\"{&quot;loop&quot;:false,&quot;showCursor&quot;:false,&quot;typeSpeed&quot;:40,&quot;backDelay&quot;:500,&quot;backSpeed&quot;:0,&quot;startDelay&quot;:0}\" data-strings=\"[&quot;Sobre Nosotros&quot;]\"><\/span><\/span><\/h1><h1 class=\"vcex-heading vcex-module wpex-text-2xl wpex-font-normal wpex-m-auto wpex-max-w-100 vcex-heading-plain wpex-block wpex-text-center  wpb_animate_when_almost_visible wpb_fadeIn fadeIn\" style=\"color:#ffffff;font-family:&#039;Lato&#039;,sans-serif;\"><span class=\"vcex-heading-inner wpex-inline-block wpex-clr\">Aportamos conocimiento del microclima y automatizaci\u00f3n a la cadena de suministro de productos frescos.<\/span><\/h1>[\/vc_column][\/vc_row][vc_row full_width=\u00bbstretch_row\u00bb column_spacing=\u00bb60&#8243; css=\u00bb.vc_custom_1561031228293{padding-top: 60px !important;background-color: #ffffff !important;}\u00bb][vc_column][vc_column_text css_animation=\u00bbbottom-to-top\u00bb width=\u00bb80%\u00bb align=\u00bbcenter\u00bb line_height=\u00bb4&#8243; text_align=\u00bbcenter\u00bb font_size=\u00bbd:14|tl:12|tp:12|pl:12|pp:12&#8243;]\n<h2>Nuestro principal objetivo es lograr la sustenibilidad a largo plazo del consumo de alimentos. Para ello, debemos centrarnos en las \u00e1reas clave: reducir los insumos necesarios para la producci\u00f3n, reducir la incertidumbre de la producci\u00f3n, mejorar la eficiencia log\u00edstica y reducir el desperdicio de alimentos y, en consecuencia, garantizar la rentabilidad a largo plazo de todos los participantes en el mercado.<\/h2>\n<h2>El microclima y la gesti\u00f3n del agua son los principales determinantes del rendimiento agr\u00edcola. A pesar de los beneficios obvios, las herramientas actuales son demasiado complejas y caras de implementar. Agranimo cambia eso.<\/h2>\n[\/vc_column_text][\/vc_column][\/vc_row][vc_row remove_bottom_col_margin=\u00bbtrue\u00bb css=\u00bb.vc_custom_1562147650456{padding-bottom: 0px !important;}\u00bb][vc_column css=\u00bb.vc_custom_1562147428620{padding-bottom: 0px !important;}\u00bb][vc_zigzag el_width=\u00bb20&#8243; css=\u00bb.vc_custom_1562147631857{padding-bottom: 0px !important;}\u00bb][\/vc_column][\/vc_row][vc_row full_width=\u00bbstretch_row\u00bb column_spacing=\u00bb60&#8243; css=\u00bb.vc_custom_1562147287961{background-color: #ffffff !important;}\u00bb][vc_column][vc_column_text css_animation=\u00bbbottom-to-top\u00bb width=\u00bb80%\u00bb align=\u00bbcenter\u00bb line_height=\u00bb3&#8243; text_align=\u00bbcenter\u00bb font_size=\u00bbd:14|tl:12|tp:12|pl:12|pp:12&#8243; css=\u00bb.vc_custom_1562754718232{padding-top: 0px !important;}\u00bb]\n<h2>Agranimo es una empresa de conocimiento. A\u00f1os de experiencia en investigaci\u00f3n y gesti\u00f3n de campos, nos permiten proporcionar el mejor y m\u00e1s econ\u00f3mico monitoreo y an\u00e1lisis microclim\u00e1tico a todos los participantes de la cadena de suministro de productos frescos.<\/h2>\n<h2>Trabajamos muy de cerca con nuestros clientes y nos esforzamos por ofrecerles un excelente asesoramiento y servicios a trav\u00e9s de la innovaci\u00f3n en la ciencia agron\u00f3mica y las tecnolog\u00edas de datos.<\/h2>\n[\/vc_column_text][\/vc_column][\/vc_row][vc_row full_width=\u00bbstretch_row\u00bb column_spacing=\u00bb0px\u00bb parallax=\u00bbcontent-moving\u00bb parallax_speed_bg=\u00bb2.5&#8243;][vc_column]<div class=\"vc_custom_1621607509264 wpb_animate_when_almost_visible wpb_fadeInUp fadeInUp wpex-clr\"><div class=\"theme-button-wrap textcenter wpex-clr\"><a href=\"#\" class=\"vcex-button theme-button large align-center inline popmake-4371 hvr hvr-glow\" style=\"background:#a7a1c5;font-family:&#039;Lato&#039;,sans-serif;\" data-wpex-hover='{&quot;background&quot;:&quot;#605980&quot;}'><span class=\"theme-button-inner\">Contactenos<\/span><\/a><\/div><\/div> [\/vc_column][\/vc_row][vc_row css=\u00bb.vc_custom_1568306301544{padding-top: 60px !important;}\u00bb][vc_column]<div class=\"vcex-heading vcex-module wpex-text-2xl wpex-font-normal wpex-m-auto wpex-max-w-100 vcex-heading-plain wpex-block wpex-text-center\"><span class=\"vcex-heading-inner wpex-inline-block wpex-clr\">Noticias de Agranimo<\/span><\/div>[\/vc_column][\/vc_row][vc_row][vc_column]<div class=\"vcex-module vcex-recent-news-wrap wpex-clr\"><div class=\"vcex-recent-news wpex-clr wpex-row\"><div class=\"vcex-recent-news-entry-wrap vcex-grid-item col span_1_of_3 col-1\"><article class=\"vcex-recent-news-entry wpex-flex post-6360 post type-post status-publish format-standard hentry category-jobs entry no-media\"><div class=\"vcex-recent-news-date wpex-mr-20 wpex-flex-shrink-0 wpex-text-center\" ><span class=\"day wpex-block wpex-p-5 wpex-surface-2 wpex-text-2 wpex-border wpex-border-b-0 wpex-border-solid wpex-border-surface-3 wpex-font-light wpex-leading-relaxed\">25<\/span><span class=\"month wpex-block wpex-p-5 wpex-bg-accent wpex-uppercase wpex-leading-none\" style=\"background-color:#353053;\">Oct 22<\/span><\/div><div class=\"vcex-news-entry-details wpex-flex-grow entry-details wpex-first-mt-0 wpex-last-mb-0 wpex-clr\"><header class=\"vcex-recent-news-entry-title\"><h2 class=\"vcex-recent-news-entry-title-heading entry-title wpex-mb-5\"\"><a href=\"https:\/\/agranimo.com\/es\/ingeniero-a-electronico-a-en-mecatronica-en-robotica\/\">Ingeniero\/a Electr\u00f3nico\/a en Mecatr\u00f3nica y en Rob\u00f3tica<\/a><\/h2><\/header><div class=\"vcex-recent-news-entry-excerpt entry-excerpt wpex-my-15 wpex-last-mb-0 wpex-clr\"><p>Agranimo es una empresa dedicada a ayudar a los agricultores a utilizar de manera m\u00e1s eficiente los recursos disponibles, en especial, el agua. Para lograr&hellip;<\/p><\/div><div class=\"vcex-recent-news-entry-readmore-wrap entry-readmore-wrap clr\"><a href=\"https:\/\/agranimo.com\/es\/ingeniero-a-electronico-a-en-mecatronica-en-robotica\/\" class=\"theme-button\" style=\"background:#006d64;\">Leer m\u00e1s<\/a><\/div><\/div><\/article><\/div><div class=\"vcex-recent-news-entry-wrap vcex-grid-item col span_1_of_3 col-2\"><article class=\"vcex-recent-news-entry wpex-flex post-5829 post type-post status-publish format-standard has-post-thumbnail hentry category-jobs entry has-media\"><div class=\"vcex-recent-news-date wpex-mr-20 wpex-flex-shrink-0 wpex-text-center\" ><span class=\"day wpex-block wpex-p-5 wpex-surface-2 wpex-text-2 wpex-border wpex-border-b-0 wpex-border-solid wpex-border-surface-3 wpex-font-light wpex-leading-relaxed\">01<\/span><span class=\"month wpex-block wpex-p-5 wpex-bg-accent wpex-uppercase wpex-leading-none\" style=\"background-color:#353053;\">Ago 22<\/span><\/div><div class=\"vcex-news-entry-details wpex-flex-grow entry-details wpex-first-mt-0 wpex-last-mb-0 wpex-clr\"><div class=\"vcex-news-entry-thumbnail entry-media wpex-mb-20\"><a href=\"https:\/\/agranimo.com\/es\/gerente-de-ventas-chile\/\" title=\"Gerente de Ventas &#8211; Chile\"><img width=\"500\" height=\"300\" src=\"https:\/\/agranimo.com\/wp-content\/uploads\/2022\/08\/Gerente-de-Ventas-Chile.png\" class=\"wpex-align-middle\" alt=\"\" decoding=\"async\" loading=\"lazy\" srcset=\"https:\/\/agranimo.com\/wp-content\/uploads\/2022\/08\/Gerente-de-Ventas-Chile.png 500w, https:\/\/agranimo.com\/wp-content\/uploads\/2022\/08\/Gerente-de-Ventas-Chile-300x180.png 300w\" sizes=\"(max-width: 500px) 100vw, 500px\" \/><\/a><\/div><header class=\"vcex-recent-news-entry-title\"><h2 class=\"vcex-recent-news-entry-title-heading entry-title wpex-mb-5\"\"><a href=\"https:\/\/agranimo.com\/es\/gerente-de-ventas-chile\/\">Gerente de Ventas &#8211; Chile<\/a><\/h2><\/header><div class=\"vcex-recent-news-entry-excerpt entry-excerpt wpex-my-15 wpex-last-mb-0 wpex-clr\"><p>Agranimo se enfoca en optimizaci\u00f3n de la industria agr\u00edcola (mayor foco en frutas y verduras) en cuanto el uso de recursos como el agua y&hellip;<\/p><\/div><div class=\"vcex-recent-news-entry-readmore-wrap entry-readmore-wrap clr\"><a href=\"https:\/\/agranimo.com\/es\/gerente-de-ventas-chile\/\" class=\"theme-button\" style=\"background:#006d64;\">Leer m\u00e1s<\/a><\/div><\/div><\/article><\/div><div class=\"vcex-recent-news-entry-wrap vcex-grid-item col span_1_of_3 col-3\"><article class=\"vcex-recent-news-entry wpex-flex post-5467 post type-post status-publish format-standard has-post-thumbnail hentry category-jobs entry has-media\"><div class=\"vcex-recent-news-date wpex-mr-20 wpex-flex-shrink-0 wpex-text-center\" ><span class=\"day wpex-block wpex-p-5 wpex-surface-2 wpex-text-2 wpex-border wpex-border-b-0 wpex-border-solid wpex-border-surface-3 wpex-font-light wpex-leading-relaxed\">19<\/span><span class=\"month wpex-block wpex-p-5 wpex-bg-accent wpex-uppercase wpex-leading-none\" style=\"background-color:#353053;\">Jul 22<\/span><\/div><div class=\"vcex-news-entry-details wpex-flex-grow entry-details wpex-first-mt-0 wpex-last-mb-0 wpex-clr\"><div class=\"vcex-news-entry-thumbnail entry-media wpex-mb-20\"><a href=\"https:\/\/agranimo.com\/es\/sales-lead\/\" title=\"Global Sales Lead\"><img width=\"500\" height=\"300\" src=\"https:\/\/agranimo.com\/wp-content\/uploads\/2022\/07\/Global-sales-lead.png\" class=\"wpex-align-middle\" alt=\"\" decoding=\"async\" loading=\"lazy\" srcset=\"https:\/\/agranimo.com\/wp-content\/uploads\/2022\/07\/Global-sales-lead.png 500w, https:\/\/agranimo.com\/wp-content\/uploads\/2022\/07\/Global-sales-lead-300x180.png 300w\" sizes=\"(max-width: 500px) 100vw, 500px\" \/><\/a><\/div><header class=\"vcex-recent-news-entry-title\"><h2 class=\"vcex-recent-news-entry-title-heading entry-title wpex-mb-5\"\"><a href=\"https:\/\/agranimo.com\/es\/sales-lead\/\">Global Sales Lead<\/a><\/h2><\/header><div class=\"vcex-recent-news-entry-excerpt entry-excerpt wpex-my-15 wpex-last-mb-0 wpex-clr\"><p>Agranimo is actively helping fresh produce (fruit and vegetable) industry to optimize the use of resources like water and fertilizer in production, achieve better yields,&hellip;<\/p><\/div><div class=\"vcex-recent-news-entry-readmore-wrap entry-readmore-wrap clr\"><a href=\"https:\/\/agranimo.com\/es\/sales-lead\/\" class=\"theme-button\" style=\"background:#006d64;\">Leer m\u00e1s<\/a><\/div><\/div><\/article><\/div><div class=\"vcex-recent-news-entry-wrap vcex-grid-item col span_1_of_3 col-1\"><article class=\"vcex-recent-news-entry wpex-flex post-4429 post type-post status-publish format-standard has-post-thumbnail hentry category-events entry has-media\"><div class=\"vcex-recent-news-date wpex-mr-20 wpex-flex-shrink-0 wpex-text-center\" ><span class=\"day wpex-block wpex-p-5 wpex-surface-2 wpex-text-2 wpex-border wpex-border-b-0 wpex-border-solid wpex-border-surface-3 wpex-font-light wpex-leading-relaxed\">30<\/span><span class=\"month wpex-block wpex-p-5 wpex-bg-accent wpex-uppercase wpex-leading-none\" style=\"background-color:#353053;\">Jun 21<\/span><\/div><div class=\"vcex-news-entry-details wpex-flex-grow entry-details wpex-first-mt-0 wpex-last-mb-0 wpex-clr\"><div class=\"vcex-news-entry-thumbnail entry-media wpex-mb-20\"><a href=\"https:\/\/agranimo.com\/es\/agranimo-recibe-financiacion-de-nector-holdings-para-acelerar-su-crecimiento-en-el-sector-de-los-productos-frescos-y-mejorar-su-plataforma-tecnologica\/\" title=\"Agranimo recibe financiaci\u00f3n de Nector Holdings para acelerar su crecimiento en el sector de los productos frescos y mejorar su plataforma tecnol\u00f3gica.\"><img width=\"500\" height=\"300\" src=\"https:\/\/agranimo.com\/wp-content\/uploads\/2021\/06\/Investment-Halls.jpg\" class=\"wpex-align-middle\" alt=\"\" decoding=\"async\" loading=\"lazy\" srcset=\"https:\/\/agranimo.com\/wp-content\/uploads\/2021\/06\/Investment-Halls.jpg 500w, https:\/\/agranimo.com\/wp-content\/uploads\/2021\/06\/Investment-Halls-300x180.jpg 300w\" sizes=\"(max-width: 500px) 100vw, 500px\" \/><\/a><\/div><header class=\"vcex-recent-news-entry-title\"><h2 class=\"vcex-recent-news-entry-title-heading entry-title wpex-mb-5\"\"><a href=\"https:\/\/agranimo.com\/es\/agranimo-recibe-financiacion-de-nector-holdings-para-acelerar-su-crecimiento-en-el-sector-de-los-productos-frescos-y-mejorar-su-plataforma-tecnologica\/\">Agranimo recibe financiaci\u00f3n de Nector Holdings para acelerar su crecimiento en el sector de los productos frescos y mejorar su plataforma tecnol\u00f3gica.<\/a><\/h2><\/header><div class=\"vcex-recent-news-entry-excerpt entry-excerpt wpex-my-15 wpex-last-mb-0 wpex-clr\"><p>Hoy anunciamos oficialmente que la inversi\u00f3n de 2 millones de euros de Nector Holdings, la rama Agtech de HL Hall &amp; Sons, la que nos&hellip;<\/p><\/div><div class=\"vcex-recent-news-entry-readmore-wrap entry-readmore-wrap clr\"><a href=\"https:\/\/agranimo.com\/es\/agranimo-recibe-financiacion-de-nector-holdings-para-acelerar-su-crecimiento-en-el-sector-de-los-productos-frescos-y-mejorar-su-plataforma-tecnologica\/\" class=\"theme-button\" style=\"background:#006d64;\">Leer m\u00e1s<\/a><\/div><\/div><\/article><\/div><div class=\"vcex-recent-news-entry-wrap vcex-grid-item col span_1_of_3 col-2\"><article class=\"vcex-recent-news-entry wpex-flex post-3578 post type-post status-publish format-standard has-post-thumbnail hentry category-events entry has-media\"><div class=\"vcex-recent-news-date wpex-mr-20 wpex-flex-shrink-0 wpex-text-center\" ><span class=\"day wpex-block wpex-p-5 wpex-surface-2 wpex-text-2 wpex-border wpex-border-b-0 wpex-border-solid wpex-border-surface-3 wpex-font-light wpex-leading-relaxed\">12<\/span><span class=\"month wpex-block wpex-p-5 wpex-bg-accent wpex-uppercase wpex-leading-none\" style=\"background-color:#353053;\">Ene 21<\/span><\/div><div class=\"vcex-news-entry-details wpex-flex-grow entry-details wpex-first-mt-0 wpex-last-mb-0 wpex-clr\"><div class=\"vcex-news-entry-thumbnail entry-media wpex-mb-20\"><a href=\"https:\/\/agranimo.com\/es\/agtech-startups-for-fruit-growers-in-germany\/\" title=\"AgTech Startups for fruit growers in Germany\"><img width=\"2160\" height=\"1080\" src=\"https:\/\/agranimo.com\/wp-content\/uploads\/2021\/01\/Webinars-All.png\" class=\"wpex-align-middle\" alt=\"\" decoding=\"async\" loading=\"lazy\" srcset=\"https:\/\/agranimo.com\/wp-content\/uploads\/2021\/01\/Webinars-All.png 2160w, https:\/\/agranimo.com\/wp-content\/uploads\/2021\/01\/Webinars-All-300x150.png 300w, https:\/\/agranimo.com\/wp-content\/uploads\/2021\/01\/Webinars-All-1024x512.png 1024w, https:\/\/agranimo.com\/wp-content\/uploads\/2021\/01\/Webinars-All-768x384.png 768w, https:\/\/agranimo.com\/wp-content\/uploads\/2021\/01\/Webinars-All-1536x768.png 1536w, https:\/\/agranimo.com\/wp-content\/uploads\/2021\/01\/Webinars-All-2048x1024.png 2048w\" sizes=\"(max-width: 2160px) 100vw, 2160px\" \/><\/a><\/div><header class=\"vcex-recent-news-entry-title\"><h2 class=\"vcex-recent-news-entry-title-heading entry-title wpex-mb-5\"\"><a href=\"https:\/\/agranimo.com\/es\/agtech-startups-for-fruit-growers-in-germany\/\">AgTech Startups for fruit growers in Germany<\/a><\/h2><\/header><div class=\"vcex-recent-news-entry-excerpt entry-excerpt wpex-my-15 wpex-last-mb-0 wpex-clr\"><p>[vc_row][vc_column][vc_column_text font_family=\"Source Sans Pro\"] As young companies developing technologies for and with fruit growers, we have joined forces and are pleased to invite you to&hellip;<\/p><\/div><div class=\"vcex-recent-news-entry-readmore-wrap entry-readmore-wrap clr\"><a href=\"https:\/\/agranimo.com\/es\/agtech-startups-for-fruit-growers-in-germany\/\" class=\"theme-button\" style=\"background:#006d64;\">Leer m\u00e1s<\/a><\/div><\/div><\/article><\/div><div class=\"vcex-recent-news-entry-wrap vcex-grid-item col span_1_of_3 col-3\"><article class=\"vcex-recent-news-entry wpex-flex post-3325 post type-post status-publish format-standard has-post-thumbnail hentry category-programmes entry has-media\"><div class=\"vcex-recent-news-date wpex-mr-20 wpex-flex-shrink-0 wpex-text-center\" ><span class=\"day wpex-block wpex-p-5 wpex-surface-2 wpex-text-2 wpex-border wpex-border-b-0 wpex-border-solid wpex-border-surface-3 wpex-font-light wpex-leading-relaxed\">30<\/span><span class=\"month wpex-block wpex-p-5 wpex-bg-accent wpex-uppercase wpex-leading-none\" style=\"background-color:#353053;\">Nov 20<\/span><\/div><div class=\"vcex-news-entry-details wpex-flex-grow entry-details wpex-first-mt-0 wpex-last-mb-0 wpex-clr\"><div class=\"vcex-news-entry-thumbnail entry-media wpex-mb-20\"><a href=\"https:\/\/agranimo.com\/es\/agranimo-at-bosch-startup-harbour\/\" title=\"Agranimo at Bosch Startup Harbour\"><img width=\"500\" height=\"300\" src=\"https:\/\/agranimo.com\/wp-content\/uploads\/2020\/11\/33.jpg\" class=\"wpex-align-middle\" alt=\"\" decoding=\"async\" loading=\"lazy\" srcset=\"https:\/\/agranimo.com\/wp-content\/uploads\/2020\/11\/33.jpg 500w, https:\/\/agranimo.com\/wp-content\/uploads\/2020\/11\/33-300x180.jpg 300w\" sizes=\"(max-width: 500px) 100vw, 500px\" \/><\/a><\/div><header class=\"vcex-recent-news-entry-title\"><h2 class=\"vcex-recent-news-entry-title-heading entry-title wpex-mb-5\"\"><a href=\"https:\/\/agranimo.com\/es\/agranimo-at-bosch-startup-harbour\/\">Agranimo at Bosch Startup Harbour<\/a><\/h2><\/header><div class=\"vcex-recent-news-entry-excerpt entry-excerpt wpex-my-15 wpex-last-mb-0 wpex-clr\"><p>[vc_row][vc_column][vc_column_text font_family=\"Source Sans Pro\"] &nbsp; Agranimo has been selected from 78 teams to take part in the Startup Harbour program by Bosch!We are very excited&hellip;<\/p><\/div><div class=\"vcex-recent-news-entry-readmore-wrap entry-readmore-wrap clr\"><a href=\"https:\/\/agranimo.com\/es\/agranimo-at-bosch-startup-harbour\/\" class=\"theme-button\" style=\"background:#006d64;\">Leer m\u00e1s<\/a><\/div><\/div><\/article><\/div><\/div><div class=\"wpex-pagination wpex-clear wpex-mt-30 wpex-clr\"><ul class='page-numbers'>\n\t<li><span aria-current=\"page\" class=\"page-numbers current\"><span class=\"screen-reader-text\">Page <\/span>1<\/span><\/li>\n\t<li><a class=\"page-numbers\" href=\"https:\/\/agranimo.com\/es\/wp-json\/wp\/v2\/pages\/158\/page\/2\/\"><span class=\"screen-reader-text\">Page <\/span>2<\/a><\/li>\n\t<li><a class=\"page-numbers\" href=\"https:\/\/agranimo.com\/es\/wp-json\/wp\/v2\/pages\/158\/page\/3\/\"><span class=\"screen-reader-text\">Page <\/span>3<\/a><\/li>\n\t<li><a class=\"next page-numbers\" href=\"https:\/\/agranimo.com\/es\/wp-json\/wp\/v2\/pages\/158\/page\/2\/\"><span class=\"ticon ticon-angle-right\" aria-hidden=\"true\"><\/span><span class=\"screen-reader-text\">Siguiente<\/span><\/a><\/li>\n<\/ul>\n<\/div><\/div>[\/vc_column][\/vc_row][vc_row css=\u00bb.vc_custom_1562146819782{padding-top: 30px !important;}\u00bb][vc_column]<div class=\"vcex-module wpex-flex wpex-items-center wpex-flex-wrap wpex-social-btns vcex-social-btns wpex-gap-5 wpex-justify-center  wpb_animate_when_almost_visible wpb_fadeIn fadeIn wpex-last-mr-0\" style=\"font-size:20px;\"><a  href=\"https:\/\/twitter.com\/Agranimo\" class=\"wpex-social-btn wpex-social-btn-no-style hvr hvr-grow-shadow vc_custom_1606743945999 wpex-twitter\" title=\"Twitter\"><span class=\"ticon ticon-twitter\" aria-hidden=\"true\"><\/span><span class=\"screen-reader-text\">Twitter<\/span><\/a><a  href=\"https:\/\/www.facebook.com\/agranimo\/\" class=\"wpex-social-btn wpex-social-btn-no-style hvr hvr-grow-shadow vc_custom_1606743945999 wpex-facebook\" title=\"Facebook\"><span class=\"ticon ticon-facebook\" aria-hidden=\"true\"><\/span><span class=\"screen-reader-text\">Facebook<\/span><\/a><a  href=\"https:\/\/www.instagram.com\/agranimo\/\" class=\"wpex-social-btn wpex-social-btn-no-style hvr hvr-grow-shadow vc_custom_1606743945999 wpex-instagram\" title=\"Instagram\"><span class=\"ticon ticon-instagram\" aria-hidden=\"true\"><\/span><span class=\"screen-reader-text\">Instagram<\/span><\/a><a  href=\"https:\/\/www.linkedin.com\/company\/agranimo\" class=\"wpex-social-btn wpex-social-btn-no-style hvr hvr-grow-shadow vc_custom_1606743945999 wpex-linkedin\" title=\"LinkedIn\"><span class=\"ticon ticon-linkedin\" aria-hidden=\"true\"><\/span><span class=\"screen-reader-text\">LinkedIn<\/span><\/a><\/div><figure class=\"vcex-image vcex-module wpex-clr textcenter\"><div class=\"vcex-image-inner wpex-relative wpex-inline-block\"><img width=\"100\" height=\"43\" src=\"https:\/\/agranimo.com\/wp-content\/uploads\/2018\/10\/logoo.png\" class=\"wpex-align-middle\" alt=\"\" decoding=\"async\" loading=\"lazy\" \/><\/div><\/figure>[\/vc_column][\/vc_row][vc_row][vc_column][vc_raw_html]JTNDc2NyaXB0JTIwdHlwZSUzRCUyMnRleHQlMkZqYXZhc2NyaXB0JTIyJTIwc3JjJTNEJTIyJTJGJTJGZG93bmxvYWRzLm1haWxjaGltcC5jb20lMkZqcyUyRnNpZ251cC1mb3JtcyUyRnBvcHVwJTJGdW5pcXVlLW1ldGhvZHMlMkZlbWJlZC5qcyUyMiUyMGRhdGEtZG9qby1jb25maWclM0QlMjJ1c2VQbGFpbkpzb24lM0ElMjB0cnVlJTJDJTIwaXNEZWJ1ZyUzQSUyMGZhbHNlJTIyJTNFJTNDJTJGc2NyaXB0JTNFJTNDc2NyaXB0JTIwdHlwZSUzRCUyMnRleHQlMkZqYXZhc2NyaXB0JTIyJTNFd2luZG93LmRvam9SZXF1aXJlJTI4JTVCJTIybW9qbyUyRnNpZ251cC1mb3JtcyUyRkxvYWRlciUyMiU1RCUyQyUyMGZ1bmN0aW9uJTI4TCUyOSUyMCU3QiUyMEwuc3RhcnQlMjglN0IlMjJiYXNlVXJsJTIyJTNBJTIybWMudXMxOS5saXN0LW1hbmFnZS5jb20lMjIlMkMlMjJ1dWlkJTIyJTNBJTIyN2VkZjlkNGViMDU0M2U1YTJiZmJkODdmZCUyMiUyQyUyMmxpZCUyMiUzQSUyMmQyYjU2NDQzZjUlMjIlMkMlMjJ1bmlxdWVNZXRob2RzJTIyJTNBdHJ1ZSU3RCUyOSUyMCU3RCUyOSUzQyUyRnNjcmlwdCUzRQ==[\/vc_raw_html][\/vc_column][\/vc_row]\n","protected":false},"excerpt":{"rendered":"<p>[vc_row full_width=\u00bbstretch_row_content\u00bb content_placement=\u00bbmiddle\u00bb column_spacing=\u00bb0px\u00bb parallax=\u00bbcontent-moving\u00bb parallax_speed_bg=\u00bb2.5&#8243; wpex_bg_overlay=\u00bbcolor\u00bb css=\u00bb.vc_custom_1607004442711{background-image: url(https:\/\/www.agranimo.com\/wp-content\/uploads\/2019\/06\/avocado-about-agranimo-page.jpg?id=1430) !important;}\u00bb min_height=\u00bb300px\u00bb wpex_bg_overlay_opacity=\u00bb0.5&#8243; wpex_bg_overlay_color=\u00bb#006d64&#8243;][vc_column][\/vc_column][\/vc_row][vc_row full_width=\u00bbstretch_row\u00bb column_spacing=\u00bb60&#8243; css=\u00bb.vc_custom_1561031228293{padding-top: 60px !important;background-color: #ffffff !important;}\u00bb][vc_column][vc_column_text css_animation=\u00bbbottom-to-top\u00bb width=\u00bb80%\u00bb align=\u00bbcenter\u00bb line_height=\u00bb4&#8243; text_align=\u00bbcenter\u00bb font_size=\u00bbd:14|tl:12|tp:12|pl:12|pp:12&#8243;] Nuestro principal objetivo es lograr la sustenibilidad a largo plazo del consumo de alimentos. Para ello, debemos centrarnos en las \u00e1reas clave: reducir los insumos necesarios para la producci\u00f3n,&hellip;<\/p>\n","protected":false},"author":1,"featured_media":0,"parent":0,"menu_order":0,"comment_status":"closed","ping_status":"closed","template":"","meta":{"content-type":""},"_links":{"self":[{"href":"https:\/\/agranimo.com\/es\/wp-json\/wp\/v2\/pages\/158\/"}],"collection":[{"href":"https:\/\/agranimo.com\/es\/wp-json\/wp\/v2\/pages\/"}],"about":[{"href":"https:\/\/agranimo.com\/es\/wp-json\/wp\/v2\/types\/page\/"}],"author":[{"embeddable":true,"href":"https:\/\/agranimo.com\/es\/wp-json\/wp\/v2\/users\/1\/"}],"replies":[{"embeddable":true,"href":"https:\/\/agranimo.com\/es\/wp-json\/wp\/v2\/comments\/?post=158"}],"version-history":[{"count":29,"href":"https:\/\/agranimo.com\/es\/wp-json\/wp\/v2\/pages\/158\/revisions\/"}],"predecessor-version":[{"id":4440,"href":"https:\/\/agranimo.com\/es\/wp-json\/wp\/v2\/pages\/158\/revisions\/4440\/"}],"wp:attachment":[{"href":"https:\/\/agranimo.com\/es\/wp-json\/wp\/v2\/media\/?parent=158"}],"curies":[{"name":"wp","href":"https:\/\/api.w.org\/{rel}","templated":true}]}}