{"id":162,"date":"2018-10-25T15:36:53","date_gmt":"2018-10-25T15:36:53","guid":{"rendered":"https:\/\/web.agranimo.com\/projects\/"},"modified":"2021-01-19T10:02:38","modified_gmt":"2021-01-19T10:02:38","slug":"projects","status":"publish","type":"page","link":"https:\/\/agranimo.com\/es\/projects\/","title":{"rendered":"Productores"},"content":{"rendered":"[vc_row full_width=\u00bbstretch_row\u00bb parallax=\u00bbcontent-moving\u00bb wpex_bg_overlay=\u00bbcolor\u00bb css=\u00bb.vc_custom_1560160803785{padding-top: 60px !important;padding-bottom: 30px !important;background-image: url(\/wp-content\/uploads\/2018\/10\/orchard.jpg?id=280) !important;background-position: center;background-repeat: no-repeat;background-size:cover;}\u00bb wpex_bg_overlay_color=\u00bb#0a0808&#8243; wpex_bg_overlay_opacity=\u00bb.7&#8243;][vc_column]<style>.vcex_69e16257c99bf{font-size:40px!important;}@media (max-width:1024px){.vcex_69e16257c99bf{font-size:40px!important;}}@media (max-width:959px){.vcex_69e16257c99bf{font-size:40px!important;}}@media (max-width:767px){.vcex_69e16257c99bf{font-size:30px!important;}}@media (max-width:479px){.vcex_69e16257c99bf{font-size:30px!important;}}<\/style><h1 class=\"vcex-heading vcex-module wpex-text-2xl wpex-font-normal wpex-m-auto wpex-max-w-100 vcex-heading-plain wpex-block wpex-text-center  wpb_animate_when_almost_visible wpb_fadeIn fadeIn vc_custom_1540806195675 vcex_69e16257c99bf\" style=\"color:#ffffff;font-family:&#039;Lato&#039;,sans-serif;\"><span class=\"vcex-heading-inner wpex-inline-block wpex-clr\">Controle su cosecha<\/span><\/h1>[\/vc_column][\/vc_row][vc_row css=\u00bb.vc_custom_1559828801985{padding-top: 60px !important;}\u00bb][vc_column width=\u00bb1\/2&#8243; css=\u00bb.vc_custom_1560169388608{margin-bottom: 0px !important;border-bottom-width: 0px !important;padding-bottom: 0px !important;}\u00bb][vc_cta h2=\u00bbManejo del riego\u00bb h4_google_fonts=\u00bbfont_family:Lato%3A100%2C100italic%2C300%2C300italic%2Cregular%2Citalic%2C700%2C700italic%2C900%2C900italic|font_style:400%20regular%3A400%3Anormal\u00bb txt_align=\u00bbcenter\u00bb add_button=\u00bbbottom\u00bb btn_title=\u00bbContactenos\u00bb btn_style=\u00bbcustom\u00bb btn_custom_background=\u00bb#00a09a\u00bb btn_custom_text=\u00bb#ffffff\u00bb btn_align=\u00bbcenter\u00bb add_icon=\u00bbtop\u00bb i_icon_fontawesome=\u00bbfa fa-tint\u00bb i_color=\u00bbcustom\u00bb css_animation=\u00bbzoomIn\u00bb use_custom_fonts_h4=\u00bbtrue\u00bb i_on_border=\u00bbtrue\u00bb i_custom_color=\u00bb#1f1a3a\u00bb css=\u00bb.vc_custom_1560169344962{background-color: #ffffff !important;}\u00bb]<span style=\"font-weight: 400;\">Correct irrigation management throughout the season generates substantial yield quality improvements and yield uniformity. It can save up to 30% of the water used, creating an opportunity to increase the cultivated area.<\/span><\/p>\n<p><span style=\"font-weight: 400;\">In fruits, irrigation management has a major effect on caliber (reported increase up to 38%), and can have an impact on colour and taste.<\/span><\/p>\n<p><span style=\"font-weight: 400;\">Correct irrigation can be achieved by constant monitoring and analysis of the changes in soil moisture and microclimate (for example, actual evapotranspiration). Agranimo calculates all required indices in real-time and provides irrigation management recommendation based on your specific field profile.<\/span>[\/vc_cta][\/vc_column][vc_column width=\u00bb1\/2&#8243;][vc_single_image image=\u00bb1153&#8243; css_animation=\u00bbfadeIn\u00bb add_caption=\u00bbyes\u00bb alignment=\u00bbcenter\u00bb style=\u00bbvc_box_shadow\u00bb css=\u00bb.vc_custom_1560168703384{padding-top: 60px !important;}\u00bb img_hover=\u00bbgrow\u00bb][\/vc_column][\/vc_row][vc_row css=\u00bb.vc_custom_1560174530831{padding-top: 32px !important;}\u00bb][vc_column width=\u00bb1\/2&#8243;][vc_single_image image=\u00bb1153&#8243; css_animation=\u00bbfadeIn\u00bb add_caption=\u00bbyes\u00bb alignment=\u00bbcenter\u00bb style=\u00bbvc_box_shadow\u00bb css=\u00bb.vc_custom_1560168770555{padding-top: 60px !important;}\u00bb img_hover=\u00bbgrow\u00bb][\/vc_column][vc_column width=\u00bb1\/2&#8243; css=\u00bb.vc_custom_1560169547924{margin-bottom: 0px !important;}\u00bb][vc_cta h2=\u00bbPest \/ Disease Management\u00bb h4_google_fonts=\u00bbfont_family:Lato%3A100%2C100italic%2C300%2C300italic%2Cregular%2Citalic%2C700%2C700italic%2C900%2C900italic|font_style:400%20regular%3A400%3Anormal\u00bb txt_align=\u00bbcenter\u00bb add_button=\u00bbbottom\u00bb btn_title=\u00bbContactenos\u00bb btn_style=\u00bbcustom\u00bb btn_custom_background=\u00bb#00a09a\u00bb btn_custom_text=\u00bb#ffffff\u00bb btn_align=\u00bbcenter\u00bb add_icon=\u00bbtop\u00bb i_icon_fontawesome=\u00bbfa fa-bug\u00bb i_color=\u00bbcustom\u00bb css_animation=\u00bbzoomIn\u00bb use_custom_fonts_h4=\u00bbtrue\u00bb i_on_border=\u00bbtrue\u00bb i_custom_color=\u00bb#1f1a3a\u00bb css=\u00bb.vc_custom_1560169530993{padding-top: 60px !important;background-color: #ffffff !important;}\u00bb]<span style=\"font-weight: 400;\">Phenology is an important part of monitoring the development of pests and fungi. Every time we start working in a new region or with a new crop &#8211; we use local research and information to provide the best support in your pest management.<\/span><\/p>\n<p><span style=\"font-weight: 400;\">We help monitor pest cycles to make timely applications and prevent crop damage. With Agranimo&#8217;s precision pest management support you can be sure to get the best crop protection strategy.<\/span>[\/vc_cta][\/vc_column][\/vc_row][vc_row css=\u00bb.vc_custom_1560174559405{padding-top: 32px !important;}\u00bb][vc_column width=\u00bb1\/2&#8243;][vc_cta h2=\u00bbClimate Control\u00bb h4_google_fonts=\u00bbfont_family:Lato%3A100%2C100italic%2C300%2C300italic%2Cregular%2Citalic%2C700%2C700italic%2C900%2C900italic|font_style:400%20regular%3A400%3Anormal\u00bb txt_align=\u00bbcenter\u00bb add_button=\u00bbbottom\u00bb btn_title=\u00bbContactenos\u00bb btn_style=\u00bbcustom\u00bb btn_custom_background=\u00bb#00a09a\u00bb btn_custom_text=\u00bb#ffffff\u00bb btn_align=\u00bbcenter\u00bb add_icon=\u00bbtop\u00bb i_icon_fontawesome=\u00bbfa fa-cloud\u00bb i_color=\u00bbcustom\u00bb css_animation=\u00bbzoomIn\u00bb use_custom_fonts_h4=\u00bbtrue\u00bb i_on_border=\u00bbtrue\u00bb i_custom_color=\u00bb#1f1a3a\u00bb css=\u00bb.vc_custom_1560168674973{background-color: #ffffff !important;}\u00bb]<span style=\"font-weight: 400;\">We are able to forecast frost or heat in each monitoring point and provide an alert 12 hours before the event.<\/span><\/p>\n<p><span style=\"font-weight: 400;\">With so much time of notice, you are able to better prepare yourself and your team to act.<\/span><\/p>\n<p><span style=\"font-weight: 400;\">Every extreme weather event has an effect on the final yield. We help our customers estimate the effect on yield and better forecast their business results.<\/span>[\/vc_cta][\/vc_column][vc_column width=\u00bb1\/2&#8243;][vc_single_image image=\u00bb1165&#8243; css_animation=\u00bbfadeIn\u00bb add_caption=\u00bbyes\u00bb alignment=\u00bbcenter\u00bb style=\u00bbvc_box_shadow\u00bb css=\u00bb.vc_custom_1560169632488{padding-top: 60px !important;}\u00bb img_hover=\u00bbgrow\u00bb][\/vc_column][\/vc_row][vc_row css=\u00bb.vc_custom_1540997715533{padding-top: 0px !important;padding-bottom: 0px !important;}\u00bb][vc_column][\/vc_column][\/vc_row][vc_row full_width=\u00bbstretch_row\u00bb wpex_bg_overlay=\u00bbcolor\u00bb css=\u00bb.vc_custom_1540639823171{padding-top: 15px !important;padding-bottom: 15px !important;background-image: url(\/wp-content\/uploads\/2018\/10\/orchard-2372731-1.jpg?id=184) !important;background-position: center !important;background-repeat: no-repeat !important;background-size: cover !important;}\u00bb wpex_bg_overlay_color=\u00bb#383d47&#8243; wpex_bg_overlay_opacity=\u00bb.8&#8243;][vc_column]<style>.vcex_69e16257c9ec3{font-size:20px!important;}@media (max-width:1024px){.vcex_69e16257c9ec3{font-size:18px!important;}}@media (max-width:959px){.vcex_69e16257c9ec3{font-size:18px!important;}}@media (max-width:767px){.vcex_69e16257c9ec3{font-size:16px!important;}}@media (max-width:479px){.vcex_69e16257c9ec3{font-size:16px!important;}}<\/style><h3 class=\"vcex-heading vcex-module wpex-text-2xl wpex-font-normal wpex-m-auto wpex-max-w-100 vcex-heading-plain wpex-block wpex-text-center  wpb_animate_when_almost_visible wpb_fadeIn fadeIn vc_custom_1540816762240 vcex_69e16257c9ec3\" style=\"color:#ffffff;font-family:&#039;Lato&#039;,sans-serif;\"><span class=\"vcex-heading-inner wpex-inline-block wpex-clr\">Si tiene alguna pregunta, cont\u00e1ctenos y le proporcionaremos m\u00e1s informaci\u00f3n.<\/span><\/h3><div class=\"vc_custom_1540998274122 wpb_animate_when_almost_visible wpb_fadeIn fadeIn wpex-clr\"><div class=\"theme-button-wrap textcenter wpex-clr\"><a href=\"#\" class=\"vcex-button theme-button align-center inline contactus hvr hvr-glow\" style=\"background:#01a09a;font-size:16px;font-family:&#039;Lato&#039;,sans-serif;\" data-wpex-hover='{&quot;background&quot;:&quot;#353053&quot;}'><span class=\"theme-button-inner\">Contactenos<\/span><\/a><\/div><\/div> [\/vc_column][\/vc_row][vc_row][vc_column]<div class=\"vcex-module wpex-flex wpex-items-center wpex-flex-wrap wpex-social-btns vcex-social-btns wpex-gap-5 wpex-justify-center  wpb_animate_when_almost_visible wpb_fadeIn fadeIn wpex-last-mr-0\" style=\"font-size:20px;\"><a  href=\"https:\/\/twitter.com\/Agranimo\" class=\"wpex-social-btn wpex-social-btn-black-ch wpex-social-bg-hover hvr hvr-glow vc_custom_1540640003821 wpex-twitter\" title=\"Twitter\" data-wpex-hover=\"{&quot;background&quot;:&quot;#1f1a3a&quot;}\"><span class=\"ticon ticon-twitter\" aria-hidden=\"true\"><\/span><span class=\"screen-reader-text\">Twitter<\/span><\/a><a  href=\"https:\/\/www.facebook.com\/agranimo\/\" class=\"wpex-social-btn wpex-social-btn-black-ch wpex-social-bg-hover hvr hvr-glow vc_custom_1540640003821 wpex-facebook\" title=\"Facebook\" data-wpex-hover=\"{&quot;background&quot;:&quot;#1f1a3a&quot;}\"><span class=\"ticon ticon-facebook\" aria-hidden=\"true\"><\/span><span class=\"screen-reader-text\">Facebook<\/span><\/a><a  href=\"https:\/\/www.instagram.com\/agranimo\/\" class=\"wpex-social-btn wpex-social-btn-black-ch wpex-social-bg-hover hvr hvr-glow vc_custom_1540640003821 wpex-instagram\" title=\"Instagram\" data-wpex-hover=\"{&quot;background&quot;:&quot;#1f1a3a&quot;}\"><span class=\"ticon ticon-instagram\" aria-hidden=\"true\"><\/span><span class=\"screen-reader-text\">Instagram<\/span><\/a><a  href=\"https:\/\/www.linkedin.com\/company\/agranimo\" class=\"wpex-social-btn wpex-social-btn-black-ch wpex-social-bg-hover hvr hvr-glow vc_custom_1540640003821 wpex-linkedin\" title=\"LinkedIn\" data-wpex-hover=\"{&quot;background&quot;:&quot;#1f1a3a&quot;}\"><span class=\"ticon ticon-linkedin\" aria-hidden=\"true\"><\/span><span class=\"screen-reader-text\">LinkedIn<\/span><\/a><\/div><figure class=\"vcex-image vcex-module wpex-clr textcenter\"><div class=\"vcex-image-inner wpex-relative wpex-inline-block\"><img width=\"100\" height=\"43\" src=\"https:\/\/agranimo.com\/wp-content\/uploads\/2018\/10\/logoo.png\" class=\"wpex-align-middle\" alt=\"\" decoding=\"async\" loading=\"lazy\" \/><\/div><\/figure>[\/vc_column][\/vc_row][vc_row][vc_column width=\u00bb1\/3&#8243;]<div class=\"vcex-module vcex-image-banner wpex-flex wpex-flex-col wpex-justify-center wpex-relative wpex-overflow-hidden wpex-max-w-100 wpex-bg-gray-900 wpex-text-white wpex-text-center vcex-h-zoom vcex-has-button\" ><span class=\"vcex-ib-img wpex-block wpex-z-1 wpex-transition-all wpex-duration-500 wpex-bg-cover wpex-absolute wpex-inset-0\" style=\"background-image:url(https:\/\/agranimo.com\/wp-content\/uploads\/2019\/01\/64f472e65153998deaea21eb667e1fc5.jpg);\"><\/span><div class=\"vcex-ib-overlay wpex-absolute wpex-z-5 wpex-inset-0 wpex-transition-all wpex-duration-500\"><div class=\"vcex-ib-overlay-bg wpex-absolute wpex-inset-0 wpex-bg-black wpex-opacity-30\" style=\"background:#1f1a3a;opacity:0.35;\"><\/div><\/div><div class=\"vcex-ib-content-wrap wpex-z-10 wpex-w-100 wpex-transition-all wpex-duration-500 wpex-relative wpex-clr\"><div class=\"vcex-ib-content wpex-mx-auto wpex-clr\"><div class=\"vcex-ib-title wpex-heading wpex-inherit-color-important\" style=\"font-family:&#039;Lato&#039;,sans-serif;\">Agranimo Products<\/div><style>.vcex_69e16257cb897{font-size:14px!important;}@media (max-width:1024px){.vcex_69e16257cb897{font-size:12px!important;}}@media (max-width:959px){.vcex_69e16257cb897{font-size:12px!important;}}@media (max-width:767px){.vcex_69e16257cb897{font-size:12px!important;}}@media (max-width:479px){.vcex_69e16257cb897{font-size:12px!important;}}<\/style><div class=\"vcex-ib-caption wpex-text-lg wpex-last-mb-0 wpex-pb-10 vcex_69e16257cb897\" style=\"font-family:&#039;Lato&#039;,sans-serif;\">Find out more about our sensors, software and services that we offer.<\/div><div class=\"vcex-ib-button\"><span class=\"theme-button flat teal\" style=\"background:#00a09a;\" data-wpex-hover=\"{&quot;background&quot;:&quot;#1f1a3a&quot;}\">Learn more<\/span><\/div><\/div><\/div><\/div>[\/vc_column][vc_column width=\u00bb1\/3&#8243;][\/vc_column][vc_column width=\u00bb1\/3&#8243;][\/vc_column][\/vc_row]\n","protected":false},"excerpt":{"rendered":"<p>[vc_row full_width=\u00bbstretch_row\u00bb parallax=\u00bbcontent-moving\u00bb wpex_bg_overlay=\u00bbcolor\u00bb css=\u00bb.vc_custom_1560160803785{padding-top: 60px !important;padding-bottom: 30px !important;background-image: url(\/wp-content\/uploads\/2018\/10\/orchard.jpg?id=280) !important;background-position: center;background-repeat: no-repeat;background-size:cover;}\u00bb wpex_bg_overlay_color=\u00bb#0a0808&#8243; wpex_bg_overlay_opacity=\u00bb.7&#8243;][vc_column][\/vc_column][\/vc_row][vc_row css=\u00bb.vc_custom_1559828801985{padding-top: 60px !important;}\u00bb][vc_column width=\u00bb1\/2&#8243; css=\u00bb.vc_custom_1560169388608{margin-bottom: 0px !important;border-bottom-width: 0px !important;padding-bottom: 0px !important;}\u00bb][vc_cta h2=\u00bbManejo del riego\u00bb h4_google_fonts=\u00bbfont_family:Lato%3A100%2C100italic%2C300%2C300italic%2Cregular%2Citalic%2C700%2C700italic%2C900%2C900italic|font_style:400%20regular%3A400%3Anormal\u00bb txt_align=\u00bbcenter\u00bb add_button=\u00bbbottom\u00bb btn_title=\u00bbContactenos\u00bb btn_style=\u00bbcustom\u00bb btn_custom_background=\u00bb#00a09a\u00bb btn_custom_text=\u00bb#ffffff\u00bb btn_align=\u00bbcenter\u00bb add_icon=\u00bbtop\u00bb i_icon_fontawesome=\u00bbfa fa-tint\u00bb i_color=\u00bbcustom\u00bb css_animation=\u00bbzoomIn\u00bb use_custom_fonts_h4=\u00bbtrue\u00bb i_on_border=\u00bbtrue\u00bb i_custom_color=\u00bb#1f1a3a\u00bb css=\u00bb.vc_custom_1560169344962{background-color: #ffffff !important;}\u00bb]Correct irrigation management throughout the season generates substantial&hellip;<\/p>\n","protected":false},"author":1,"featured_media":0,"parent":0,"menu_order":0,"comment_status":"closed","ping_status":"closed","template":"","meta":{"content-type":""},"_links":{"self":[{"href":"https:\/\/agranimo.com\/es\/wp-json\/wp\/v2\/pages\/162\/"}],"collection":[{"href":"https:\/\/agranimo.com\/es\/wp-json\/wp\/v2\/pages\/"}],"about":[{"href":"https:\/\/agranimo.com\/es\/wp-json\/wp\/v2\/types\/page\/"}],"author":[{"embeddable":true,"href":"https:\/\/agranimo.com\/es\/wp-json\/wp\/v2\/users\/1\/"}],"replies":[{"embeddable":true,"href":"https:\/\/agranimo.com\/es\/wp-json\/wp\/v2\/comments\/?post=162"}],"version-history":[{"count":13,"href":"https:\/\/agranimo.com\/es\/wp-json\/wp\/v2\/pages\/162\/revisions\/"}],"predecessor-version":[{"id":3827,"href":"https:\/\/agranimo.com\/es\/wp-json\/wp\/v2\/pages\/162\/revisions\/3827\/"}],"wp:attachment":[{"href":"https:\/\/agranimo.com\/es\/wp-json\/wp\/v2\/media\/?parent=162"}],"curies":[{"name":"wp","href":"https:\/\/api.w.org\/{rel}","templated":true}]}}