{"id":1687,"date":"2019-07-09T13:38:11","date_gmt":"2019-07-09T13:38:11","guid":{"rendered":"https:\/\/40.78.144.51\/supply-chain\/"},"modified":"2022-05-30T23:04:39","modified_gmt":"2022-05-30T21:04:39","slug":"supply-chain","status":"publish","type":"page","link":"https:\/\/agranimo.com\/es\/supply-chain\/","title":{"rendered":"Supply Chain"},"content":{"rendered":"[vc_row full_width=\u00bbstretch_row_content\u00bb content_placement=\u00bbmiddle\u00bb css=\u00bb.vc_custom_1653944350829{background-image: url(https:\/\/agranimo.com\/wp-content\/uploads\/2019\/07\/hazelnut-agranimo-supply-chain-picture-e1600269213922.jpg?id=1837) !important;}\u00bb min_height=\u00bb300px\u00bb][vc_column]<h1 class=\"vcex-animated-text vcex-module wpex-m-0 wpex-text-xl wpex-text-1 wpex-font-semibold wpex-leading-none vcex-typed-text-wrap wpex-text-center\" style=\"color:#ffffff;font-size:30px;font-family:&#039;Source Sans Pro&#039;,sans-serif;text-align:center;\"><span class=\"vcex-typed-text-css wpex-inline-block wpex-max-w-100 vc_custom_1583333711138\"><span class=\"screen-reader-text\"><span>Supply Chain<\/span><\/span><span class=\"vcex-ph wpex-inline-block wpex-invisible\"><\/span><span class=\"vcex-typed-text\" data-settings=\"{&quot;loop&quot;:false,&quot;showCursor&quot;:false,&quot;typeSpeed&quot;:40,&quot;backDelay&quot;:500,&quot;backSpeed&quot;:0,&quot;startDelay&quot;:0}\" data-strings=\"[&quot;Supply Chain&quot;]\"><\/span><\/span><\/h1><h2 class=\"vcex-heading vcex-module wpex-text-2xl wpex-font-normal wpex-m-auto wpex-max-w-100 vcex-heading-plain wpex-block wpex-text-center  wpb_animate_when_almost_visible wpb_fadeIn fadeIn\" style=\"color:#ffffff;font-family:&#039;Source Sans Pro&#039;,sans-serif;width:80%;\"><span class=\"vcex-heading-inner wpex-inline-block wpex-clr\">Utilice nuestra herramienta de pron\u00f3stico de rendimiento en tiempo real para estimar la cantidad, el calibre y el momento de la cosecha de cada sector en el campo.<\/span><\/h2>[\/vc_column][\/vc_row][vc_row][vc_column][vc_single_image image=\u00bb3081&#8243; alignment=\u00bbcenter\u00bb][\/vc_column][\/vc_row][vc_row full_width=\u00bbstretch_row_content\u00bb][vc_column width=\u00bb1\/3&#8243;][vc_cta h2=\u00bbPron\u00f3stico de rendimiento en su producci\u00f3n\u00bb h2_font_container=\u00bbtag:h2|font_size:18|text_align:left\u00bb h2_google_fonts=\u00bbfont_family:Source%20Sans%20Pro%3A200%2C200italic%2C300%2C300italic%2Cregular%2Citalic%2C600%2C600italic%2C700%2C700italic%2C900%2C900italic|font_style:400%20regular%3A400%3Anormal\u00bb txt_align=\u00bbcenter\u00bb style=\u00bboutline\u00bb use_custom_fonts_h2=\u00bbtrue\u00bb][\/vc_cta][\/vc_column][vc_column width=\u00bb1\/3&#8243;][vc_cta h2=\u00bbSeguros\u00bb h2_font_container=\u00bbtag:h2|font_size:18|text_align:left\u00bb h2_google_fonts=\u00bbfont_family:Source%20Sans%20Pro%3A200%2C200italic%2C300%2C300italic%2Cregular%2Citalic%2C600%2C600italic%2C700%2C700italic%2C900%2C900italic|font_style:400%20regular%3A400%3Anormal\u00bb txt_align=\u00bbcenter\u00bb style=\u00bboutline\u00bb use_custom_fonts_h2=\u00bbtrue\u00bb][\/vc_cta][\/vc_column][vc_column width=\u00bb1\/3&#8243;][vc_cta h2=\u00bbEvaluaci\u00f3n comparativa de la eficiencia de las fincas\u00bb h2_font_container=\u00bbtag:h2|font_size:18|text_align:left\u00bb h2_google_fonts=\u00bbfont_family:Source%20Sans%20Pro%3A200%2C200italic%2C300%2C300italic%2Cregular%2Citalic%2C600%2C600italic%2C700%2C700italic%2C900%2C900italic|font_style:400%20regular%3A400%3Anormal\u00bb txt_align=\u00bbcenter\u00bb style=\u00bboutline\u00bb use_custom_fonts_h2=\u00bbtrue\u00bb][\/vc_cta][\/vc_column][\/vc_row][vc_row full_width=\u00bbstretch_row\u00bb parallax=\u00bbcontent-moving\u00bb css=\u00bb.vc_custom_1653944640847{background-image: url(https:\/\/agranimo.com\/wp-content\/uploads\/2019\/06\/agranimo-supply-chain-hazelnut-footer-e1600269312552.jpg?id=1471) !important;}\u00bb][vc_column][vc_column_text text_align=\u00bbcenter\u00bb font_family=\u00bbSource Sans Pro\u00bb color=\u00bb#ffffff\u00bb font_size=\u00bb16&#8243;]\n<h3>Cont\u00e1ctenos para m\u00e1s informaci\u00f3n!<\/h3>\n[\/vc_column_text]<div class=\"vc_custom_1653944560404 wpex-clr\"><div class=\"theme-button-wrap textcenter wpex-clr\"><a href=\"#\" class=\"vcex-button theme-button large align-center inline popmake-4371 local-scroll-link\" style=\"background:#6bb708;font-family:&#039;Source Sans Pro&#039;,sans-serif;\" rel=\"nofollow\"><span class=\"theme-button-inner\">Cont\u00e1ctenos<\/span><\/a><\/div><\/div> [\/vc_column][\/vc_row][vc_row][vc_column]<div class=\"vcex-module wpex-flex wpex-items-center wpex-flex-wrap wpex-social-btns vcex-social-btns wpex-gap-5 wpex-justify-center  wpb_animate_when_almost_visible wpb_fadeIn fadeIn wpex-last-mr-0\" style=\"font-size:20px;\"><a  href=\"https:\/\/twitter.com\/Agranimo\" class=\"wpex-social-btn wpex-social-btn-black-ch wpex-social-bg-hover hvr hvr-glow vc_custom_1561455469973 wpex-twitter\" target=\"_blank\" title=\"Twitter\" data-wpex-hover=\"{&quot;background&quot;:&quot;#1f1a3a&quot;}\" rel=\"noopener noreferrer\"><span class=\"ticon ticon-twitter\" aria-hidden=\"true\"><\/span><span class=\"screen-reader-text\">Twitter<\/span><\/a><a  href=\"https:\/\/www.facebook.com\/agranimo\/\" class=\"wpex-social-btn wpex-social-btn-black-ch wpex-social-bg-hover hvr hvr-glow vc_custom_1561455469973 wpex-facebook\" target=\"_blank\" title=\"Facebook\" data-wpex-hover=\"{&quot;background&quot;:&quot;#1f1a3a&quot;}\" rel=\"noopener noreferrer\"><span class=\"ticon ticon-facebook\" aria-hidden=\"true\"><\/span><span class=\"screen-reader-text\">Facebook<\/span><\/a><a  href=\"https:\/\/www.instagram.com\/agranimo\/\" class=\"wpex-social-btn wpex-social-btn-black-ch wpex-social-bg-hover hvr hvr-glow vc_custom_1561455469973 wpex-instagram\" target=\"_blank\" title=\"Instagram\" data-wpex-hover=\"{&quot;background&quot;:&quot;#1f1a3a&quot;}\" rel=\"noopener noreferrer\"><span class=\"ticon ticon-instagram\" aria-hidden=\"true\"><\/span><span class=\"screen-reader-text\">Instagram<\/span><\/a><a  href=\"https:\/\/www.linkedin.com\/company\/agranimo\" class=\"wpex-social-btn wpex-social-btn-black-ch wpex-social-bg-hover hvr hvr-glow vc_custom_1561455469973 wpex-linkedin\" target=\"_blank\" title=\"LinkedIn\" data-wpex-hover=\"{&quot;background&quot;:&quot;#1f1a3a&quot;}\" rel=\"noopener noreferrer\"><span class=\"ticon ticon-linkedin\" aria-hidden=\"true\"><\/span><span class=\"screen-reader-text\">LinkedIn<\/span><\/a><\/div>[\/vc_column][\/vc_row]\n","protected":false},"excerpt":{"rendered":"<p>[vc_row full_width=\u00bbstretch_row_content\u00bb content_placement=\u00bbmiddle\u00bb css=\u00bb.vc_custom_1653944350829{background-image: url(https:\/\/agranimo.com\/wp-content\/uploads\/2019\/07\/hazelnut-agranimo-supply-chain-picture-e1600269213922.jpg?id=1837) !important;}\u00bb min_height=\u00bb300px\u00bb][vc_column][\/vc_column][\/vc_row][vc_row][vc_column][vc_single_image image=\u00bb3081&#8243; alignment=\u00bbcenter\u00bb][\/vc_column][\/vc_row][vc_row full_width=\u00bbstretch_row_content\u00bb][vc_column width=\u00bb1\/3&#8243;][vc_cta h2=\u00bbPron\u00f3stico de rendimiento en su producci\u00f3n\u00bb h2_font_container=\u00bbtag:h2|font_size:18|text_align:left\u00bb h2_google_fonts=\u00bbfont_family:Source%20Sans%20Pro%3A200%2C200italic%2C300%2C300italic%2Cregular%2Citalic%2C600%2C600italic%2C700%2C700italic%2C900%2C900italic|font_style:400%20regular%3A400%3Anormal\u00bb txt_align=\u00bbcenter\u00bb style=\u00bboutline\u00bb use_custom_fonts_h2=\u00bbtrue\u00bb][\/vc_cta][\/vc_column][vc_column width=\u00bb1\/3&#8243;][vc_cta h2=\u00bbSeguros\u00bb h2_font_container=\u00bbtag:h2|font_size:18|text_align:left\u00bb h2_google_fonts=\u00bbfont_family:Source%20Sans%20Pro%3A200%2C200italic%2C300%2C300italic%2Cregular%2Citalic%2C600%2C600italic%2C700%2C700italic%2C900%2C900italic|font_style:400%20regular%3A400%3Anormal\u00bb txt_align=\u00bbcenter\u00bb style=\u00bboutline\u00bb use_custom_fonts_h2=\u00bbtrue\u00bb][\/vc_cta][\/vc_column][vc_column width=\u00bb1\/3&#8243;][vc_cta h2=\u00bbEvaluaci\u00f3n comparativa de la eficiencia de las fincas\u00bb h2_font_container=\u00bbtag:h2|font_size:18|text_align:left\u00bb h2_google_fonts=\u00bbfont_family:Source%20Sans%20Pro%3A200%2C200italic%2C300%2C300italic%2Cregular%2Citalic%2C600%2C600italic%2C700%2C700italic%2C900%2C900italic|font_style:400%20regular%3A400%3Anormal\u00bb txt_align=\u00bbcenter\u00bb style=\u00bboutline\u00bb use_custom_fonts_h2=\u00bbtrue\u00bb][\/vc_cta][\/vc_column][\/vc_row][vc_row full_width=\u00bbstretch_row\u00bb parallax=\u00bbcontent-moving\u00bb css=\u00bb.vc_custom_1653944640847{background-image: url(https:\/\/agranimo.com\/wp-content\/uploads\/2019\/06\/agranimo-supply-chain-hazelnut-footer-e1600269312552.jpg?id=1471) !important;}\u00bb][vc_column][vc_column_text text_align=\u00bbcenter\u00bb font_family=\u00bbSource Sans Pro\u00bb color=\u00bb#ffffff\u00bb font_size=\u00bb16&#8243;] Cont\u00e1ctenos&hellip;<\/p>\n","protected":false},"author":2,"featured_media":0,"parent":0,"menu_order":0,"comment_status":"closed","ping_status":"closed","template":"","meta":{"content-type":""},"_links":{"self":[{"href":"https:\/\/agranimo.com\/es\/wp-json\/wp\/v2\/pages\/1687\/"}],"collection":[{"href":"https:\/\/agranimo.com\/es\/wp-json\/wp\/v2\/pages\/"}],"about":[{"href":"https:\/\/agranimo.com\/es\/wp-json\/wp\/v2\/types\/page\/"}],"author":[{"embeddable":true,"href":"https:\/\/agranimo.com\/es\/wp-json\/wp\/v2\/users\/2\/"}],"replies":[{"embeddable":true,"href":"https:\/\/agranimo.com\/es\/wp-json\/wp\/v2\/comments\/?post=1687"}],"version-history":[{"count":23,"href":"https:\/\/agranimo.com\/es\/wp-json\/wp\/v2\/pages\/1687\/revisions\/"}],"predecessor-version":[{"id":5145,"href":"https:\/\/agranimo.com\/es\/wp-json\/wp\/v2\/pages\/1687\/revisions\/5145\/"}],"wp:attachment":[{"href":"https:\/\/agranimo.com\/es\/wp-json\/wp\/v2\/media\/?parent=1687"}],"curies":[{"name":"wp","href":"https:\/\/api.w.org\/{rel}","templated":true}]}}