{"id":427,"date":"2018-10-31T14:09:25","date_gmt":"2018-10-31T14:09:25","guid":{"rendered":"https:\/\/web.agranimo.com\/politica-de-privacidad\/"},"modified":"2021-05-17T16:58:37","modified_gmt":"2021-05-17T16:58:37","slug":"politica-de-privacidad","status":"publish","type":"page","link":"https:\/\/agranimo.com\/es\/politica-de-privacidad\/","title":{"rendered":"Pol\u00edtica de privacidad"},"content":{"rendered":"[vc_row][vc_column][vc_column_text]<b>Pol\u00edtica de privacidad<\/b><\/p>\n<p><span style=\"font-weight: 400;\">Este pol\u00edtica de privacidad revela las pr\u00e1cticas de privacidad para (https:\/\/www.agranimo.com). Este pol\u00edtica de privacidad se aplica \u00fanicamente a la informaci\u00f3n recopilada por este sitio web. Se le notificar\u00e1 de lo siguiente:<\/span><\/p>\n<ol>\n<li style=\"font-weight: 400;\"><span style=\"font-weight: 400;\">Qu\u00e9 informaci\u00f3n personal identificable se recopila de usted a trav\u00e9s del sitio web, c\u00f3mo se utiliza y con qui\u00e9n se puede compartir.<\/span><\/li>\n<li style=\"font-weight: 400;\"><span style=\"font-weight: 400;\">Qu\u00e9 opciones est\u00e1n disponibles para usted con respecto al uso de sus datos.<\/span><\/li>\n<li style=\"font-weight: 400;\"><span style=\"font-weight: 400;\">Los procedimientos de seguridad establecidos para proteger el uso indebido de su informaci\u00f3n.<\/span><\/li>\n<li style=\"font-weight: 400;\"><span style=\"font-weight: 400;\">C\u00f3mo puede corregir cualquier inexactitud en la informaci\u00f3n.<\/span><\/li>\n<\/ol>\n<p>&nbsp;<\/p>\n<p><b>Recopilaci\u00f3n, uso e intercambio de informaci\u00f3n <\/b><\/p>\n<p><span style=\"font-weight: 400;\">Somos los \u00fanicos propietarios de la informaci\u00f3n recopilada en este sitio. S\u00f3lo tenemos acceso a la informaci\u00f3n que usted nos proporciona voluntariamente a trav\u00e9s de los formularios del sitio web u otro tipo de contacto directo con usted. No venderemos ni alquilaremos esta informaci\u00f3n a nadie.<\/span><\/p>\n<p><span style=\"font-weight: 400;\">Utilizaremos su informaci\u00f3n para responderle, en relaci\u00f3n con la raz\u00f3n por la que se puso en contacto con nosotros. No compartiremos su informaci\u00f3n con ning\u00fan tercero fuera de nuestra organizaci\u00f3n, excepto cuando sea necesario para cumplir con su solicitud, por ejemplo, para enviar un pedido.<\/span><\/p>\n<p>Recogida, uso y difusi\u00f3n de la informaci\u00f3n<br \/>\nSomos los \u00fanicos propietarios de la informaci\u00f3n recogida en este sitio. S\u00f3lo tenemos acceso a la informaci\u00f3n que usted nos proporciona voluntariamente a trav\u00e9s de los formularios del sitio web o de otro contacto directo con usted. No venderemos ni alquilaremos esta informaci\u00f3n a nadie.<br \/>\nUtilizaremos su informaci\u00f3n para responderle, en relaci\u00f3n con el motivo por el que se puso en contacto con nosotros. No compartiremos su informaci\u00f3n con ning\u00fan tercero ajeno a nuestra organizaci\u00f3n, salvo cuando sea necesario para satisfacer su solicitud, por ejemplo, para enviar un pedido.<br \/>\nPrivacidad y sitios web de terceros<br \/>\nEl sitio web puede contener hiperv\u00ednculos hacia y desde sitios web de terceros. Si sigue un hiperv\u00ednculo a uno de estos sitios web, tenga en cuenta que no podemos asumir ninguna responsabilidad o garant\u00eda por el contenido o las condiciones de protecci\u00f3n de datos de terceros. Por favor, compruebe la pol\u00edtica de privacidad aplicable antes de enviar cualquier informaci\u00f3n personal a estos sitios web. Tambi\u00e9n utilizamos los siguientes servicios para optimizar nuestros procesos. Esto representa un inter\u00e9s leg\u00edtimo en el sentido del Art. 6 para. 1 lit. f GDPR.<br \/>\n<strong>Google Analytics<\/strong><br \/>\nEste sitio web utiliza Google Analytics, un servicio de an\u00e1lisis web proporcionado por Google, Inc. (\u00abGoogle\u00bb). Google Analytics utiliza \u00abcookies\u00bb, que son archivos de texto ubicados en su ordenador, para ayudar al sitio web a analizar el uso que hacen los usuarios del mismo. La informaci\u00f3n generada por la cookie sobre su uso del sitio web se transmite generalmente a los servidores de Google en los Estados Unidos y se almacena en ellos. Dentro de los Estados miembros de la UE o en otros Estados miembros del Espacio Econ\u00f3mico Europeo, Google acortar\u00e1 su direcci\u00f3n IP antes de transmitirla si la anonimizaci\u00f3n de IP est\u00e1 activada en este sitio web. S\u00f3lo en casos excepcionales se transmitir\u00e1 su direcci\u00f3n IP completa a un servidor de Google en Estados Unidos y se acortar\u00e1 all\u00ed. En nombre del operador de este sitio web, Google utilizar\u00e1 esta informaci\u00f3n con el fin de evaluar su uso del sitio web, recopilando informes sobre la actividad del sitio web y prestando otros servicios para el operador del sitio web relacionados con la actividad del sitio web y el uso de Internet. Google no asociar\u00e1 la direcci\u00f3n IP de su navegador, transmitida a efectos de Google Analytics, con ning\u00fan otro dato del que disponga Google. Puede rechazar el uso de cookies seleccionando la configuraci\u00f3n adecuada en su navegador; sin embargo, tenga en cuenta que si lo hace es posible que no pueda utilizar todas las funciones de este sitio web. Adem\u00e1s, puede evitar la recopilaci\u00f3n de datos generados por la cookie sobre su uso del sitio web (incluida su direcci\u00f3n IP) y su procesamiento por parte de Google descargando e instalando el complemento del navegador que se proporciona en el siguiente enlace: http:\/\/tools.google.com\/dlpage\/gaoptout?hl<br \/>\nPuede evitar que Google Analytics recopile datos haciendo clic en el siguiente enlace. Se establece una cookie de inhabilitaci\u00f3n que impide la futura recopilaci\u00f3n de sus datos cuando visita este sitio web: inhabilitar Google Analytics<br \/>\nPara m\u00e1s informaci\u00f3n sobre las condiciones de uso y privacidad, visite www.google.com\/analytics\/terms\/. Tenga en cuenta que en el sitio web Google Analytics se ha ampliado con el c\u00f3digo \u00abanonymizeIp\u00bb para garantizar un registro an\u00f3nimo de las direcciones IP (el llamado enmascaramiento de IP).<br \/>\nLa base legal para el tratamiento es el Art. 6 para. 1 f GDPR, seg\u00fan el cual la autorizaci\u00f3n de SpinLab surge del hecho de que, por un lado, SpinLab tiene inter\u00e9s en evaluar los datos del sitio web con fines de optimizaci\u00f3n del mismo y, por otro lado, una persona interesada puede prever razonablemente en el momento en que se recogen los datos personales y a la vista de las circunstancias en que se llevan a cabo (en particular las medidas mencionadas anteriormente) que posiblemente ser\u00e1n tratados con este fin.<br \/>\n<strong>Google reCAPTCHA<\/strong><br \/>\nUtilizamos \u00abGoogle reCAPTCHA\u00bb (en adelante \u00abreCAPTCHA\u00bb) en nuestras p\u00e1ginas web. El proveedor es Google Inc, 1600 Amphitheatre Parkway, Mountain View, CA 94043, USA (\u00abGoogle\u00bb). Con reCAPTCHA se comprueba si la introducci\u00f3n de datos en nuestras p\u00e1ginas web (por ejemplo, en un formulario de contacto) es realizada por un ser humano o por un programa automatizado. Para ello reCAPTCHA analiza el comportamiento del visitante del sitio web en base a diferentes caracter\u00edsticas. Este an\u00e1lisis comienza autom\u00e1ticamente en cuanto el visitante del sitio web entra en \u00e9l. Para el an\u00e1lisis, reCAPTCHA eval\u00faa diversos datos (por ejemplo, la direcci\u00f3n IP, el tiempo que el visitante del sitio web permanece en \u00e9l o los movimientos del rat\u00f3n realizados por el usuario). Los datos recogidos durante el an\u00e1lisis se transmiten a Google. Los an\u00e1lisis de reCAPTCHA se ejecutan completamente en segundo plano. Los visitantes del sitio web no son informados de que se est\u00e1 realizando un an\u00e1lisis. El tratamiento de datos se lleva a cabo sobre la base del Art. 6 para. 1 lit. del GDPR. El operador del sitio web tiene un inter\u00e9s leg\u00edtimo en proteger las ofertas de su sitio web contra el espionaje autom\u00e1tico abusivo y el SPAM.<\/p>\n<p><strong>Google Tag Manager<\/strong><br \/>\nEste sitio web utiliza el Google Tag Manager. Este servicio permite gestionar las etiquetas del sitio web a trav\u00e9s de una interfaz. El gestor de etiquetas de Google s\u00f3lo implementa etiquetas. Esto significa que no se utilizan cookies ni se recogen datos personales. El Google Tool Manager activa otras etiquetas, que a su vez recogen datos si es necesario. Sin embargo, el Google Tag Manager no accede a estos datos. Si se ha realizado una desactivaci\u00f3n a nivel de dominio o de cookie, esta sigue siendo v\u00e1lida para todas las etiquetas de seguimiento si se implementan con el Google Tag Manager. Tambi\u00e9n puede desactivar las etiquetas de Google Analytics y Facebook Pixel implementadas en Google Manager.<\/p>\n<p>Traducci\u00f3n realizada con la versi\u00f3n gratuita del traductor www.DeepL.com\/Translator<\/p>\n<p><b>Mensajes de marketing por correo electr\u00f3nico y suscripci\u00f3n<\/b><\/p>\n<p><span style=\"font-weight: 400;\">Si decide suscribirse a nuestros boletines, es posible que nos pongamos en contacto con usted por correo electr\u00f3nico en el futuro para informarle sobre ofertas especiales, nuevos productos o servicios, o cambios en esta pol\u00edtica de privacidad, a menos que nos pida que no lo hagamos. Cualquier mensaje de email marketing que enviamos se hace a trav\u00e9s de un proveedor de servicios de email marketing. Un servicio de email marketing es un proveedor de servicios de terceros de software\/aplicaciones que permite a los profesionales del marketing enviar campa\u00f1as de email marketing a una lista de usuarios.<\/span><\/p>\n<p><span style=\"font-weight: 400;\">Los mensajes de marketing por correo electr\u00f3nico que enviamos pueden contener balizas de seguimiento\/enlaces en los que se puede hacer clic o tecnolog\u00edas de servidor similares con el fin de realizar un seguimiento de la actividad de los suscriptores dentro de los mensajes de marketing por correo electr\u00f3nico. Cuando se utilizan, estos mensajes de marketing pueden registrar una serie de datos tales como: horas, fechas, direcciones IP, aperturas, clics, redireccionamientos, datos geogr\u00e1ficos y demogr\u00e1ficos. Dichos datos, dentro de sus limitaciones, mostrar\u00e1n la actividad que cada suscriptor realiz\u00f3 para esa campa\u00f1a de correo electr\u00f3nico.<\/span><\/p>\n<p><span style=\"font-weight: 400;\">Todos los mensajes de marketing por correo electr\u00f3nico que enviamos est\u00e1n de acuerdo con el Reglamento General de Protecci\u00f3n de Datos (GDPR) y el Reglamento de Privacidad y Comunicaciones Electr\u00f3nicas (PECR). Le ofrecemos un m\u00e9todo sencillo para retirar su consentimiento (darse de baja) o gestionar sus preferencias \/ la informaci\u00f3n que tenemos sobre usted en cualquier momento.<\/span><\/p>\n<p><b>Su acceso y control sobre la informaci\u00f3n <\/b><\/p>\n<p><span style=\"font-weight: 400;\">Usted puede optar por no participar en futuros contactos con nosotros en cualquier momento. Puede hacer lo siguiente en cualquier momento poni\u00e9ndose en contacto con nosotros a trav\u00e9s de la direcci\u00f3n de correo electr\u00f3nico contact@agranimo.com:<\/span><\/p>\n<ol>\n<li style=\"font-weight: 400;\"><span style=\"font-weight: 400;\">Vea qu\u00e9 datos tenemos sobre usted, si los hay.<\/span><\/li>\n<li style=\"font-weight: 400;\"><span style=\"font-weight: 400;\">Cambiar\/corregir cualquier dato que tengamos sobre usted.<\/span><\/li>\n<li style=\"font-weight: 400;\"><span style=\"font-weight: 400;\">Haga que eliminemos cualquier dato que tengamos sobre usted.<\/span><\/li>\n<li style=\"font-weight: 400;\"><span style=\"font-weight: 400;\">Expresar cualquier preocupaci\u00f3n que tenga acerca de nuestro uso de sus datos.<\/span><\/li>\n<\/ol>\n<p><b>Seguridad y protecci\u00f3n de datos<\/b><\/p>\n<p><span style=\"font-weight: 400;\">Garantizamos la seguridad de cualquier informaci\u00f3n personal que poseemos mediante el uso de tecnolog\u00edas de almacenamiento seguro de datos y procedimientos precisos en la forma en que almacenamos, accedemos y gestionamos dicha informaci\u00f3n. Nuestros m\u00e9todos cumplen con el requisito de cumplimiento de GDPR.<\/span><\/p>\n<p><span style=\"font-weight: 400;\">S\u00f3lo los empleados que necesitan la informaci\u00f3n para realizar un trabajo espec\u00edfico (por ejemplo, facturaci\u00f3n o servicio al cliente) tienen acceso a la informaci\u00f3n de identificaci\u00f3n personal. Las computadoras\/servidores en los que almacenamos informaci\u00f3n personal identificable se mantienen en un entorno seguro.<\/span><\/p>\n<p><b>Datos de registro<\/b><\/p>\n<p><span style=\"font-weight: 400;\">Al igual que muchos operadores de sitios, recopilamos informaci\u00f3n que su navegador env\u00eda cada vez que usted visita nuestro Sitio (\u00abDatos de registro\u00bb).<\/span><\/p>\n<p><span style=\"font-weight: 400;\">Estos datos de registro pueden incluir informaci\u00f3n como la direcci\u00f3n de protocolo de Internet (\u00abIP\u00bb) de su ordenador, el tipo de navegador, la versi\u00f3n del navegador, las p\u00e1ginas de nuestro sitio que visita, la hora y la fecha de su visita, el tiempo que pasa en esas p\u00e1ginas y otras estad\u00edsticas.<\/span><\/p>\n<p><b>Si usted siente que no estamos cumpliendo con esta pol\u00edtica de privacidad, debe ponerse en contacto con nosotros inmediatamente por correo electr\u00f3nico: contact@agranimo.com. <\/b>[\/vc_column_text][\/vc_column][\/vc_row][vc_row][vc_column]<div class=\"vcex-module wpex-flex wpex-items-center wpex-flex-wrap wpex-social-btns vcex-social-btns wpex-gap-5 wpex-justify-center  wpb_animate_when_almost_visible wpb_fadeIn fadeIn wpex-last-mr-0\" style=\"font-size:20px;\"><a  href=\"https:\/\/twitter.com\/Agranimo\" class=\"wpex-social-btn wpex-social-btn-black-ch wpex-social-bg-hover hvr hvr-glow vc_custom_1540901027230 wpex-twitter\" target=\"_blank\" title=\"Twitter\" data-wpex-hover=\"{&quot;background&quot;:&quot;#1f1a3a&quot;}\" rel=\"noopener noreferrer\"><span class=\"ticon ticon-twitter\" aria-hidden=\"true\"><\/span><span class=\"screen-reader-text\">Twitter<\/span><\/a><a  href=\"https:\/\/www.facebook.com\/agranimo\/\" class=\"wpex-social-btn wpex-social-btn-black-ch wpex-social-bg-hover hvr hvr-glow vc_custom_1540901027230 wpex-facebook\" target=\"_blank\" title=\"Facebook\" data-wpex-hover=\"{&quot;background&quot;:&quot;#1f1a3a&quot;}\" rel=\"noopener noreferrer\"><span class=\"ticon ticon-facebook\" aria-hidden=\"true\"><\/span><span class=\"screen-reader-text\">Facebook<\/span><\/a><a  href=\"https:\/\/www.instagram.com\/agranimo\/\" class=\"wpex-social-btn wpex-social-btn-black-ch wpex-social-bg-hover hvr hvr-glow vc_custom_1540901027230 wpex-instagram\" target=\"_blank\" title=\"Instagram\" data-wpex-hover=\"{&quot;background&quot;:&quot;#1f1a3a&quot;}\" rel=\"noopener noreferrer\"><span class=\"ticon ticon-instagram\" aria-hidden=\"true\"><\/span><span class=\"screen-reader-text\">Instagram<\/span><\/a><a  href=\"https:\/\/www.linkedin.com\/company\/agranimo\" class=\"wpex-social-btn wpex-social-btn-black-ch wpex-social-bg-hover hvr hvr-glow vc_custom_1540901027230 wpex-linkedin\" target=\"_blank\" title=\"LinkedIn\" data-wpex-hover=\"{&quot;background&quot;:&quot;#1f1a3a&quot;}\" rel=\"noopener noreferrer\"><span class=\"ticon ticon-linkedin\" aria-hidden=\"true\"><\/span><span class=\"screen-reader-text\">LinkedIn<\/span><\/a><\/div>[\/vc_column][\/vc_row][vc_row][vc_column]<figure class=\"vcex-image vcex-module wpex-clr textcenter\"><div class=\"vcex-image-inner wpex-relative wpex-inline-block vc_custom_1540901188876\"><img width=\"100\" height=\"43\" src=\"https:\/\/agranimo.com\/wp-content\/uploads\/2018\/10\/logoo.png\" class=\"wpex-align-middle\" alt=\"\" decoding=\"async\" loading=\"lazy\" \/><\/div><\/figure>[\/vc_column][\/vc_row]\n","protected":false},"excerpt":{"rendered":"<p>[vc_row][vc_column][vc_column_text]Pol\u00edtica de privacidad Este pol\u00edtica de privacidad revela las pr\u00e1cticas de privacidad para (https:\/\/www.agranimo.com). Este pol\u00edtica de privacidad se aplica \u00fanicamente a la informaci\u00f3n recopilada por este sitio web. Se le notificar\u00e1 de lo siguiente: Qu\u00e9 informaci\u00f3n personal identificable se recopila de usted a trav\u00e9s del sitio web, c\u00f3mo se utiliza y con qui\u00e9n se&hellip;<\/p>\n","protected":false},"author":1,"featured_media":0,"parent":0,"menu_order":0,"comment_status":"closed","ping_status":"open","template":"","meta":{"content-type":""},"_links":{"self":[{"href":"https:\/\/agranimo.com\/es\/wp-json\/wp\/v2\/pages\/427\/"}],"collection":[{"href":"https:\/\/agranimo.com\/es\/wp-json\/wp\/v2\/pages\/"}],"about":[{"href":"https:\/\/agranimo.com\/es\/wp-json\/wp\/v2\/types\/page\/"}],"author":[{"embeddable":true,"href":"https:\/\/agranimo.com\/es\/wp-json\/wp\/v2\/users\/1\/"}],"replies":[{"embeddable":true,"href":"https:\/\/agranimo.com\/es\/wp-json\/wp\/v2\/comments\/?post=427"}],"version-history":[{"count":6,"href":"https:\/\/agranimo.com\/es\/wp-json\/wp\/v2\/pages\/427\/revisions\/"}],"predecessor-version":[{"id":4363,"href":"https:\/\/agranimo.com\/es\/wp-json\/wp\/v2\/pages\/427\/revisions\/4363\/"}],"wp:attachment":[{"href":"https:\/\/agranimo.com\/es\/wp-json\/wp\/v2\/media\/?parent=427"}],"curies":[{"name":"wp","href":"https:\/\/api.w.org\/{rel}","templated":true}]}}