{"id":5580,"date":"2022-08-23T16:34:13","date_gmt":"2022-08-23T14:34:13","guid":{"rendered":"https:\/\/agranimo.com\/?page_id=5580"},"modified":"2022-08-31T10:38:34","modified_gmt":"2022-08-31T08:38:34","slug":"planificador-de-riego","status":"publish","type":"page","link":"https:\/\/agranimo.com\/es\/planificador-de-riego\/","title":{"rendered":"Planificador de riego"},"content":{"rendered":"[vc_row full_width=\u00bbstretch_row\u00bb content_placement=\u00bbtop\u00bb css=\u00bb.vc_custom_1655394616015{background-color: #201c3b !important;}\u00bb][vc_column width=\u00bb1\/2&#8243;]<h1 class=\"vcex-heading vcex-module wpex-text-2xl wpex-font-normal wpex-m-auto wpex-max-w-100 vcex-heading-plain wpex-block wpex-text-left vc_custom_1661935070627\" style=\"color:#ffffff;font-family:&#039;Source Sans Pro&#039;,sans-serif;font-size:43px;letter-spacing:var(--wpex-tracking-normal);\"><span class=\"vcex-heading-inner wpex-inline-block wpex-clr\">F\u00e1cil planificaci\u00f3n del riego<\/span><\/h1>[vc_column_text color=\u00bb#ffffff\u00bb align=\u00bbleft\u00bb width=\u00bb90%\u00bb font_size=\u00bb16px\u00bb font_weight=\u00bb300&#8243; css=\u00bb.vc_custom_1661934152985{padding-top: 25px !important;padding-bottom: 25px !important;}\u00bb]Valores semanales de la <strong>Evapotranspiraci\u00f3n Real<\/strong> (ETr) para cada campo en forma m\u00e1s sencilla. No se necesitan estaciones meteorol\u00f3gicas ni coeficientes de cultivo (Kc)!<\/p>\n<p>Prueba la plataforma Agranimo y aumenta la precisi\u00f3n de su riego. Nuestro equipo de agr\u00f3nomos especializados en la gesti\u00f3n del riego esta siempre disponible para ayudarle a determinar el plan de riego m\u00e1s \u00f3ptimo para su variedad.[\/vc_column_text]<style>.vcex_69e05da991d4f{height:15px;}@media (max-width:767px){.vcex_69e05da991d4f{height:15px;}}@media (max-width:479px){.vcex_69e05da991d4f{height:15px;}}<\/style><div class=\"vcex-spacing wpex-w-100 wpex-clear vcex_69e05da991d4f\"><\/div><a href=\"https:\/\/app.agranimo.com\/\" class=\"vcex-button theme-button inline\" style=\"border-radius:8px;\"><span class=\"theme-button-inner\">Prueba Gratuita<\/span><\/a> [\/vc_column][vc_column width=\u00bb1\/2&#8243; css=\u00bb.vc_custom_1655393438812{background-position: center !important;background-repeat: no-repeat !important;background-size: cover !important;}\u00bb wpex_bg_size=\u00bb100%\u00bb][vc_single_image image=\u00bb5383&#8243; css=\u00bb.vc_custom_1658330409910{margin-right: -70px !important;margin-bottom: -40px !important;margin-left: -35px !important;}\u00bb][\/vc_column][\/vc_row][vc_row][vc_column]<style>.vcex_69e05da992201{font-size:43px!important;}@media (max-width:1024px){.vcex_69e05da992201{font-size:43px!important;}}@media (max-width:959px){.vcex_69e05da992201{font-size:43px!important;}}@media (max-width:767px){.vcex_69e05da992201{font-size:20px!important;}}@media (max-width:479px){.vcex_69e05da992201{font-size:20px!important;}}<\/style><div class=\"vcex-heading vcex-module wpex-text-2xl wpex-font-normal wpex-m-auto wpex-max-w-100 vcex-heading-plain wpex-block wpex-text-center vc_custom_1661935003534 vcex_69e05da992201\" style=\"color:#201c3b;\"><span class=\"vcex-heading-inner wpex-inline-block wpex-clr\">Evapotranspiraci\u00f3n satelital<\/span><\/div>[\/vc_column][\/vc_row][vc_row full_width=\u00bbstretch_row_content\u00bb content_placement=\u00bbtop\u00bb][vc_column width=\u00bb1\/2&#8243;][vc_single_image image=\u00bb5722&#8243; css=\u00bb.vc_custom_1659177090543{margin-right: -70px !important;margin-bottom: -40px !important;margin-left: -35px !important;}\u00bb][\/vc_column][vc_column width=\u00bb1\/2&#8243; css=\u00bb.vc_custom_1655393438812{background-position: center !important;background-repeat: no-repeat !important;background-size: cover !important;}\u00bb wpex_bg_size=\u00bb100%\u00bb]<div class=\"vcex-spacing wpex-w-100 wpex-clear\" style=\"height:15px;\"><\/div>[vc_column_text color=\u00bb#201c3b\u00bb text_align=\u00bbleft\u00bb font_size=\u00bb16px\u00bb font_weight=\u00bb300&#8243; align=\u00bbleft\u00bb width=\u00bb90%\u00bb css=\u00bb.vc_custom_1661934686820{padding-top: 100px !important;padding-bottom: 100px !important;}\u00bb]<strong>Evapotranspiraci\u00f3n (ET)<\/strong> es una de las formas m\u00e1s utilizadas y sencillas de determinar las necesidades exactas de agua de las plantas.<\/p>\n<p>Los a\u00f1os de experiencia de Agranimo en la f\u00edsica de suelos y manejo de riego, en colaboraci\u00f3n con eLeaf, proveedor l\u00edder de an\u00e1lisis de im\u00e1genes por sat\u00e9lite a nivel mundial, nos han permitido crear <strong>la forma m\u00e1s sencilla y rentable<\/strong> de planificar el riego en todos sus campos.[\/vc_column_text][\/vc_column][\/vc_row][vc_row css=\u00bb.vc_custom_1658332629043{padding-top: 30px !important;}\u00bb][vc_column width=\u00bb1\/2&#8243;]<style>.vcex_69e05da9923ac{font-size:43px!important;}@media (max-width:1024px){.vcex_69e05da9923ac{font-size:43px!important;}}@media (max-width:959px){.vcex_69e05da9923ac{font-size:43px!important;}}@media (max-width:767px){.vcex_69e05da9923ac{font-size:20px!important;}}@media (max-width:479px){.vcex_69e05da9923ac{font-size:20px!important;}}<\/style><h1 class=\"vcex-heading vcex-module wpex-text-2xl wpex-font-normal wpex-m-auto wpex-max-w-100 vcex-heading-plain wpex-block wpex-text-left vc_custom_1661935100332 vcex_69e05da9923ac\" style=\"color:#201c3b;font-family:&#039;Source Sans Pro&#039;,sans-serif;letter-spacing:var(--wpex-tracking-normal);\"><span class=\"vcex-heading-inner wpex-inline-block wpex-clr\">C\u00f3mo funciona<\/span><\/h1>[vc_column_text color=\u00bb#201c3b\u00bb text_align=\u00bbleft\u00bb font_size=\u00bb16px\u00bb font_weight=\u00bb300&#8243; line_height=\u00bbloose\u00bb css=\u00bb.vc_custom_1661934765633{padding-top: 0px !important;padding-bottom: 25px !important;}\u00bb]\n<ol>\n<li style=\"font-weight: 400;\" aria-level=\"1\"><span style=\"font-weight: 400;\">Registre su campo en la plataforma Agranimo<\/span><\/li>\n<li style=\"font-weight: 400;\" aria-level=\"1\"><span style=\"font-weight: 400;\">Dibuje distintos sectores de manejo en el mapa<\/span><\/li>\n<li style=\"font-weight: 400;\" aria-level=\"1\"><span style=\"font-weight: 400;\">A\u00f1ade informaci\u00f3n de variedades, tipos de suelo y el sistema de riego utilizado<\/span><\/li>\n<li style=\"font-weight: 400;\" aria-level=\"1\"><span style=\"font-weight: 400;\">Reciba informaci\u00f3n semanal de ETr y NDVI<\/span><\/li>\n<\/ol>\n[\/vc_column_text]<div class=\"vc_custom_1661934789818 wpex-clr\"><a href=\"https:\/\/app.agranimo.com\/\" class=\"vcex-button theme-button inline\" style=\"border-radius:8px;\"><span class=\"theme-button-inner\">Prueba Gratuita<\/span><\/a><\/div> [\/vc_column][vc_column width=\u00bb1\/2&#8243;][vc_single_image image=\u00bb5538&#8243;][\/vc_column][\/vc_row][vc_row content_placement=\u00bbtop\u00bb el_class=\u00bbrow_reverse\u00bb][vc_column width=\u00bb1\/2&#8243;][vc_single_image image=\u00bb5515&#8243; alignment=\u00bbcenter\u00bb]<div class=\"vcex-spacing wpex-w-100 wpex-clear\" style=\"height:30px;\"><\/div>[\/vc_column][vc_column width=\u00bb1\/2&#8243; css=\u00bb.vc_custom_1655393438812{background-position: center !important;background-repeat: no-repeat !important;background-size: cover !important;}\u00bb wpex_bg_size=\u00bb100%\u00bb]<style>.vcex_69e05da99286d{font-size:43px!important;}@media (max-width:1024px){.vcex_69e05da99286d{font-size:43px!important;}}@media (max-width:959px){.vcex_69e05da99286d{font-size:43px!important;}}@media (max-width:767px){.vcex_69e05da99286d{font-size:20px!important;}}@media (max-width:479px){.vcex_69e05da99286d{font-size:20px!important;}}<\/style><h1 class=\"vcex-heading vcex-module wpex-text-2xl wpex-font-normal wpex-m-auto wpex-max-w-100 vcex-heading-plain wpex-block wpex-text-left vc_custom_1661935033505 vcex_69e05da99286d\" style=\"color:#201c3b;font-family:&#039;Source Sans Pro&#039;,sans-serif;letter-spacing:var(--wpex-tracking-normal);\"><span class=\"vcex-heading-inner wpex-inline-block wpex-clr\">La ciencia que hay detr\u00e1s<\/span><\/h1>[vc_column_text color=\u00bb#201c3b\u00bb text_align=\u00bbleft\u00bb font_size=\u00bb16px\u00bb font_weight=\u00bb300&#8243; css=\u00bb.vc_custom_1661934208541{padding-top: 25px !important;padding-bottom: 25px !important;}\u00bb]SEBAL (algoritmo de balance energ\u00e9tico de la superficie de la tierra) y ET son los algoritmos centrales utilizados para producir la informaci\u00f3n que alimenta esta herramienta en l\u00ednea. Al observar el balance energ\u00e9tico en la superficie terrestre, el sistema es capaz de calcular las variables utilizadas en el c\u00e1lculo de evapotranspiraci\u00f3n de Penman-Monteith.[\/vc_column_text]<div class=\"vcex-spacing wpex-w-100 wpex-clear\" style=\"height:15px;\"><\/div>[\/vc_column][\/vc_row][vc_row full_width=\u00bbstretch_row\u00bb css=\u00bb.vc_custom_1658419052457{background-color: #201c3b !important;}\u00bb][vc_column]<style>.vcex_69e05da992b8e{font-size:43px!important;}@media (max-width:1024px){.vcex_69e05da992b8e{font-size:43px!important;}}@media (max-width:959px){.vcex_69e05da992b8e{font-size:43px!important;}}@media (max-width:767px){.vcex_69e05da992b8e{font-size:20px!important;}}@media (max-width:479px){.vcex_69e05da992b8e{font-size:20px!important;}}<\/style><div class=\"vcex-heading vcex-module wpex-text-2xl wpex-font-normal wpex-m-auto wpex-max-w-100 vcex-heading-plain wpex-block wpex-text-center vc_custom_1661935053097 vcex_69e05da992b8e\" style=\"color:#ffffff;\"><span class=\"vcex-heading-inner wpex-inline-block wpex-clr\">Planificador autom\u00e1tico (proximam\u00e9nte)<\/span><\/div>[vc_row_inner][vc_column_inner width=\u00bb1\/2&#8243;]<style>.vcex_69e05da992c6d{height:90px;}@media (max-width:1024px){.vcex_69e05da992c6d{height:90px;}}@media (max-width:959px){.vcex_69e05da992c6d{height:90px;}}@media (max-width:767px){.vcex_69e05da992c6d{height:15px;}}@media (max-width:479px){.vcex_69e05da992c6d{height:15px;}}<\/style><div class=\"vcex-spacing wpex-w-100 wpex-clear vcex_69e05da992c6d\"><\/div>[vc_column_text text_align=\u00bbleft\u00bb color=\u00bb#ffffff\u00bb font_size=\u00bb16px\u00bb font_weight=\u00bb300&#8243;]Determinar el momento y la duraci\u00f3n \u00f3ptimos del siguiente riego requiere un c\u00e1lculo detallado del balance h\u00eddrico, teniendo en cuenta la demanda de agua de las plantas, la eficiencia del sistema de riego, la retenci\u00f3n de agua en el suelo y la previsi\u00f3n meteorol\u00f3gica.<\/p>\n<p>El objetivo de Agranimo es automatizar este proceso. Nos entusiasma construir una automatizaci\u00f3n que elimine el trabajo manual de la creaci\u00f3n de un plan de riego y permita a nuestros usuarios centrarse en otros detalles de la producci\u00f3n para conseguir mejores rendimientos.[\/vc_column_text][\/vc_column_inner][vc_column_inner width=\u00bb1\/2&#8243;][vc_single_image image=\u00bb5614&#8243;][\/vc_column_inner][\/vc_row_inner][vc_row_inner el_class=\u00bbrow_reverse\u00bb][vc_column_inner width=\u00bb1\/2&#8243;]<div class=\"vcex-image-grid-wrap wpex-clr\"><div class=\"vcex-module vcex-image-grid grid-style-default wpex-row wpex-clr wpex-lightbox-group\"><div class=\"id-5548 vcex-image-grid-entry vcex-grid-item textcenter span_1_of_2 span_1_of_2_pp col col-1\"><figure class=\"vcex-image-grid-entry-figure wpex-last-mb-0 wpex-clr\"><div class=\"vcex-image-grid-entry-img entry-media wpex-mb-20\"><a href=\"https:\/\/agranimo.com\/wp-content\/uploads\/2022\/07\/soil-sensor-agranimo-irrigation-planner.png\" class=\"vcex-image-grid-entry-link wpex-lightbox-group-item\" ><img width=\"401\" height=\"467\" src=\"https:\/\/agranimo.com\/wp-content\/uploads\/2022\/07\/soil-sensor-agranimo-irrigation-planner.png\" class=\"wpex-align-middle\" alt=\"\" decoding=\"async\" loading=\"lazy\" srcset=\"https:\/\/agranimo.com\/wp-content\/uploads\/2022\/07\/soil-sensor-agranimo-irrigation-planner.png 401w, https:\/\/agranimo.com\/wp-content\/uploads\/2022\/07\/soil-sensor-agranimo-irrigation-planner-258x300.png 258w\" sizes=\"(max-width: 401px) 100vw, 401px\" \/><\/a><\/div><\/figure><\/div><div class=\"id-5553 vcex-image-grid-entry vcex-grid-item textcenter span_1_of_2 span_1_of_2_pp col col-2\"><figure class=\"vcex-image-grid-entry-figure wpex-last-mb-0 wpex-clr\"><div class=\"vcex-image-grid-entry-img entry-media wpex-mb-20\"><a href=\"https:\/\/agranimo.com\/wp-content\/uploads\/2022\/07\/weather-station-agranimo.png\" class=\"vcex-image-grid-entry-link wpex-lightbox-group-item\" ><img width=\"401\" height=\"468\" src=\"https:\/\/agranimo.com\/wp-content\/uploads\/2022\/07\/weather-station-agranimo.png\" class=\"wpex-align-middle\" alt=\"\" decoding=\"async\" loading=\"lazy\" srcset=\"https:\/\/agranimo.com\/wp-content\/uploads\/2022\/07\/weather-station-agranimo.png 401w, https:\/\/agranimo.com\/wp-content\/uploads\/2022\/07\/weather-station-agranimo-257x300.png 257w\" sizes=\"(max-width: 401px) 100vw, 401px\" \/><\/a><\/div><\/figure><\/div><\/div><\/div>[\/vc_column_inner][vc_column_inner width=\u00bb1\/2&#8243;]<style>.vcex_69e05da993cca{font-size:43px!important;}@media (max-width:1024px){.vcex_69e05da993cca{font-size:43px!important;}}@media (max-width:959px){.vcex_69e05da993cca{font-size:43px!important;}}@media (max-width:767px){.vcex_69e05da993cca{font-size:20px!important;}}@media (max-width:479px){.vcex_69e05da993cca{font-size:20px!important;}}<\/style><div class=\"vcex-heading vcex-module wpex-text-2xl wpex-font-normal wpex-m-auto wpex-max-w-100 vcex-heading-plain wpex-block wpex-text-left vc_custom_1658940315791 vcex_69e05da993cca\" style=\"color:#ffffff;line-height:var(--wpex-leading-tight);\"><span class=\"vcex-heading-inner wpex-inline-block wpex-clr\">A\u00f1ada sensores para mayor precisi\u00f3n<\/span><\/div>[vc_column_text text_align=\u00bbleft\u00bb color=\u00bb#ffffff\u00bb font_size=\u00bb16px\u00bb font_weight=\u00bb300&#8243;]Las sondas de suelo pueden aumentar significativamente la eficiencia del riego y crear un mayor impacto en el rendimiento.<\/p>\n<p>La <strong>ET real<\/strong> proporciona una buena estimaci\u00f3n de la demanda de agua del cultivo, y forma la primera etapa del manejo de riego de precision. Los sensores de suelo permiten ver c\u00f3mo se distribuye el agua en el suelo y c\u00f3mo la absorbe la planta. Esta informaci\u00f3n agrega mayor precisi\u00f3n para determinar cu\u00e1ndo aplicar el riego y con qu\u00e9 frecuencia.[\/vc_column_text][\/vc_column_inner][\/vc_row_inner][\/vc_column][\/vc_row][vc_row full_width=\u00bbstretch_row_content\u00bb css=\u00bb.vc_custom_1652373553619{background-color: #f0f8e6 !important;}\u00bb][vc_column width=\u00bb1\/3&#8243;][vc_single_image image=\u00bb5298&#8243; img_size=\u00bbmedium\u00bb alignment=\u00bbcenter\u00bb css=\u00bb.vc_custom_1659026584257{padding-top: 60px !important;}\u00bb visibility=\u00bbhidden-phone\u00bb][\/vc_column][vc_column width=\u00bb2\/3&#8243;]<div class=\"vcex-heading vcex-module wpex-text-2xl wpex-font-normal wpex-m-auto wpex-max-w-100 vcex-heading-plain wpex-block wpex-text-center vc_custom_1652374261919\" style=\"font-size:23px;font-weight:600;\"><span class=\"vcex-heading-inner wpex-inline-block wpex-clr\">Suscr\u00edbase a nuestros boletines!<\/span><\/div><div class=\"vcex-module vcex-form-shortcode wpex-form wpex-m-auto wpex-max-w-100\" style=\"width:500px;\"><div class=\"forminator-ui forminator-custom-form forminator-custom-form-4945 forminator-design--default forminator-enclosed forminator_ajax\" data-forminator-render=\"0\" data-form=\"forminator-module-4945\" data-uid=\"69e05da993f60\"><br\/><\/div><form\n\t\t\t\tid=\"forminator-module-4945\"\n\t\t\t\tclass=\"forminator-ui forminator-custom-form forminator-custom-form-4945 forminator-design--default forminator-enclosed forminator_ajax\"\n\t\t\t\tmethod=\"post\"\n\t\t\t\tdata-forminator-render=\"0\"\n\t\t\t\tdata-form-id=\"4945\"\n\t\t\t\t\n\t\t\t\tdata-design=\"default\"\n\t\t\t\t\n\t\t\t\t\n\t\t\t\t\n\t\t\t\tdata-grid=\"enclosed\"\n\t\t\t\t\n\t\t\t\t\n\t\t\t\tstyle=\"display: none;\"\n\t\t\t\t\n\t\t\t\tdata-uid=\"69e05da993f60\"\n\t\t\t><div class=\"forminator-response-message forminator-error\" aria-hidden=\"true\"><\/div><div class=\"forminator-row\"><div id=\"name-1\" class=\"forminator-col forminator-col-6 \"><div class=\"forminator-field\"><label for=\"forminator-field-name-1_69e05da993f60\" class=\"forminator-label\">First Name <span class=\"forminator-required\">*<\/span><\/label><input type=\"text\" name=\"name-1\" value=\"\" placeholder=\"E.g. John\" id=\"forminator-field-name-1_69e05da993f60\" class=\"forminator-input forminator-name--field\" aria-required=\"true\" \/><\/div><\/div><div id=\"name-3\" class=\"forminator-col forminator-col-6 \"><div class=\"forminator-row\" data-multiple=\"true\"><div class=\"forminator-col forminator-col-12\"><div class=\"forminator-field\"><label for=\"forminator-field-last-name-3_69e05da993f60\" class=\"forminator-label\">Last Name<\/label><input type=\"text\" name=\"name-3-last-name\" placeholder=\"E.g. Doe\" id=\"forminator-field-last-name-3_69e05da993f60\" class=\"forminator-input\" aria-required=\"false\" data-multi=\"1\" value=\"\" \/><\/div><\/div><\/div><\/div><\/div><div class=\"forminator-row\"><div id=\"email-1\" class=\"forminator-col forminator-col-12 \"><div class=\"forminator-field\"><label for=\"forminator-field-email-1_69e05da993f60\" class=\"forminator-label\">Email Address <span class=\"forminator-required\">*<\/span><\/label><input type=\"email\" name=\"email-1\" value=\"\" placeholder=\"E.g. john@doe.com\" id=\"forminator-field-email-1_69e05da993f60\" class=\"forminator-input forminator-email--field\" data-required=\"true\" aria-required=\"true\" \/><\/div><\/div><\/div><div class=\"forminator-row\"><div id=\"consent-1\" class=\"forminator-col forminator-col-12 \"><div class=\"forminator-field\"><label for=\"forminator-field-consent-1_69e05da993f60\" class=\"forminator-label\">Consent <span class=\"forminator-required\">*<\/span><\/label><div class=\"forminator-checkbox__wrapper\"><label for=\"forminator-field-consent-1_69e05da993f60\" class=\"forminator-checkbox\" style=\"margin: 0;\" aria-labelledby=\"forminator-field-consent-1_69e05da993f60__label\"><input type=\"checkbox\" name=\"consent-1\" value=\"marcada\" id=\"forminator-field-consent-1_69e05da993f60\" data-required=\"true\" aria-required=\"true\" \/><span class=\"forminator-checkbox-box\" aria-hidden=\"true\"><\/span><\/label><div id=\"forminator-field-consent-1_69e05da993f60__label\" class=\"forminator-checkbox__label\"><p>Yes, I agree with the <a href=\"https:\/\/agranimo.com\/privacy-policy\/\" target=\"_blank\" rel=\"noopener\">privacy policy<\/a> and <a href=\"#\" target=\"_blank\" rel=\"noopener\">terms and conditions.<\/a><\/p><\/div><\/div><\/div><\/div><\/div><input type=\"hidden\" name=\"referer_url\" value=\"\" \/><div class=\"forminator-row forminator-row-last\"><div class=\"forminator-col\"><div class=\"forminator-field\"><button class=\"forminator-button forminator-button-submit\">Subscribe<\/button><\/div><\/div><\/div><input type=\"hidden\" id=\"forminator_nonce\" name=\"forminator_nonce\" value=\"d203f95c7f\" \/><input type=\"hidden\" name=\"_wp_http_referer\" value=\"\/es\/wp-json\/wp\/v2\/pages\/5580\/\" \/><input type=\"hidden\" name=\"form_id\" value=\"4945\"><input type=\"hidden\" name=\"page_id\" value=\"5553\"><input type=\"hidden\" name=\"form_type\" value=\"default\"><input type=\"hidden\" name=\"current_url\" value=\"https:\/\/agranimo.com\/es\/planificador-de-riego\/weather-station-agranimo-2\/\"><input type=\"hidden\" name=\"render_id\" value=\"0\"><input type=\"hidden\" name=\"action\" value=\"forminator_submit_form_custom-forms\"><\/form><\/div>[\/vc_column][\/vc_row]\n","protected":false},"excerpt":{"rendered":"<p>[vc_row full_width=\u00bbstretch_row\u00bb content_placement=\u00bbtop\u00bb css=\u00bb.vc_custom_1655394616015{background-color: #201c3b !important;}\u00bb][vc_column width=\u00bb1\/2&#8243;][vc_column_text color=\u00bb#ffffff\u00bb align=\u00bbleft\u00bb width=\u00bb90%\u00bb font_size=\u00bb16px\u00bb font_weight=\u00bb300&#8243; css=\u00bb.vc_custom_1661934152985{padding-top: 25px !important;padding-bottom: 25px !important;}\u00bb]Valores semanales de la Evapotranspiraci\u00f3n Real (ETr) para cada campo en forma m\u00e1s sencilla. No se necesitan estaciones meteorol\u00f3gicas ni coeficientes de cultivo (Kc)! Prueba la plataforma Agranimo y aumenta la precisi\u00f3n de su riego. Nuestro equipo de agr\u00f3nomos&hellip;<\/p>\n","protected":false},"author":2,"featured_media":0,"parent":0,"menu_order":0,"comment_status":"closed","ping_status":"closed","template":"","meta":{"content-type":""},"_links":{"self":[{"href":"https:\/\/agranimo.com\/es\/wp-json\/wp\/v2\/pages\/5580\/"}],"collection":[{"href":"https:\/\/agranimo.com\/es\/wp-json\/wp\/v2\/pages\/"}],"about":[{"href":"https:\/\/agranimo.com\/es\/wp-json\/wp\/v2\/types\/page\/"}],"author":[{"embeddable":true,"href":"https:\/\/agranimo.com\/es\/wp-json\/wp\/v2\/users\/2\/"}],"replies":[{"embeddable":true,"href":"https:\/\/agranimo.com\/es\/wp-json\/wp\/v2\/comments\/?post=5580"}],"version-history":[{"count":16,"href":"https:\/\/agranimo.com\/es\/wp-json\/wp\/v2\/pages\/5580\/revisions\/"}],"predecessor-version":[{"id":6304,"href":"https:\/\/agranimo.com\/es\/wp-json\/wp\/v2\/pages\/5580\/revisions\/6304\/"}],"wp:attachment":[{"href":"https:\/\/agranimo.com\/es\/wp-json\/wp\/v2\/media\/?parent=5580"}],"curies":[{"name":"wp","href":"https:\/\/api.w.org\/{rel}","templated":true}]}}