{"id":5642,"date":"2022-08-02T11:53:01","date_gmt":"2022-08-02T09:53:01","guid":{"rendered":"https:\/\/agranimo.com\/?page_id=5642"},"modified":"2022-08-31T11:33:44","modified_gmt":"2022-08-31T09:33:44","slug":"para-empresas","status":"publish","type":"page","link":"https:\/\/agranimo.com\/es\/para-empresas\/","title":{"rendered":"Para empresas"},"content":{"rendered":"[vc_row full_width=\u00bbstretch_row\u00bb][vc_column width=\u00bb1\/2&#8243;]<div class=\"vcex-spacing wpex-w-100 wpex-clear\" style=\"height:15px;\"><\/div><h1 class=\"vcex-heading vcex-module wpex-text-2xl wpex-font-normal wpex-m-auto wpex-max-w-100 vcex-heading-plain wpex-block wpex-text-left\" style=\"color:#201c3b;font-family:&#039;Source Sans Pro&#039;,sans-serif;font-size:43px;letter-spacing:var(--wpex-tracking-normal);font-weight:400;\"><span class=\"vcex-heading-inner wpex-inline-block wpex-clr\">Para empresas<\/span><\/h1>[vc_column_text color=\u00bb#201c3b\u00bb font_size=\u00bb16px\u00bb font_family=\u00bbSource Sans Pro\u00bb width=\u00bb90%\u00bb font_weight=\u00bb300&#8243; text_align=\u00bbleft\u00bb align=\u00bbleft\u00bb]\n<p>Agranimo ofrece a las grandes empresas agr\u00edcolas y a las empresas exportadoras y comercializadoras de frutas, herramientas tecnol\u00f3gicas y consultor\u00eda en las siguientes \u00e1reas:<\/p>\n<ul>\n<li>Integraci\u00f3n de datos y software \/ creaci\u00f3n de cuadros de mando de gesti\u00f3n<\/li>\n<li>Previsi\u00f3n de rendimientos y seguimiento fenol\u00f3gico de los cultivos<\/li>\n<li>Apoyo tecnol\u00f3gico a los equipos de los servicios t\u00e9cnicos<\/li>\n<li>Gesti\u00f3n de sensores<\/li>\n<li>Informes de sostenibilidad<\/li>\n<\/ul>\n<p>A\u00f1os de experiencia pr\u00e1ctica, combinados con conocimientos de ingenier\u00eda de datos y software, electr\u00f3nica y agronom\u00eda, hacen de Agranimo un socio preferente para proyectos de datos agr\u00edcolas y de rendimiento.<\/p>\n[\/vc_column_text]<div class=\"vcex-spacing wpex-w-100 wpex-clear\" style=\"height:15px;\"><\/div><a href=\"https:\/\/agranimo.com\/es\/contactos\/\" class=\"vcex-button theme-button inline\" style=\"border-radius:8px;\"><span class=\"theme-button-inner\">Contactenos<\/span><\/a> [\/vc_column][vc_column width=\u00bb1\/2&#8243;][vc_single_image image=\u00bb5664&#8243; alignment=\u00bbleft\u00bb css=\u00bb.vc_custom_1660125791252{margin-right: -70px !important;margin-left: -20px !important;}\u00bb][\/vc_column][\/vc_row][vc_row css=\u00bb.vc_custom_1655244000341{padding-top: 15px !important;}\u00bb][vc_column][vc_row_inner el_class=\u00bbrow_reverse\u00bb][vc_column_inner width=\u00bb1\/2&#8243;][vc_single_image image=\u00bb5606&#8243;][\/vc_column_inner][vc_column_inner width=\u00bb1\/2&#8243;]<div class=\"vcex-spacing wpex-w-100 wpex-clear\" style=\"height:15px;\"><\/div><style>.vcex_69decbb8a7b72{font-size:43px!important;}@media (max-width:1024px){.vcex_69decbb8a7b72{font-size:43px!important;}}@media (max-width:959px){.vcex_69decbb8a7b72{font-size:43px!important;}}@media (max-width:767px){.vcex_69decbb8a7b72{font-size:20px!important;}}@media (max-width:479px){.vcex_69decbb8a7b72{font-size:20px!important;}}<\/style><h1 class=\"vcex-heading vcex-module wpex-text-2xl wpex-font-normal wpex-m-auto wpex-max-w-100 vcex-heading-plain wpex-block wpex-text-left vcex_69decbb8a7b72\" style=\"color:#201c3b;font-family:&#039;Source Sans Pro&#039;,sans-serif;letter-spacing:var(--wpex-tracking-normal);font-weight:400;\"><span class=\"vcex-heading-inner wpex-inline-block wpex-clr\">Integraci\u00f3n con SAP<\/span><\/h1>[vc_column_text text_align=\u00bbleft\u00bb color=\u00bb#201c3b\u00bb font_size=\u00bb16px\u00bb font_weight=\u00bb300&#8243;]\n<p>Agranimo tiene una integraci\u00f3n establecida con SAP Analytics Cloud y SAP Industry Cloud &#8211; Intelligent Agriculture para proporcionar a los clientes que utilizan estas herramientas inteligencia adicional sobre el clima y el suelo. La integraci\u00f3n de Agranimo y SAP ofrece las siguientes capacidades b\u00e1sicas:<\/p>\n<ul>\n<li>Calibraciones de los datos de los sensores para aumentar la calidad de los datos<\/li>\n<li>Indicadores de eficacia de la gesti\u00f3n del riego<\/li>\n<li>C\u00e1lculos de la huella de sostenibilidad<\/li>\n<li>Previsi\u00f3n de rendimientos<\/li>\n<li>Modelos de apoyo a la toma de decisiones preconfigurados y capacidades de ciencia de datos personalizadas para apoyar proyectos de datos internos<\/li>\n<\/ul>\n[\/vc_column_text]<div class=\"vcex-spacing wpex-w-100 wpex-clear\" style=\"height:15px;\"><\/div><a href=\"https:\/\/store.sap.com\/dcp\/en\/product\/display-0000060001_live_v1\/Agranimo%20climate%20intelligence\" class=\"vcex-button theme-button inline\" style=\"border-radius:8px;\"><span class=\"theme-button-inner\">\n<p>Agranimo en SAP Store<\/p>\n<\/span><\/a> [\/vc_column_inner][\/vc_row_inner][\/vc_column][\/vc_row][vc_row full_width=\u00bbstretch_row\u00bb column_spacing=\u00bb0px\u00bb gap=\u00bb4&#8243; css=\u00bb.vc_custom_1658939653681{background-color: #201c3b !important;}\u00bb][vc_column width=\u00bb1\/2&#8243;]<style>.vcex_69decbb8a7e9e{height:5px;}@media (max-width:767px){.vcex_69decbb8a7e9e{height:15px;}}@media (max-width:479px){.vcex_69decbb8a7e9e{height:15px;}}<\/style><div class=\"vcex-spacing wpex-w-100 wpex-clear vcex_69decbb8a7e9e\"><\/div><div class=\"vcex-spacing wpex-w-100 wpex-clear\" style=\"height:10px;\"><\/div><style>.vcex_69decbb8a7f5e{font-size:43px!important;}@media (max-width:1024px){.vcex_69decbb8a7f5e{font-size:43px!important;}}@media (max-width:959px){.vcex_69decbb8a7f5e{font-size:43px!important;}}@media (max-width:767px){.vcex_69decbb8a7f5e{font-size:20px!important;}}@media (max-width:479px){.vcex_69decbb8a7f5e{font-size:20px!important;}}<\/style><div class=\"vcex-heading vcex-module wpex-text-2xl wpex-font-normal wpex-m-auto wpex-max-w-100 vcex-heading-plain wpex-block wpex-text-left vcex_69decbb8a7f5e\" style=\"color:#ffffff;font-family:&#039;Source Sans Pro&#039;,sans-serif;font-weight:400;\"><span class=\"vcex-heading-inner wpex-inline-block wpex-clr\">Integraci\u00f3n de datos<\/span><\/div>[vc_column_text text_align=\u00bbleft\u00bb color=\u00bb#ffffff\u00bb font_size=\u00bb16px\u00bb font_weight=\u00bb300&#8243; width=\u00bb90%\u00bb align=\u00bbleft\u00bb]\n<p>Las soluciones de Agranimo son flexibles y pueden integrar fuentes de datos adicionales, o pueden integrarse con otros sistemas ERP y servicios especializados. A\u00f1adimos continuamente nuevas integraciones en funci\u00f3n de las necesidades de nuestros clientes. Las integraciones actuales incluyen:<\/p>\n<ul>\n<li>SAP<\/li>\n<li>eLeaf<\/li>\n<li>Agrospace<\/li>\n<li>Fitonova<\/li>\n<li>Zentra Cloud<\/li>\n<li>Wiseconn (DropControl)<\/li>\n<\/ul>\n<p>Estaremos encantados de ayudarle a planificar, dise\u00f1ar e implementar integraciones de datos para crear cuadros de mando de gesti\u00f3n y conductos de an\u00e1lisis de datos internos para su organizaci\u00f3n.<\/p>\n[\/vc_column_text]<style>@media (max-width:767px){.vcex_69decbb8a8135{height:15px;}}@media (max-width:479px){.vcex_69decbb8a8135{height:15px;}}<\/style><div class=\"vcex-spacing wpex-w-100 wpex-clear vcex_69decbb8a8135\"><\/div>[\/vc_column][vc_column width=\u00bb1\/2&#8243;][vc_single_image image=\u00bb5651&#8243; css=\u00bb.vc_custom_1661807313156{margin-top: -2px !important;margin-right: -70px !important;margin-left: -25px !important;}\u00bb][\/vc_column][\/vc_row][vc_row full_width=\u00bbstretch_row\u00bb css=\u00bb.vc_custom_1655322331079{background-color: #f0f8e6 !important;}\u00bb][vc_column width=\u00bb1\/3&#8243;][vc_single_image image=\u00bb5298&#8243; img_size=\u00bbmedium\u00bb alignment=\u00bbcenter\u00bb css=\u00bb.vc_custom_1655322403151{padding-top: 60px !important;}\u00bb visibility=\u00bbhidden-phone\u00bb][\/vc_column][vc_column width=\u00bb2\/3&#8243;]<style>.vcex_69decbb8a816b{height:30px;}@media (max-width:1024px){.vcex_69decbb8a816b{height:30px;}}@media (max-width:959px){.vcex_69decbb8a816b{height:30px;}}@media (max-width:767px){.vcex_69decbb8a816b{height:15px;}}@media (max-width:479px){.vcex_69decbb8a816b{height:15px;}}<\/style><div class=\"vcex-spacing wpex-w-100 wpex-clear vcex_69decbb8a816b\"><\/div><div class=\"vcex-heading vcex-module wpex-text-2xl wpex-font-normal wpex-m-auto wpex-max-w-100 vcex-heading-plain wpex-block wpex-text-center vc_custom_1658939233071\" style=\"font-size:23px;font-weight:600;\"><span class=\"vcex-heading-inner wpex-inline-block wpex-clr\">Suscr\u00edbase a nuestros boletines!<\/span><\/div><div class=\"vcex-module vcex-form-shortcode wpex-form wpex-m-auto wpex-max-w-100\" style=\"width:500px;\"><div class=\"forminator-ui forminator-custom-form forminator-custom-form-4945 forminator-design--default forminator-enclosed forminator_ajax\" data-forminator-render=\"0\" data-form=\"forminator-module-4945\" data-uid=\"69decbb8a8390\"><br\/><\/div><form\n\t\t\t\tid=\"forminator-module-4945\"\n\t\t\t\tclass=\"forminator-ui forminator-custom-form forminator-custom-form-4945 forminator-design--default forminator-enclosed forminator_ajax\"\n\t\t\t\tmethod=\"post\"\n\t\t\t\tdata-forminator-render=\"0\"\n\t\t\t\tdata-form-id=\"4945\"\n\t\t\t\t\n\t\t\t\tdata-design=\"default\"\n\t\t\t\t\n\t\t\t\t\n\t\t\t\t\n\t\t\t\tdata-grid=\"enclosed\"\n\t\t\t\t\n\t\t\t\t\n\t\t\t\tstyle=\"display: none;\"\n\t\t\t\t\n\t\t\t\tdata-uid=\"69decbb8a8390\"\n\t\t\t><div class=\"forminator-response-message forminator-error\" aria-hidden=\"true\"><\/div><div class=\"forminator-row\"><div id=\"name-1\" class=\"forminator-col forminator-col-6 \"><div class=\"forminator-field\"><label for=\"forminator-field-name-1_69decbb8a8390\" class=\"forminator-label\">First Name <span class=\"forminator-required\">*<\/span><\/label><input type=\"text\" name=\"name-1\" value=\"\" placeholder=\"E.g. John\" id=\"forminator-field-name-1_69decbb8a8390\" class=\"forminator-input forminator-name--field\" aria-required=\"true\" \/><\/div><\/div><div id=\"name-3\" class=\"forminator-col forminator-col-6 \"><div class=\"forminator-row\" data-multiple=\"true\"><div class=\"forminator-col forminator-col-12\"><div class=\"forminator-field\"><label for=\"forminator-field-last-name-3_69decbb8a8390\" class=\"forminator-label\">Last Name<\/label><input type=\"text\" name=\"name-3-last-name\" placeholder=\"E.g. Doe\" id=\"forminator-field-last-name-3_69decbb8a8390\" class=\"forminator-input\" aria-required=\"false\" data-multi=\"1\" value=\"\" \/><\/div><\/div><\/div><\/div><\/div><div class=\"forminator-row\"><div id=\"email-1\" class=\"forminator-col forminator-col-12 \"><div class=\"forminator-field\"><label for=\"forminator-field-email-1_69decbb8a8390\" class=\"forminator-label\">Email Address <span class=\"forminator-required\">*<\/span><\/label><input type=\"email\" name=\"email-1\" value=\"\" placeholder=\"E.g. john@doe.com\" id=\"forminator-field-email-1_69decbb8a8390\" class=\"forminator-input forminator-email--field\" data-required=\"true\" aria-required=\"true\" \/><\/div><\/div><\/div><div class=\"forminator-row\"><div id=\"consent-1\" class=\"forminator-col forminator-col-12 \"><div class=\"forminator-field\"><label for=\"forminator-field-consent-1_69decbb8a8390\" class=\"forminator-label\">Consent <span class=\"forminator-required\">*<\/span><\/label><div class=\"forminator-checkbox__wrapper\"><label for=\"forminator-field-consent-1_69decbb8a8390\" class=\"forminator-checkbox\" style=\"margin: 0;\" aria-labelledby=\"forminator-field-consent-1_69decbb8a8390__label\"><input type=\"checkbox\" name=\"consent-1\" value=\"marcada\" id=\"forminator-field-consent-1_69decbb8a8390\" data-required=\"true\" aria-required=\"true\" \/><span class=\"forminator-checkbox-box\" aria-hidden=\"true\"><\/span><\/label><div id=\"forminator-field-consent-1_69decbb8a8390__label\" class=\"forminator-checkbox__label\"><p>Yes, I agree with the <a href=\"https:\/\/agranimo.com\/privacy-policy\/\" target=\"_blank\" rel=\"noopener\">privacy policy<\/a> and <a href=\"#\" target=\"_blank\" rel=\"noopener\">terms and conditions.<\/a><\/p><\/div><\/div><\/div><\/div><\/div><input type=\"hidden\" name=\"referer_url\" value=\"\" \/><div class=\"forminator-row forminator-row-last\"><div class=\"forminator-col\"><div class=\"forminator-field\"><button class=\"forminator-button forminator-button-submit\">Subscribe<\/button><\/div><\/div><\/div><input type=\"hidden\" id=\"forminator_nonce\" name=\"forminator_nonce\" value=\"0617c9564d\" \/><input type=\"hidden\" name=\"_wp_http_referer\" value=\"\/es\/wp-json\/wp\/v2\/pages\/5642\/\" \/><input type=\"hidden\" name=\"form_id\" value=\"4945\"><input type=\"hidden\" name=\"page_id\" value=\"5642\"><input type=\"hidden\" name=\"form_type\" value=\"default\"><input type=\"hidden\" name=\"current_url\" value=\"https:\/\/agranimo.com\/es\/para-empresas\/\"><input type=\"hidden\" name=\"render_id\" value=\"0\"><input type=\"hidden\" name=\"action\" value=\"forminator_submit_form_custom-forms\"><\/form><\/div>[\/vc_column][\/vc_row]\n","protected":false},"excerpt":{"rendered":"<p>[vc_row full_width=\u00bbstretch_row\u00bb][vc_column width=\u00bb1\/2&#8243;][vc_column_text color=\u00bb#201c3b\u00bb font_size=\u00bb16px\u00bb font_family=\u00bbSource Sans Pro\u00bb width=\u00bb90%\u00bb font_weight=\u00bb300&#8243; text_align=\u00bbleft\u00bb align=\u00bbleft\u00bb] Agranimo ofrece a las grandes empresas agr\u00edcolas y a las empresas exportadoras y comercializadoras de frutas, herramientas tecnol\u00f3gicas y consultor\u00eda en las siguientes \u00e1reas: Integraci\u00f3n de datos y software \/ creaci\u00f3n de cuadros de mando de gesti\u00f3n Previsi\u00f3n de rendimientos y seguimiento fenol\u00f3gico&hellip;<\/p>\n","protected":false},"author":2,"featured_media":0,"parent":0,"menu_order":0,"comment_status":"closed","ping_status":"closed","template":"","meta":{"content-type":""},"_links":{"self":[{"href":"https:\/\/agranimo.com\/es\/wp-json\/wp\/v2\/pages\/5642\/"}],"collection":[{"href":"https:\/\/agranimo.com\/es\/wp-json\/wp\/v2\/pages\/"}],"about":[{"href":"https:\/\/agranimo.com\/es\/wp-json\/wp\/v2\/types\/page\/"}],"author":[{"embeddable":true,"href":"https:\/\/agranimo.com\/es\/wp-json\/wp\/v2\/users\/2\/"}],"replies":[{"embeddable":true,"href":"https:\/\/agranimo.com\/es\/wp-json\/wp\/v2\/comments\/?post=5642"}],"version-history":[{"count":9,"href":"https:\/\/agranimo.com\/es\/wp-json\/wp\/v2\/pages\/5642\/revisions\/"}],"predecessor-version":[{"id":6306,"href":"https:\/\/agranimo.com\/es\/wp-json\/wp\/v2\/pages\/5642\/revisions\/6306\/"}],"wp:attachment":[{"href":"https:\/\/agranimo.com\/es\/wp-json\/wp\/v2\/media\/?parent=5642"}],"curies":[{"name":"wp","href":"https:\/\/api.w.org\/{rel}","templated":true}]}}