{"id":5647,"date":"2022-08-01T18:42:09","date_gmt":"2022-08-01T16:42:09","guid":{"rendered":"https:\/\/agranimo.com\/?page_id=5647"},"modified":"2022-08-29T22:59:08","modified_gmt":"2022-08-29T20:59:08","slug":"servicios-para-la-agricultura","status":"publish","type":"page","link":"https:\/\/agranimo.com\/es\/servicios-para-la-agricultura\/","title":{"rendered":"Servicios para la Agricultura"},"content":{"rendered":"[vc_row full_width=\u00bbstretch_row\u00bb css=\u00bb.vc_custom_1660056616353{margin-right: -65px !important;}\u00bb][vc_column width=\u00bb1\/3&#8243; css=\u00bb.vc_custom_1660057066840{border-right-width: -100px !important;}\u00bb]<div class=\"vcex-spacing wpex-w-100 wpex-clear\" style=\"height:50px;\"><\/div><h1 class=\"vcex-heading vcex-module wpex-text-2xl wpex-font-normal wpex-m-auto wpex-max-w-100 vcex-heading-plain wpex-block wpex-text-left\" style=\"color:#201c3b;font-family:&#039;Source Sans Pro&#039;,sans-serif;font-size:43px;letter-spacing:var(--wpex-tracking-normal);\"><span class=\"vcex-heading-inner wpex-inline-block wpex-clr\">Servicios para la Agricultura<\/span><\/h1>[vc_column_text color=\u00bb#201c3b\u00bb font_size=\u00bb16px\u00bb font_family=\u00bbSource Sans Pro\u00bb font_weight=\u00bb300&#8243; text_align=\u00bbleft\u00bb width=\u00bb100%\u00bb align=\u00bbleft\u00bb css=\u00bb.vc_custom_1660057121407{padding-right: -100px !important;}\u00bb]Las principales \u00e1reas de inter\u00e9s de Agranimo son:<\/p>\n<ul>\n<li>Gesti\u00f3n del riego<\/li>\n<li>Protecci\u00f3n de cultivos (heladas, gesti\u00f3n integrada de plagas)<\/li>\n<li>Pron\u00f3stico de cosecha<\/li>\n<\/ul>\n<p>Trabajamos con sensores para recoger informaci\u00f3n del campo, y ofrecer recomendaciones y an\u00e1lisis a trav\u00e9s de nuestra app o portal web en tiempo real.[\/vc_column_text]<div class=\"vcex-spacing wpex-w-100 wpex-clear\" style=\"height:15px;\"><\/div><a href=\"https:\/\/agranimo.com\/es\/contactos\/\" class=\"vcex-button theme-button align-left inline\" style=\"border-radius:8px;\"><span class=\"theme-button-inner\">Cont\u00e1ctenos<\/span><\/a> [\/vc_column][vc_column width=\u00bb2\/3&#8243;][vc_raw_html]PHZpZGVvIHNyYz0iaHR0cHM6Ly9hZ3Jhbmltby5jb20vd3AtY29udGVudC91cGxvYWRzLzIwMjIvMDYvUGhvbmUtYW5kLWljb25zLWFuaW1hdGlvbi1hZGp1c3RlZC0yLm1wNCIgYXV0b3BsYXk9ImF1dG9wbGF5IiBsb29wPSJsb29wIiBtdXRlZD0iIiB3aWR0aD0iMTAwMCIgaGVpZ2h0PSI1MDAiPjwvdmlkZW8+[\/vc_raw_html][\/vc_column][\/vc_row][vc_row full_width=\u00bbstretch_row\u00bb content_placement=\u00bbmiddle\u00bb css=\u00bb.vc_custom_1654620518999{margin-bottom: 0px !important;background-color: #201c3b !important;}\u00bb][vc_column]<style>.vcex_69dee2dfa3ff4{height:30px;}@media (max-width:1024px){.vcex_69dee2dfa3ff4{height:30px;}}@media (max-width:959px){.vcex_69dee2dfa3ff4{height:30px;}}@media (max-width:767px){.vcex_69dee2dfa3ff4{height:15px;}}@media (max-width:479px){.vcex_69dee2dfa3ff4{height:15px;}}<\/style><div class=\"vcex-spacing wpex-w-100 wpex-clear vcex_69dee2dfa3ff4\"><\/div>[vc_row_inner columns_right=\u00bbyes\u00bb css=\u00bb.vc_custom_1654614001151{margin-top: 30px !important;}\u00bb][vc_column_inner width=\u00bb1\/2&#8243;]<style>.vcex_69dee2dfa40ca{font-size:43px!important;}@media (max-width:1024px){.vcex_69dee2dfa40ca{font-size:43px!important;}}@media (max-width:959px){.vcex_69dee2dfa40ca{font-size:43px!important;}}@media (max-width:767px){.vcex_69dee2dfa40ca{font-size:20px!important;}}@media (max-width:479px){.vcex_69dee2dfa40ca{font-size:20px!important;}}<\/style><h2 class=\"vcex-heading vcex-module wpex-text-2xl wpex-font-normal wpex-m-auto wpex-max-w-100 vcex-heading-plain wpex-block wpex-text-left vcex_69dee2dfa40ca\" style=\"color:#ffffff;font-weight:400;line-height:40px;\"><span class=\"vcex-heading-inner wpex-inline-block wpex-clr\">Sensores para apoyar nuestros servicios<\/span><\/h2><div class=\"vcex-spacing wpex-w-100 wpex-clear\" style=\"height:15px;\"><\/div>[vc_column_text text_align=\u00bbleft\u00bb color=\u00bb#ffffff\u00bb font_size=\u00bb16px\u00bb font_weight=\u00bb300&#8243;]\n<ul>\n<li>Sensores de humedad de suelo Agranimo FDR<\/li>\n<li>Estaciones meteorol\u00f3gicas (T, HR, Viento, Lluvia, Humedad de la hoja, CE del suelo, <span class=\"discussion-level-1 discussion-id-39db5afd-c504-4997-ba0d-99da8eb53577 notion-enable-hover\" data-token-index=\"1\" data-reactroot=\"\">valvula de presion<\/span>, caudal\u00edmetros)<\/li>\n<li>Integraci\u00f3n \/ telemetr\u00eda para sensores existentes<\/li>\n<\/ul>\n[\/vc_column_text]<div class=\"vcex-spacing wpex-w-100 wpex-clear\" style=\"height:15px;\"><\/div><div class=\"vc_custom_1660118546748 wpex-clr\"><a href=\"https:\/\/agranimo.com\/es\/solicitar-catalogo\/\" class=\"vcex-button theme-button align-left inline wpex-flex-shrink-0\" style=\"border-radius:8px;width:200px;\"><span class=\"theme-button-inner\">Descargar Cat\u00e1logo<\/span><\/a><\/div> [\/vc_column_inner][vc_column_inner width=\u00bb1\/2&#8243;]<div class=\"vcex-image-grid-wrap wpex-clr\"><div class=\"vcex-module vcex-image-grid grid-style-default wpex-row wpex-clr wpex-lightbox-group\"><div class=\"id-5548 vcex-image-grid-entry vcex-grid-item textcenter span_1_of_2 span_1_of_2_pl span_1_of_2_pp col col-1\"><figure class=\"vcex-image-grid-entry-figure wpex-last-mb-0 wpex-clr\"><div class=\"vcex-image-grid-entry-img entry-media wpex-mb-20\"><a href=\"https:\/\/agranimo.com\/wp-content\/uploads\/2022\/07\/soil-sensor-agranimo-irrigation-planner.png\" class=\"vcex-image-grid-entry-link wpex-lightbox-group-item\" ><img width=\"401\" height=\"467\" src=\"https:\/\/agranimo.com\/wp-content\/uploads\/2022\/07\/soil-sensor-agranimo-irrigation-planner.png\" class=\"wpex-align-middle\" alt=\"\" decoding=\"async\" loading=\"lazy\" srcset=\"https:\/\/agranimo.com\/wp-content\/uploads\/2022\/07\/soil-sensor-agranimo-irrigation-planner.png 401w, https:\/\/agranimo.com\/wp-content\/uploads\/2022\/07\/soil-sensor-agranimo-irrigation-planner-258x300.png 258w\" sizes=\"(max-width: 401px) 100vw, 401px\" \/><\/a><\/div><\/figure><\/div><div class=\"id-5553 vcex-image-grid-entry vcex-grid-item textcenter span_1_of_2 span_1_of_2_pl span_1_of_2_pp col col-2\"><figure class=\"vcex-image-grid-entry-figure wpex-last-mb-0 wpex-clr\"><div class=\"vcex-image-grid-entry-img entry-media wpex-mb-20\"><a href=\"https:\/\/agranimo.com\/wp-content\/uploads\/2022\/07\/weather-station-agranimo.png\" class=\"vcex-image-grid-entry-link wpex-lightbox-group-item\" ><img width=\"401\" height=\"468\" src=\"https:\/\/agranimo.com\/wp-content\/uploads\/2022\/07\/weather-station-agranimo.png\" class=\"wpex-align-middle\" alt=\"\" decoding=\"async\" loading=\"lazy\" srcset=\"https:\/\/agranimo.com\/wp-content\/uploads\/2022\/07\/weather-station-agranimo.png 401w, https:\/\/agranimo.com\/wp-content\/uploads\/2022\/07\/weather-station-agranimo-257x300.png 257w\" sizes=\"(max-width: 401px) 100vw, 401px\" \/><\/a><\/div><\/figure><\/div><\/div><\/div>[\/vc_column_inner][\/vc_row_inner][\/vc_column][\/vc_row][vc_row full_width=\u00bbstretch_row\u00bb][vc_column][vc_row_inner columns_right=\u00bbyes\u00bb el_class=\u00bbrow_reverse\u00bb][vc_column_inner width=\u00bb1\/2&#8243;][vc_single_image image=\u00bb6185&#8243;][\/vc_column_inner][vc_column_inner width=\u00bb1\/2&#8243;]<style>.vcex_69dee2dfa515c{height:30px;}@media (max-width:1024px){.vcex_69dee2dfa515c{height:30px;}}@media (max-width:959px){.vcex_69dee2dfa515c{height:30px;}}@media (max-width:767px){.vcex_69dee2dfa515c{height:15px;}}@media (max-width:479px){.vcex_69dee2dfa515c{height:15px;}}<\/style><div class=\"vcex-spacing wpex-w-100 wpex-clear vcex_69dee2dfa515c\"><\/div><style>.vcex_69dee2dfa5236{font-size:43px!important;}@media (max-width:1024px){.vcex_69dee2dfa5236{font-size:43px!important;}}@media (max-width:959px){.vcex_69dee2dfa5236{font-size:43px!important;}}@media (max-width:767px){.vcex_69dee2dfa5236{font-size:20px!important;}}@media (max-width:479px){.vcex_69dee2dfa5236{font-size:20px!important;}}<\/style><h2 class=\"vcex-heading vcex-module wpex-text-2xl wpex-font-normal wpex-m-auto wpex-max-w-100 vcex-heading-plain wpex-block wpex-text-left vc_custom_1660118351161 vcex_69dee2dfa5236\" style=\"color:#201c3b;font-weight:400;\"><span class=\"vcex-heading-inner wpex-inline-block wpex-clr\">Manejo del riego<\/span><\/h2>[vc_column_text text_align=\u00bbleft\u00bb color=\u00bb#201c3b\u00bb font_size=\u00bb16px\u00bb css=\u00bb.vc_custom_1660118363991{padding-top: 15px !important;}\u00bb font_weight=\u00bb300&#8243;]Nuestra completa plataforma de gesti\u00f3n del riego y el servicio de atenci\u00f3n al cliente ayudan a planificar los riegos semanales. El servicio incluye:[\/vc_column_text]<h2 class=\"vcex-heading vcex-module wpex-text-2xl wpex-font-normal wpex-m-auto wpex-max-w-100 vcex-heading-plain wpex-block wpex-text-left vc_custom_1660118378167\" style=\"color:#201c3b;font-size:16px;font-weight:600;\"><span class=\"vcex-heading-inner wpex-inline-block wpex-clr\">Calibraci\u00f3n del sensor de suelo<\/span><\/h2><div style=\"color:#201c3b;font-size:16px;font-weight:300;\" class=\"vcex-module vcex-bullets vcex-bullets-ni wpex-text-left vc_custom_1661273683232\">\n<ul>\n<li>Altura del agua<\/li>\n<li>D\u00e9ficit de agua respecto a Capacidad de campo<\/li>\n<\/ul>\n<\/div><h2 class=\"vcex-heading vcex-module wpex-text-2xl wpex-font-normal wpex-m-auto wpex-max-w-100 vcex-heading-plain wpex-block wpex-text-left vc_custom_1660118407366\" style=\"color:#201c3b;font-size:16px;font-weight:600;\"><span class=\"vcex-heading-inner wpex-inline-block wpex-clr\">Informe de riego semanal<\/span><\/h2><h2 class=\"vcex-heading vcex-module wpex-text-2xl wpex-font-normal wpex-m-auto wpex-max-w-100 vcex-heading-plain wpex-block wpex-text-left vc_custom_1660118425096\" style=\"color:#201c3b;font-size:16px;font-weight:600;\"><span class=\"vcex-heading-inner wpex-inline-block wpex-clr\">Detecci\u00f3n y registro del riego por zona de manejo<\/span><\/h2><h2 class=\"vcex-heading vcex-module wpex-text-2xl wpex-font-normal wpex-m-auto wpex-max-w-100 vcex-heading-plain wpex-block wpex-text-left vc_custom_1660118438697\" style=\"color:#201c3b;font-size:16px;font-weight:600;\"><span class=\"vcex-heading-inner wpex-inline-block wpex-clr\">Indicadores de eficiencia del riego<\/span><\/h2>[\/vc_column_inner][\/vc_row_inner][vc_row_inner css=\u00bb.vc_custom_1660118572669{margin-top: 15px !important;margin-right: 15px !important;border-top-width: 1px !important;border-right-width: 1px !important;border-bottom-width: 1px !important;border-left-width: 1px !important;border-left-color: #201c3b !important;border-left-style: solid !important;border-right-color: #201c3b !important;border-right-style: solid !important;border-top-color: #201c3b !important;border-top-style: solid !important;border-bottom-color: #201c3b !important;border-bottom-style: solid !important;border-radius: 10px !important;}\u00bb el_class=\u00bbrow_reverse\u00bb][vc_column_inner width=\u00bb1\/2&#8243;][vc_single_image image=\u00bb5538&#8243;][\/vc_column_inner][vc_column_inner width=\u00bb1\/2&#8243;]<style>.vcex_69dee2dfa58a8{height:30px;}@media (max-width:1024px){.vcex_69dee2dfa58a8{height:30px;}}@media (max-width:767px){.vcex_69dee2dfa58a8{height:0px;}}@media (max-width:479px){.vcex_69dee2dfa58a8{height:0px;}}<\/style><div class=\"vcex-spacing wpex-w-100 wpex-clear vcex_69dee2dfa58a8\"><\/div><style>.vcex_69dee2dfa59f8{font-size:43px!important;}@media (max-width:1024px){.vcex_69dee2dfa59f8{font-size:43px!important;}}@media (max-width:959px){.vcex_69dee2dfa59f8{font-size:43px!important;}}@media (max-width:767px){.vcex_69dee2dfa59f8{font-size:20px!important;}}@media (max-width:479px){.vcex_69dee2dfa59f8{font-size:20px!important;}}<\/style><div class=\"vcex-heading vcex-module wpex-text-2xl wpex-font-normal wpex-m-auto wpex-max-w-100 vcex-heading-plain wpex-block wpex-text-left vc_custom_1659356448417 vcex_69dee2dfa59f8\" style=\"color:#6bb708;\"><span class=\"vcex-heading-inner wpex-inline-block wpex-clr\">Visualizador de Sat\u00e9lite ETr<\/span><\/div>[vc_column_text text_align=\u00bbleft\u00bb color=\u00bb#201c3b\u00bb font_size=\u00bb16px\u00bb css=\u00bb.vc_custom_1660118457842{padding-top: 15px !important;border-radius: 2px !important;}\u00bb font_weight=\u00bb300&#8243;]Mediante el Algoritmo de Balance Energ\u00e9tico Superficial para Tierras (SEBAL) podemos utilizar im\u00e1genes de sat\u00e9lite para calcular la Evapotranspiraci\u00f3n real (ETr). La herramienta ofrece informaci\u00f3n semanal para cada sector:[\/vc_column_text][vc_column_text text_align=\u00bbleft\u00bb color=\u00bb#201c3b\u00bb font_size=\u00bb16px\u00bb css=\u00bb.vc_custom_1661806729517{padding-top: 15px !important;border-radius: 2px !important;}\u00bb font_weight=\u00bb300&#8243;]\n<ul>\n<li>NDVI<\/li>\n<li>ET real<\/li>\n<li>D\u00e9ficit de ET<\/li>\n<\/ul>\n[\/vc_column_text]<div class=\"vc_custom_1661806274109 wpex-clr\"><a href=\"https:\/\/app.agranimo.com\/\" class=\"vcex-button theme-button align-left inline\" style=\"border-radius:8px;\"><span class=\"theme-button-inner\">Pru\u00e9belo Gratis<\/span><\/a><\/div> [\/vc_column_inner][\/vc_row_inner][\/vc_column][\/vc_row][vc_row full_width=\u00bbstretch_row\u00bb css=\u00bb.vc_custom_1660118793594{background-color: #201c3b !important;}\u00bb][vc_column]<style>.vcex_69dee2dfa5b53{height:30px;}@media (max-width:1024px){.vcex_69dee2dfa5b53{height:30px;}}@media (max-width:959px){.vcex_69dee2dfa5b53{height:30px;}}@media (max-width:767px){.vcex_69dee2dfa5b53{height:15px;}}@media (max-width:479px){.vcex_69dee2dfa5b53{height:15px;}}<\/style><div class=\"vcex-spacing wpex-w-100 wpex-clear vcex_69dee2dfa5b53\"><\/div>[vc_row_inner remove_bottom_col_margin=\u00bbtrue\u00bb][vc_column_inner width=\u00bb1\/2&#8243;]<style>.vcex_69dee2dfa5bff{font-size:43px!important;}@media (max-width:1024px){.vcex_69dee2dfa5bff{font-size:43px!important;}}@media (max-width:959px){.vcex_69dee2dfa5bff{font-size:43px!important;}}@media (max-width:767px){.vcex_69dee2dfa5bff{font-size:20px!important;}}@media (max-width:479px){.vcex_69dee2dfa5bff{font-size:20px!important;}}<\/style><div class=\"vcex-heading vcex-module wpex-text-2xl wpex-font-normal wpex-m-auto wpex-max-w-100 vcex-heading-plain wpex-block wpex-text-left vc_custom_1660119234070 vcex_69dee2dfa5bff\" style=\"color:#ffffff;\"><span class=\"vcex-heading-inner wpex-inline-block wpex-clr\">Previsi\u00f3n de heladas<\/span><\/div>[vc_column_text color=\u00bb#ffffff\u00bb font_weight=\u00bb300&#8243; css=\u00bb.vc_custom_1660119251264{margin-bottom: 30px !important;}\u00bb font_size=\u00bb16px\u00bb]Durante la temporada de heladas, Agranimo proporciona los siguientes servicios para cada evento de heladas:<\/p>\n<ul>\n<li>Previsi\u00f3n a 10 horas (modelo de aprendizaje autom\u00e1tico Agranimo FrostRisk entrenado con millones de puntos de datos de varios lugares donde operamos),<\/li>\n<li>Alerta durante el evento (llamada telef\u00f3nica automatizada, SMS y WhatsApp)<\/li>\n<li>Informe de heladas despu\u00e9s de cada evento<\/li>\n<\/ul>\n<p>El servicio s\u00f3lo requiere una simple estaci\u00f3n meteorol\u00f3gica, y ha sido muy popular entre muchos productores de todo el mundo.[\/vc_column_text][\/vc_column_inner][vc_column_inner width=\u00bb1\/2&#8243;]<style>.vcex_69dee2dfa5c81{height:30px;}@media (max-width:1024px){.vcex_69dee2dfa5c81{height:30px;}}@media (max-width:959px){.vcex_69dee2dfa5c81{height:30px;}}@media (max-width:767px){.vcex_69dee2dfa5c81{height:0px;}}@media (max-width:479px){.vcex_69dee2dfa5c81{height:0px;}}<\/style><div class=\"vcex-spacing wpex-w-100 wpex-clear vcex_69dee2dfa5c81\"><\/div>[vc_single_image image=\u00bb5745&#8243;][\/vc_column_inner][\/vc_row_inner][vc_row_inner remove_bottom_col_margin=\u00bbtrue\u00bb][vc_column_inner width=\u00bb1\/2&#8243;][vc_single_image image=\u00bb5760&#8243; alignment=\u00bbcenter\u00bb][\/vc_column_inner][vc_column_inner width=\u00bb1\/2&#8243;]<style>.vcex_69dee2dfa5ccb{height:30px;}@media (max-width:1024px){.vcex_69dee2dfa5ccb{height:30px;}}@media (max-width:959px){.vcex_69dee2dfa5ccb{height:30px;}}@media (max-width:767px){.vcex_69dee2dfa5ccb{height:0px;}}@media (max-width:479px){.vcex_69dee2dfa5ccb{height:0px;}}<\/style><div class=\"vcex-spacing wpex-w-100 wpex-clear vcex_69dee2dfa5ccb\"><\/div><style>.vcex_69dee2dfa5d74{font-size:43px!important;}@media (max-width:1024px){.vcex_69dee2dfa5d74{font-size:43px!important;}}@media (max-width:959px){.vcex_69dee2dfa5d74{font-size:43px!important;}}@media (max-width:767px){.vcex_69dee2dfa5d74{font-size:20px!important;}}@media (max-width:479px){.vcex_69dee2dfa5d74{font-size:20px!important;}}<\/style><div class=\"vcex-heading vcex-module wpex-text-2xl wpex-font-normal wpex-m-auto wpex-max-w-100 vcex-heading-plain wpex-block wpex-text-left vcex_69dee2dfa5d74\" style=\"color:#ffffff;\"><span class=\"vcex-heading-inner wpex-inline-block wpex-clr\">Modelos de enfermedades<\/span><\/div>[vc_column_text color=\u00bb#ffffff\u00bb font_weight=\u00bb300&#8243; css=\u00bb.vc_custom_1660119376363{margin-bottom: 30px !important;}\u00bb font_size=\u00bb16px\u00bb]La fenolog\u00eda es una parte importante del seguimiento del desarrollo de <span class=\"discussion-level-1 discussion-id-17c16702-c701-4f00-a4cd-13c814b4a622 notion-enable-hover\" data-token-index=\"1\" data-reactroot=\"\">plagas y hongos<\/span>. Al monitorear la temperatura, la humedad y la humedad de las hojas, podemos ayudar a monitorear los ciclos de plagas y determinar el mejor momento para las aplicaciones de protecci\u00f3n para evitar da\u00f1os.<\/p>\n<p>Los modelos implementados actualmente incluyen <strong>Sarna del Manzano<\/strong> y <strong>Mildi\u00fa de la frutilla.<\/strong>[\/vc_column_text][\/vc_column_inner][\/vc_row_inner][\/vc_column][\/vc_row][vc_row full_width=\u00bbstretch_row\u00bb][vc_column]<style>.vcex_69dee2dfa5dea{height:90px;}@media (max-width:1024px){.vcex_69dee2dfa5dea{height:90px;}}@media (max-width:959px){.vcex_69dee2dfa5dea{height:90px;}}@media (max-width:767px){.vcex_69dee2dfa5dea{height:15px;}}@media (max-width:479px){.vcex_69dee2dfa5dea{height:15px;}}<\/style><div class=\"vcex-spacing wpex-w-100 wpex-clear vcex_69dee2dfa5dea\"><\/div><div class=\"vcex-heading vcex-module wpex-text-2xl wpex-font-normal wpex-m-auto wpex-max-w-100 vcex-heading-plain wpex-block wpex-text-center vc_custom_1660119319061\" style=\"color:#201c3b;font-size:43px;\"><span class=\"vcex-heading-inner wpex-inline-block wpex-clr\">Pron\u00f3stico de rendimiento<\/span><\/div><div class=\"vcex-spacing wpex-w-100 wpex-clear\" style=\"height:15px;\"><\/div>[vc_column_text color=\u00bb#201c3b\u00bb font_weight=\u00bb300&#8243; css=\u00bb.vc_custom_1661278569686{margin-bottom: 30px !important;}\u00bb font_size=\u00bb16px\u00bb text_align=\u00bbcenter\u00bb width=\u00bb90%\u00bb]Hemos sido pioneros en una novedosa forma de estimar el rendimiento de los huertos a partir de muestras de hojas. El servicio est\u00e1 actualmente en fase de prueba comercial. P\u00f3ngase en contacto con nosotros para participar sin coste alguno y recibir descuentos en el servicio en el futuro.[\/vc_column_text]<div class=\"vcex-spacing wpex-w-100 wpex-clear\" style=\"height:15px;\"><\/div><div class=\"theme-button-wrap textcenter wpex-clr\"><a href=\"https:\/\/agranimo.com\/es\/contactos\/\" class=\"vcex-button theme-button align-center inline\" style=\"border-radius:8px;\"><span class=\"theme-button-inner\">Registrarse para una prueba<\/span><\/a><\/div> <style>.vcex_69dee2dfa6007{height:90px;}@media (max-width:1024px){.vcex_69dee2dfa6007{height:90px;}}@media (max-width:959px){.vcex_69dee2dfa6007{height:90px;}}@media (max-width:767px){.vcex_69dee2dfa6007{height:15px;}}@media (max-width:479px){.vcex_69dee2dfa6007{height:15px;}}<\/style><div class=\"vcex-spacing wpex-w-100 wpex-clear vcex_69dee2dfa6007\"><\/div>[\/vc_column][\/vc_row][vc_row full_width=\u00bbstretch_row_content\u00bb css=\u00bb.vc_custom_1652373553619{background-color: #f0f8e6 !important;}\u00bb][vc_column width=\u00bb1\/3&#8243; offset=\u00bbvc_hidden-xs\u00bb][vc_single_image image=\u00bb5298&#8243; img_size=\u00bbmedium\u00bb alignment=\u00bbcenter\u00bb css=\u00bb.vc_custom_1658924170119{padding-top: 60px !important;}\u00bb][\/vc_column][vc_column width=\u00bb2\/3&#8243;]<style>.vcex_69dee2dfa6047{height:60px;}@media (max-width:1024px){.vcex_69dee2dfa6047{height:60px;}}@media (max-width:959px){.vcex_69dee2dfa6047{height:60px;}}@media (max-width:767px){.vcex_69dee2dfa6047{height:15px;}}@media (max-width:479px){.vcex_69dee2dfa6047{height:15px;}}<\/style><div class=\"vcex-spacing wpex-w-100 wpex-clear vcex_69dee2dfa6047\"><\/div><div class=\"vcex-heading vcex-module wpex-text-2xl wpex-font-normal wpex-m-auto wpex-max-w-100 vcex-heading-plain wpex-block wpex-text-center vc_custom_1658924204504\" style=\"font-size:23px;font-weight:600;\"><span class=\"vcex-heading-inner wpex-inline-block wpex-clr\">Suscr\u00edbete a nuestro bolet\u00edn<\/span><\/div><div class=\"vcex-module vcex-form-shortcode wpex-form wpex-m-auto wpex-max-w-100\" style=\"width:500px;\"><div class=\"forminator-ui forminator-custom-form forminator-custom-form-4945 forminator-design--default forminator-enclosed forminator_ajax\" data-forminator-render=\"0\" data-form=\"forminator-module-4945\" data-uid=\"69dee2dfa626a\"><br\/><\/div><form\n\t\t\t\tid=\"forminator-module-4945\"\n\t\t\t\tclass=\"forminator-ui forminator-custom-form forminator-custom-form-4945 forminator-design--default forminator-enclosed forminator_ajax\"\n\t\t\t\tmethod=\"post\"\n\t\t\t\tdata-forminator-render=\"0\"\n\t\t\t\tdata-form-id=\"4945\"\n\t\t\t\t\n\t\t\t\tdata-design=\"default\"\n\t\t\t\t\n\t\t\t\t\n\t\t\t\t\n\t\t\t\tdata-grid=\"enclosed\"\n\t\t\t\t\n\t\t\t\t\n\t\t\t\tstyle=\"display: none;\"\n\t\t\t\t\n\t\t\t\tdata-uid=\"69dee2dfa626a\"\n\t\t\t><div class=\"forminator-response-message forminator-error\" aria-hidden=\"true\"><\/div><div class=\"forminator-row\"><div id=\"name-1\" class=\"forminator-col forminator-col-6 \"><div class=\"forminator-field\"><label for=\"forminator-field-name-1_69dee2dfa626a\" class=\"forminator-label\">First Name <span class=\"forminator-required\">*<\/span><\/label><input type=\"text\" name=\"name-1\" value=\"\" placeholder=\"E.g. John\" id=\"forminator-field-name-1_69dee2dfa626a\" class=\"forminator-input forminator-name--field\" aria-required=\"true\" \/><\/div><\/div><div id=\"name-3\" class=\"forminator-col forminator-col-6 \"><div class=\"forminator-row\" data-multiple=\"true\"><div class=\"forminator-col forminator-col-12\"><div class=\"forminator-field\"><label for=\"forminator-field-last-name-3_69dee2dfa626a\" class=\"forminator-label\">Last Name<\/label><input type=\"text\" name=\"name-3-last-name\" placeholder=\"E.g. Doe\" id=\"forminator-field-last-name-3_69dee2dfa626a\" class=\"forminator-input\" aria-required=\"false\" data-multi=\"1\" value=\"\" \/><\/div><\/div><\/div><\/div><\/div><div class=\"forminator-row\"><div id=\"email-1\" class=\"forminator-col forminator-col-12 \"><div class=\"forminator-field\"><label for=\"forminator-field-email-1_69dee2dfa626a\" class=\"forminator-label\">Email Address <span class=\"forminator-required\">*<\/span><\/label><input type=\"email\" name=\"email-1\" value=\"\" placeholder=\"E.g. john@doe.com\" id=\"forminator-field-email-1_69dee2dfa626a\" class=\"forminator-input forminator-email--field\" data-required=\"true\" aria-required=\"true\" \/><\/div><\/div><\/div><div class=\"forminator-row\"><div id=\"consent-1\" class=\"forminator-col forminator-col-12 \"><div class=\"forminator-field\"><label for=\"forminator-field-consent-1_69dee2dfa626a\" class=\"forminator-label\">Consent <span class=\"forminator-required\">*<\/span><\/label><div class=\"forminator-checkbox__wrapper\"><label for=\"forminator-field-consent-1_69dee2dfa626a\" class=\"forminator-checkbox\" style=\"margin: 0;\" aria-labelledby=\"forminator-field-consent-1_69dee2dfa626a__label\"><input type=\"checkbox\" name=\"consent-1\" value=\"marcada\" id=\"forminator-field-consent-1_69dee2dfa626a\" data-required=\"true\" aria-required=\"true\" \/><span class=\"forminator-checkbox-box\" aria-hidden=\"true\"><\/span><\/label><div id=\"forminator-field-consent-1_69dee2dfa626a__label\" class=\"forminator-checkbox__label\"><p>Yes, I agree with the <a href=\"https:\/\/agranimo.com\/privacy-policy\/\" target=\"_blank\" rel=\"noopener\">privacy policy<\/a> and <a href=\"#\" target=\"_blank\" rel=\"noopener\">terms and conditions.<\/a><\/p><\/div><\/div><\/div><\/div><\/div><input type=\"hidden\" name=\"referer_url\" value=\"\" \/><div class=\"forminator-row forminator-row-last\"><div class=\"forminator-col\"><div class=\"forminator-field\"><button class=\"forminator-button forminator-button-submit\">Subscribe<\/button><\/div><\/div><\/div><input type=\"hidden\" id=\"forminator_nonce\" name=\"forminator_nonce\" value=\"8453aabd52\" \/><input type=\"hidden\" name=\"_wp_http_referer\" value=\"\/es\/wp-json\/wp\/v2\/pages\/5647\/\" \/><input type=\"hidden\" name=\"form_id\" value=\"4945\"><input type=\"hidden\" name=\"page_id\" value=\"5553\"><input type=\"hidden\" name=\"form_type\" value=\"default\"><input type=\"hidden\" name=\"current_url\" value=\"https:\/\/agranimo.com\/es\/planificador-de-riego\/weather-station-agranimo-2\/\"><input type=\"hidden\" name=\"render_id\" value=\"0\"><input type=\"hidden\" name=\"action\" value=\"forminator_submit_form_custom-forms\"><\/form><\/div>[\/vc_column][\/vc_row]\n","protected":false},"excerpt":{"rendered":"<p>[vc_row full_width=\u00bbstretch_row\u00bb css=\u00bb.vc_custom_1660056616353{margin-right: -65px !important;}\u00bb][vc_column width=\u00bb1\/3&#8243; css=\u00bb.vc_custom_1660057066840{border-right-width: -100px !important;}\u00bb][vc_column_text color=\u00bb#201c3b\u00bb font_size=\u00bb16px\u00bb font_family=\u00bbSource Sans Pro\u00bb font_weight=\u00bb300&#8243; text_align=\u00bbleft\u00bb width=\u00bb100%\u00bb align=\u00bbleft\u00bb css=\u00bb.vc_custom_1660057121407{padding-right: -100px !important;}\u00bb]Las principales \u00e1reas de inter\u00e9s de Agranimo son: Gesti\u00f3n del riego Protecci\u00f3n de cultivos (heladas, gesti\u00f3n integrada de plagas) Pron\u00f3stico de cosecha Trabajamos con sensores para recoger informaci\u00f3n del campo, y ofrecer recomendaciones y an\u00e1lisis&hellip;<\/p>\n","protected":false},"author":2,"featured_media":0,"parent":0,"menu_order":0,"comment_status":"closed","ping_status":"closed","template":"","meta":{"content-type":""},"_links":{"self":[{"href":"https:\/\/agranimo.com\/es\/wp-json\/wp\/v2\/pages\/5647\/"}],"collection":[{"href":"https:\/\/agranimo.com\/es\/wp-json\/wp\/v2\/pages\/"}],"about":[{"href":"https:\/\/agranimo.com\/es\/wp-json\/wp\/v2\/types\/page\/"}],"author":[{"embeddable":true,"href":"https:\/\/agranimo.com\/es\/wp-json\/wp\/v2\/users\/2\/"}],"replies":[{"embeddable":true,"href":"https:\/\/agranimo.com\/es\/wp-json\/wp\/v2\/comments\/?post=5647"}],"version-history":[{"count":23,"href":"https:\/\/agranimo.com\/es\/wp-json\/wp\/v2\/pages\/5647\/revisions\/"}],"predecessor-version":[{"id":6282,"href":"https:\/\/agranimo.com\/es\/wp-json\/wp\/v2\/pages\/5647\/revisions\/6282\/"}],"wp:attachment":[{"href":"https:\/\/agranimo.com\/es\/wp-json\/wp\/v2\/media\/?parent=5647"}],"curies":[{"name":"wp","href":"https:\/\/api.w.org\/{rel}","templated":true}]}}