{"id":5873,"date":"2022-08-01T20:33:11","date_gmt":"2022-08-01T18:33:11","guid":{"rendered":"https:\/\/agranimo.com\/sobre-agranimo\/"},"modified":"2022-08-11T10:53:13","modified_gmt":"2022-08-11T08:53:13","slug":"sobre-agranimo","status":"publish","type":"page","link":"https:\/\/agranimo.com\/es\/sobre-agranimo\/","title":{"rendered":"Sobre Agranimo"},"content":{"rendered":"[vc_row full_width=\u00bbstretch_row\u00bb][vc_column width=\u00bb1\/2&#8243;]<div class=\"vcex-spacing wpex-w-100 wpex-clear\" style=\"height:15px;\"><\/div><style>.vcex_69dee2a52ed15{height:120px;}@media (max-width:1024px){.vcex_69dee2a52ed15{height:120px;}}@media (max-width:959px){.vcex_69dee2a52ed15{height:120px;}}@media (max-width:767px){.vcex_69dee2a52ed15{height:15px;}}@media (max-width:479px){.vcex_69dee2a52ed15{height:15px;}}<\/style><div class=\"vcex-spacing wpex-w-100 wpex-clear vcex_69dee2a52ed15\"><\/div><h1 class=\"vcex-heading vcex-module wpex-text-2xl wpex-font-normal wpex-m-auto wpex-max-w-100 vcex-heading-plain wpex-block wpex-text-left\" style=\"color:#201c3b;font-family:&#039;Source Sans Pro&#039;,sans-serif;font-size:43px;letter-spacing:var(--wpex-tracking-normal);font-weight:400;\"><span class=\"vcex-heading-inner wpex-inline-block wpex-clr\">Sobre Agranimo<\/span><\/h1>[vc_column_text color=\u00bb#201c3b\u00bb font_size=\u00bb16px\u00bb font_family=\u00bbSource Sans Pro\u00bb width=\u00bb90%\u00bb font_weight=\u00bb300&#8243; text_align=\u00bbleft\u00bb align=\u00bbleft\u00bb]Nuestro principal objetivo es lograr la sustenibilidad a largo plazo del consumo de alimentos. Para ello, debemos centrarnos en las \u00e1reas clave: reducir los insumos necesarios para la producci\u00f3n, reducir la incertidumbre de la producci\u00f3n, mejorar la eficiencia log\u00edstica y reducir el desperdicio de alimentos y, en consecuencia, garantizar la rentabilidad a largo plazo de todos los participantes en el mercado.[\/vc_column_text][\/vc_column][vc_column width=\u00bb1\/2&#8243;][vc_single_image image=\u00bb5862&#8243; alignment=\u00bbleft\u00bb css=\u00bb.vc_custom_1660126749951{margin-right: -70px !important;margin-bottom: -50px !important;margin-left: -25px !important;}\u00bb][\/vc_column][\/vc_row][vc_row full_width=\u00bbstretch_row\u00bb el_class=\u00bbrow_reverse\u00bb][vc_column width=\u00bb1\/2&#8243;]<div class=\"vcex-spacing wpex-w-100 wpex-clear\" style=\"height:15px;\"><\/div>[vc_single_image image=\u00bb5879&#8243; alignment=\u00bbcenter\u00bb css=\u00bb.vc_custom_1660126927271{margin-top: -5px !important;margin-right: -5px !important;margin-bottom: -40px !important;margin-left: -70px !important;}\u00bb][\/vc_column][vc_column width=\u00bb1\/2&#8243;]<style>.vcex_69dee2a52f515{height:120px;}@media (max-width:1024px){.vcex_69dee2a52f515{height:120px;}}@media (max-width:959px){.vcex_69dee2a52f515{height:120px;}}@media (max-width:767px){.vcex_69dee2a52f515{height:15px;}}@media (max-width:479px){.vcex_69dee2a52f515{height:15px;}}<\/style><div class=\"vcex-spacing wpex-w-100 wpex-clear vcex_69dee2a52f515\"><\/div>[vc_column_text text_align=\u00bbleft\u00bb color=\u00bb#201c3b\u00bb font_size=\u00bb16px\u00bb font_weight=\u00bb300&#8243;]El microclima y la gesti\u00f3n del agua son los principales determinantes del rendimiento agr\u00edcola. A pesar de los beneficios obvios, las herramientas actuales son demasiado complejas y caras de implementar. Agranimo cambia eso.<\/p>\n<p>Agranimo es una empresa de conocimiento. A\u00f1os de experiencia en investigaci\u00f3n y gesti\u00f3n de campos, nos permiten proporcionar el mejor y m\u00e1s econ\u00f3mico monitoreo y an\u00e1lisis microclim\u00e1tico a todos los participantes de la cadena de suministro de productos frescos.<\/p>\n<p>Trabajamos muy de cerca con nuestros clientes y nos esforzamos por ofrecerles un excelente asesoramiento y servicios a trav\u00e9s de la innovaci\u00f3n en la ciencia agron\u00f3mica y las tecnolog\u00edas de datos.[\/vc_column_text][\/vc_column][\/vc_row][vc_row full_width=\u00bbstretch_row\u00bb css=\u00bb.vc_custom_1660126838666{background-color: #201c3b !important;}\u00bb][vc_column]<style>.vcex_69dee2a52f56e{height:50px;}@media (max-width:1024px){.vcex_69dee2a52f56e{height:50px;}}@media (max-width:959px){.vcex_69dee2a52f56e{height:50px;}}@media (max-width:767px){.vcex_69dee2a52f56e{height:0px;}}@media (max-width:479px){.vcex_69dee2a52f56e{height:0px;}}<\/style><div class=\"vcex-spacing wpex-w-100 wpex-clear vcex_69dee2a52f56e\"><\/div><h1 class=\"vcex-heading vcex-module wpex-text-2xl wpex-font-normal wpex-m-auto wpex-max-w-100 vcex-heading-plain wpex-block wpex-text-center\" style=\"color:#ffffff;font-family:&#039;Source Sans Pro&#039;,sans-serif;font-size:43px;letter-spacing:var(--wpex-tracking-normal);font-weight:400;\"><span class=\"vcex-heading-inner wpex-inline-block wpex-clr\">Noticias<\/span><\/h1><style>.vcex_69dee2a52f8a5{height:50px;}@media (max-width:1024px){.vcex_69dee2a52f8a5{height:50px;}}@media (max-width:959px){.vcex_69dee2a52f8a5{height:50px;}}@media (max-width:767px){.vcex_69dee2a52f8a5{height:0px;}}@media (max-width:479px){.vcex_69dee2a52f8a5{height:0px;}}<\/style><div class=\"vcex-spacing wpex-w-100 wpex-clear vcex_69dee2a52f8a5\"><\/div><div class=\"vcex-module vcex-recent-news-wrap wpex-clr\"><div class=\"vcex-recent-news wpex-clr wpex-row\"><div class=\"vcex-recent-news-entry-wrap vcex-grid-item col span_1_of_3 span_1_of_1_pp col-1\"><article class=\"vcex-recent-news-entry wpex-flex post-4429 post type-post status-publish format-standard has-post-thumbnail hentry category-events entry has-media\"><div class=\"vcex-recent-news-date wpex-mr-20 wpex-flex-shrink-0 wpex-text-center\" ><span class=\"day wpex-block wpex-p-5 wpex-surface-2 wpex-text-2 wpex-border wpex-border-b-0 wpex-border-solid wpex-border-surface-3 wpex-font-light wpex-leading-relaxed\">30<\/span><span class=\"month wpex-block wpex-p-5 wpex-bg-accent wpex-uppercase wpex-leading-none\" style=\"background-color:#6bb708;color:#201c3b;\">Jun 21<\/span><\/div><div class=\"vcex-news-entry-details wpex-flex-grow entry-details wpex-first-mt-0 wpex-last-mb-0 wpex-clr\"><div class=\"vcex-news-entry-thumbnail entry-media wpex-mb-20\"><a href=\"https:\/\/agranimo.com\/es\/agranimo-recibe-financiacion-de-nector-holdings-para-acelerar-su-crecimiento-en-el-sector-de-los-productos-frescos-y-mejorar-su-plataforma-tecnologica\/\" title=\"Agranimo recibe financiaci\u00f3n de Nector Holdings para acelerar su crecimiento en el sector de los productos frescos y mejorar su plataforma tecnol\u00f3gica.\"><img width=\"500\" height=\"300\" src=\"https:\/\/agranimo.com\/wp-content\/uploads\/2021\/06\/Investment-Halls.jpg\" class=\"wpex-align-middle\" alt=\"\" decoding=\"async\" loading=\"lazy\" srcset=\"https:\/\/agranimo.com\/wp-content\/uploads\/2021\/06\/Investment-Halls.jpg 500w, https:\/\/agranimo.com\/wp-content\/uploads\/2021\/06\/Investment-Halls-300x180.jpg 300w\" sizes=\"(max-width: 500px) 100vw, 500px\" \/><\/a><\/div><header class=\"vcex-recent-news-entry-title\"><h2 class=\"vcex-recent-news-entry-title-heading entry-title wpex-mb-5\" style=\"color:#ffffff;\"\" style=\"color:#ffffff;\"><a href=\"https:\/\/agranimo.com\/es\/agranimo-recibe-financiacion-de-nector-holdings-para-acelerar-su-crecimiento-en-el-sector-de-los-productos-frescos-y-mejorar-su-plataforma-tecnologica\/\">Agranimo recibe financiaci\u00f3n de Nector Holdings para acelerar su crecimiento en el sector de los productos frescos y mejorar su plataforma tecnol\u00f3gica.<\/a><\/h2><\/header><div class=\"vcex-recent-news-entry-excerpt entry-excerpt wpex-my-15 wpex-last-mb-0 wpex-clr\" style=\"color:#ffffff;\"><p>Hoy anunciamos oficialmente que la inversi\u00f3n de 2 millones de euros de Nector Holdings, la rama Agtech de HL Hall &amp; Sons, la que nos permitir\u00e1 un mayor desarrollo de&hellip;<\/p><\/div><div class=\"vcex-recent-news-entry-readmore-wrap entry-readmore-wrap clr\"><a href=\"https:\/\/agranimo.com\/es\/agranimo-recibe-financiacion-de-nector-holdings-para-acelerar-su-crecimiento-en-el-sector-de-los-productos-frescos-y-mejorar-su-plataforma-tecnologica\/\" class=\"theme-button\" style=\"border-radius:8px;\">Leer m\u00e1s<\/a><\/div><\/div><\/article><\/div><div class=\"vcex-recent-news-entry-wrap vcex-grid-item col span_1_of_3 span_1_of_1_pp col-2\"><article class=\"vcex-recent-news-entry wpex-flex post-3578 post type-post status-publish format-standard has-post-thumbnail hentry category-events entry has-media\"><div class=\"vcex-recent-news-date wpex-mr-20 wpex-flex-shrink-0 wpex-text-center\" ><span class=\"day wpex-block wpex-p-5 wpex-surface-2 wpex-text-2 wpex-border wpex-border-b-0 wpex-border-solid wpex-border-surface-3 wpex-font-light wpex-leading-relaxed\">12<\/span><span class=\"month wpex-block wpex-p-5 wpex-bg-accent wpex-uppercase wpex-leading-none\" style=\"background-color:#6bb708;color:#201c3b;\">Ene 21<\/span><\/div><div class=\"vcex-news-entry-details wpex-flex-grow entry-details wpex-first-mt-0 wpex-last-mb-0 wpex-clr\"><div class=\"vcex-news-entry-thumbnail entry-media wpex-mb-20\"><a href=\"https:\/\/agranimo.com\/es\/agtech-startups-for-fruit-growers-in-germany\/\" title=\"AgTech Startups for fruit growers in Germany\"><img width=\"2160\" height=\"1080\" src=\"https:\/\/agranimo.com\/wp-content\/uploads\/2021\/01\/Webinars-All.png\" class=\"wpex-align-middle\" alt=\"\" decoding=\"async\" loading=\"lazy\" srcset=\"https:\/\/agranimo.com\/wp-content\/uploads\/2021\/01\/Webinars-All.png 2160w, https:\/\/agranimo.com\/wp-content\/uploads\/2021\/01\/Webinars-All-300x150.png 300w, https:\/\/agranimo.com\/wp-content\/uploads\/2021\/01\/Webinars-All-1024x512.png 1024w, https:\/\/agranimo.com\/wp-content\/uploads\/2021\/01\/Webinars-All-768x384.png 768w, https:\/\/agranimo.com\/wp-content\/uploads\/2021\/01\/Webinars-All-1536x768.png 1536w, https:\/\/agranimo.com\/wp-content\/uploads\/2021\/01\/Webinars-All-2048x1024.png 2048w\" sizes=\"(max-width: 2160px) 100vw, 2160px\" \/><\/a><\/div><header class=\"vcex-recent-news-entry-title\"><h2 class=\"vcex-recent-news-entry-title-heading entry-title wpex-mb-5\" style=\"color:#ffffff;\"\" style=\"color:#ffffff;\"><a href=\"https:\/\/agranimo.com\/es\/agtech-startups-for-fruit-growers-in-germany\/\">AgTech Startups for fruit growers in Germany<\/a><\/h2><\/header><div class=\"vcex-recent-news-entry-excerpt entry-excerpt wpex-my-15 wpex-last-mb-0 wpex-clr\" style=\"color:#ffffff;\"><p>[vc_row][vc_column][vc_column_text font_family=\"Source Sans Pro\"] As young companies developing technologies for and with fruit growers, we have joined forces and are pleased to invite you to our free webinar series for&hellip;<\/p><\/div><div class=\"vcex-recent-news-entry-readmore-wrap entry-readmore-wrap clr\"><a href=\"https:\/\/agranimo.com\/es\/agtech-startups-for-fruit-growers-in-germany\/\" class=\"theme-button\" style=\"border-radius:8px;\">Leer m\u00e1s<\/a><\/div><\/div><\/article><\/div><div class=\"vcex-recent-news-entry-wrap vcex-grid-item col span_1_of_3 span_1_of_1_pp col-3\"><article class=\"vcex-recent-news-entry wpex-flex post-3325 post type-post status-publish format-standard has-post-thumbnail hentry category-programmes entry has-media\"><div class=\"vcex-recent-news-date wpex-mr-20 wpex-flex-shrink-0 wpex-text-center\" ><span class=\"day wpex-block wpex-p-5 wpex-surface-2 wpex-text-2 wpex-border wpex-border-b-0 wpex-border-solid wpex-border-surface-3 wpex-font-light wpex-leading-relaxed\">30<\/span><span class=\"month wpex-block wpex-p-5 wpex-bg-accent wpex-uppercase wpex-leading-none\" style=\"background-color:#6bb708;color:#201c3b;\">Nov 20<\/span><\/div><div class=\"vcex-news-entry-details wpex-flex-grow entry-details wpex-first-mt-0 wpex-last-mb-0 wpex-clr\"><div class=\"vcex-news-entry-thumbnail entry-media wpex-mb-20\"><a href=\"https:\/\/agranimo.com\/es\/agranimo-at-bosch-startup-harbour\/\" title=\"Agranimo at Bosch Startup Harbour\"><img width=\"500\" height=\"300\" src=\"https:\/\/agranimo.com\/wp-content\/uploads\/2020\/11\/33.jpg\" class=\"wpex-align-middle\" alt=\"\" decoding=\"async\" loading=\"lazy\" srcset=\"https:\/\/agranimo.com\/wp-content\/uploads\/2020\/11\/33.jpg 500w, https:\/\/agranimo.com\/wp-content\/uploads\/2020\/11\/33-300x180.jpg 300w\" sizes=\"(max-width: 500px) 100vw, 500px\" \/><\/a><\/div><header class=\"vcex-recent-news-entry-title\"><h2 class=\"vcex-recent-news-entry-title-heading entry-title wpex-mb-5\" style=\"color:#ffffff;\"\" style=\"color:#ffffff;\"><a href=\"https:\/\/agranimo.com\/es\/agranimo-at-bosch-startup-harbour\/\">Agranimo at Bosch Startup Harbour<\/a><\/h2><\/header><div class=\"vcex-recent-news-entry-excerpt entry-excerpt wpex-my-15 wpex-last-mb-0 wpex-clr\" style=\"color:#ffffff;\"><p>[vc_row][vc_column][vc_column_text font_family=\"Source Sans Pro\"] &nbsp; Agranimo has been selected from 78 teams to take part in the Startup Harbour program by Bosch!We are very excited to work with various Bosch&hellip;<\/p><\/div><div class=\"vcex-recent-news-entry-readmore-wrap entry-readmore-wrap clr\"><a href=\"https:\/\/agranimo.com\/es\/agranimo-at-bosch-startup-harbour\/\" class=\"theme-button\" style=\"border-radius:8px;\">Leer m\u00e1s<\/a><\/div><\/div><\/article><\/div><\/div><div class=\"wpex-pagination wpex-clear wpex-mt-30 wpex-clr\"><ul class='page-numbers'>\n\t<li><span aria-current=\"page\" class=\"page-numbers current\"><span class=\"screen-reader-text\">Page <\/span>1<\/span><\/li>\n\t<li><a class=\"page-numbers\" href=\"https:\/\/agranimo.com\/es\/wp-json\/wp\/v2\/pages\/5873\/page\/2\/\"><span class=\"screen-reader-text\">Page <\/span>2<\/a><\/li>\n\t<li><a class=\"page-numbers\" href=\"https:\/\/agranimo.com\/es\/wp-json\/wp\/v2\/pages\/5873\/page\/3\/\"><span class=\"screen-reader-text\">Page <\/span>3<\/a><\/li>\n\t<li><a class=\"next page-numbers\" href=\"https:\/\/agranimo.com\/es\/wp-json\/wp\/v2\/pages\/5873\/page\/2\/\"><span class=\"ticon ticon-angle-right\" aria-hidden=\"true\"><\/span><span class=\"screen-reader-text\">Siguiente<\/span><\/a><\/li>\n<\/ul>\n<\/div><\/div>[\/vc_column][\/vc_row][vc_row full_width=\u00bbstretch_row_content\u00bb css=\u00bb.vc_custom_1652373553619{background-color: #f0f8e6 !important;}\u00bb][vc_column width=\u00bb1\/3&#8243; offset=\u00bbvc_hidden-xs\u00bb][vc_single_image image=\u00bb5298&#8243; img_size=\u00bbmedium\u00bb alignment=\u00bbcenter\u00bb][\/vc_column][vc_column width=\u00bb2\/3&#8243;]<style>.vcex_69dee2a533751{height:15px;}@media (max-width:767px){.vcex_69dee2a533751{height:15px;}}@media (max-width:479px){.vcex_69dee2a533751{height:15px;}}<\/style><div class=\"vcex-spacing wpex-w-100 wpex-clear vcex_69dee2a533751\"><\/div><div class=\"vcex-heading vcex-module wpex-text-2xl wpex-font-normal wpex-m-auto wpex-max-w-100 vcex-heading-plain wpex-block wpex-text-center vc_custom_1660126094578\" style=\"font-size:23px;font-weight:600;\"><span class=\"vcex-heading-inner wpex-inline-block wpex-clr\">Suscr\u00edbete a nuestro bolet\u00edn<\/span><\/div><div class=\"vcex-module vcex-form-shortcode wpex-form wpex-m-auto wpex-max-w-100\" style=\"width:500px;\"><div class=\"forminator-ui forminator-custom-form forminator-custom-form-4945 forminator-design--default forminator-enclosed forminator_ajax\" data-forminator-render=\"0\" data-form=\"forminator-module-4945\" data-uid=\"69dee2a533b2d\"><br\/><\/div><form\n\t\t\t\tid=\"forminator-module-4945\"\n\t\t\t\tclass=\"forminator-ui forminator-custom-form forminator-custom-form-4945 forminator-design--default forminator-enclosed forminator_ajax\"\n\t\t\t\tmethod=\"post\"\n\t\t\t\tdata-forminator-render=\"0\"\n\t\t\t\tdata-form-id=\"4945\"\n\t\t\t\t\n\t\t\t\tdata-design=\"default\"\n\t\t\t\t\n\t\t\t\t\n\t\t\t\t\n\t\t\t\tdata-grid=\"enclosed\"\n\t\t\t\t\n\t\t\t\t\n\t\t\t\tstyle=\"display: none;\"\n\t\t\t\t\n\t\t\t\tdata-uid=\"69dee2a533b2d\"\n\t\t\t><div class=\"forminator-response-message forminator-error\" aria-hidden=\"true\"><\/div><div class=\"forminator-row\"><div id=\"name-1\" class=\"forminator-col forminator-col-6 \"><div class=\"forminator-field\"><label for=\"forminator-field-name-1_69dee2a533b2d\" class=\"forminator-label\">First Name <span class=\"forminator-required\">*<\/span><\/label><input type=\"text\" name=\"name-1\" value=\"\" placeholder=\"E.g. John\" id=\"forminator-field-name-1_69dee2a533b2d\" class=\"forminator-input forminator-name--field\" aria-required=\"true\" \/><\/div><\/div><div id=\"name-3\" class=\"forminator-col forminator-col-6 \"><div class=\"forminator-row\" data-multiple=\"true\"><div class=\"forminator-col forminator-col-12\"><div class=\"forminator-field\"><label for=\"forminator-field-last-name-3_69dee2a533b2d\" class=\"forminator-label\">Last Name<\/label><input type=\"text\" name=\"name-3-last-name\" placeholder=\"E.g. Doe\" id=\"forminator-field-last-name-3_69dee2a533b2d\" class=\"forminator-input\" aria-required=\"false\" data-multi=\"1\" value=\"\" \/><\/div><\/div><\/div><\/div><\/div><div class=\"forminator-row\"><div id=\"email-1\" class=\"forminator-col forminator-col-12 \"><div class=\"forminator-field\"><label for=\"forminator-field-email-1_69dee2a533b2d\" class=\"forminator-label\">Email Address <span class=\"forminator-required\">*<\/span><\/label><input type=\"email\" name=\"email-1\" value=\"\" placeholder=\"E.g. john@doe.com\" id=\"forminator-field-email-1_69dee2a533b2d\" class=\"forminator-input forminator-email--field\" data-required=\"true\" aria-required=\"true\" \/><\/div><\/div><\/div><div class=\"forminator-row\"><div id=\"consent-1\" class=\"forminator-col forminator-col-12 \"><div class=\"forminator-field\"><label for=\"forminator-field-consent-1_69dee2a533b2d\" class=\"forminator-label\">Consent <span class=\"forminator-required\">*<\/span><\/label><div class=\"forminator-checkbox__wrapper\"><label for=\"forminator-field-consent-1_69dee2a533b2d\" class=\"forminator-checkbox\" style=\"margin: 0;\" aria-labelledby=\"forminator-field-consent-1_69dee2a533b2d__label\"><input type=\"checkbox\" name=\"consent-1\" value=\"marcada\" id=\"forminator-field-consent-1_69dee2a533b2d\" data-required=\"true\" aria-required=\"true\" \/><span class=\"forminator-checkbox-box\" aria-hidden=\"true\"><\/span><\/label><div id=\"forminator-field-consent-1_69dee2a533b2d__label\" class=\"forminator-checkbox__label\"><p>Yes, I agree with the <a href=\"https:\/\/agranimo.com\/privacy-policy\/\" target=\"_blank\" rel=\"noopener\">privacy policy<\/a> and <a href=\"#\" target=\"_blank\" rel=\"noopener\">terms and conditions.<\/a><\/p><\/div><\/div><\/div><\/div><\/div><input type=\"hidden\" name=\"referer_url\" value=\"\" \/><div class=\"forminator-row forminator-row-last\"><div class=\"forminator-col\"><div class=\"forminator-field\"><button class=\"forminator-button forminator-button-submit\">Subscribe<\/button><\/div><\/div><\/div><input type=\"hidden\" id=\"forminator_nonce\" name=\"forminator_nonce\" value=\"8453aabd52\" \/><input type=\"hidden\" name=\"_wp_http_referer\" value=\"\/es\/wp-json\/wp\/v2\/pages\/5873\/\" \/><input type=\"hidden\" name=\"form_id\" value=\"4945\"><input type=\"hidden\" name=\"page_id\" value=\"3325\"><input type=\"hidden\" name=\"form_type\" value=\"default\"><input type=\"hidden\" name=\"current_url\" value=\"https:\/\/agranimo.com\/es\/agranimo-at-bosch-startup-harbour\/\"><input type=\"hidden\" name=\"render_id\" value=\"0\"><input type=\"hidden\" name=\"action\" value=\"forminator_submit_form_custom-forms\"><\/form><\/div>[\/vc_column][\/vc_row]\n","protected":false},"excerpt":{"rendered":"<p>[vc_row full_width=\u00bbstretch_row\u00bb][vc_column width=\u00bb1\/2&#8243;][vc_column_text color=\u00bb#201c3b\u00bb font_size=\u00bb16px\u00bb font_family=\u00bbSource Sans Pro\u00bb width=\u00bb90%\u00bb font_weight=\u00bb300&#8243; text_align=\u00bbleft\u00bb align=\u00bbleft\u00bb]Nuestro principal objetivo es lograr la sustenibilidad a largo plazo del consumo de alimentos. Para ello, debemos centrarnos en las \u00e1reas clave: reducir los insumos necesarios para la producci\u00f3n, reducir la incertidumbre de la producci\u00f3n, mejorar la eficiencia log\u00edstica y reducir el desperdicio de&hellip;<\/p>\n","protected":false},"author":2,"featured_media":0,"parent":0,"menu_order":0,"comment_status":"closed","ping_status":"closed","template":"","meta":{"content-type":""},"_links":{"self":[{"href":"https:\/\/agranimo.com\/es\/wp-json\/wp\/v2\/pages\/5873\/"}],"collection":[{"href":"https:\/\/agranimo.com\/es\/wp-json\/wp\/v2\/pages\/"}],"about":[{"href":"https:\/\/agranimo.com\/es\/wp-json\/wp\/v2\/types\/page\/"}],"author":[{"embeddable":true,"href":"https:\/\/agranimo.com\/es\/wp-json\/wp\/v2\/users\/2\/"}],"replies":[{"embeddable":true,"href":"https:\/\/agranimo.com\/es\/wp-json\/wp\/v2\/comments\/?post=5873"}],"version-history":[{"count":10,"href":"https:\/\/agranimo.com\/es\/wp-json\/wp\/v2\/pages\/5873\/revisions\/"}],"predecessor-version":[{"id":6203,"href":"https:\/\/agranimo.com\/es\/wp-json\/wp\/v2\/pages\/5873\/revisions\/6203\/"}],"wp:attachment":[{"href":"https:\/\/agranimo.com\/es\/wp-json\/wp\/v2\/media\/?parent=5873"}],"curies":[{"name":"wp","href":"https:\/\/api.w.org\/{rel}","templated":true}]}}